{"id":10121,"date":"2025-11-30T14:48:58","date_gmt":"2025-11-30T11:48:58","guid":{"rendered":"https:\/\/research-says.com\/?page_id=10121"},"modified":"2026-02-19T10:02:07","modified_gmt":"2026-02-19T07:02:07","slug":"register-for-a-reading-workshop","status":"publish","type":"page","link":"https:\/\/research-says.com\/tr\/register-for-a-reading-workshop\/","title":{"rendered":"Register for a Reading Workshop"},"content":{"rendered":"<div class=\"everest-forms\"><div class=\"evf-container default\" id=\"evf-10120\"><form id=\"evf-form-10120\" class=\"everest-form\" data-formid=\"10120\" data-ajax_submission=\"0\" data-keyboard_friendly_form=\"0\" data-form_state_type=\"\" method=\"post\" enctype=\"multipart\/form-data\" action=\"\/tr\/wp-json\/wp\/v2\/pages\/10121\"><div class=\"evf-field-container\"><input type=\"hidden\" id=\"_wpnonce10120\" name=\"_wpnonce10120\" value=\"1a661219b8\" \/><input type=\"hidden\" name=\"_wp_http_referer\" value=\"\/tr\/wp-json\/wp\/v2\/pages\/10121\" \/><div class=\"evf-frontend-row\" data-row=\"row_1\" conditional_rules=\"[]\"><div class=\"evf-frontend-grid evf-grid-1\" data-grid=\"grid_1\"><div id=\"evf-10120-field_ys0GeZISRs-1-container\" class=\"evf-field evf-field-first-name form-row validate-required\" data-required-field-message=\"This field is required.\" data-field-id=\"ys0GeZISRs-1\"><label class=\"evf-field-label\" for=\"evf-10120-field_ys0GeZISRs-1\"><span class=\"evf-label\">Name<\/span> <abbr class=\"required\" title=\"Required\">*<\/abbr><\/label><input type=\"text\" id=\"evf-10120-field_ys0GeZISRs-1\" class=\"input-text\" name=\"everest_forms[form_fields][ys0GeZISRs-1]\" required><\/div><div id=\"evf-10120-field_LbH5NxasXM-2-container\" class=\"evf-field evf-field-email form-row validate-required validate-email\" data-required-field-message=\"Please enter a valid email address.\" data-field-id=\"LbH5NxasXM-2\"><label class=\"evf-field-label\" for=\"evf-10120-field_LbH5NxasXM-2\"><span class=\"evf-label\">Email<\/span> <abbr class=\"required\" title=\"Required\">*<\/abbr><\/label><input type=\"email\" id=\"evf-10120-field_LbH5NxasXM-2\" class=\"input-text\" name=\"everest_forms[form_fields][LbH5NxasXM-2]\" required ><div class=\"evf-field-description\">Remember to check your spam folder!<\/div><\/div><div id=\"evf-10120-field_3jA2LOXjfo-5-container\" class=\"evf-field evf-field-radio form-row\" data-field-id=\"3jA2LOXjfo-5\"><label class=\"evf-field-label\" for=\"evf-10120-field_3jA2LOXjfo-5\"><span class=\"evf-label\">What type of iELTS exam are you preparing for?<\/span> <\/label><ul id=\"evf-10120-field_3jA2LOXjfo-5\"><li class=\"choice-1 depth-1\"><input type=\"radio\" id=\"evf-10120-field_3jA2LOXjfo-5_1\" class=\"input-text\" name=\"everest_forms[form_fields][3jA2LOXjfo-5]\" value=\"Academic\"  ><label class=\"everest-forms-field-label-inline\" for=\"evf-10120-field_3jA2LOXjfo-5_1\">Academic<\/label><\/li><li class=\"choice-2 depth-1\"><input type=\"radio\" id=\"evf-10120-field_3jA2LOXjfo-5_2\" class=\"input-text\" name=\"everest_forms[form_fields][3jA2LOXjfo-5]\" value=\"General Training\"  ><label class=\"everest-forms-field-label-inline\" for=\"evf-10120-field_3jA2LOXjfo-5_2\">General Training<\/label><\/li><\/ul><\/div><div id=\"evf-10120-field_6ar4N1sOMx-6-container\" class=\"evf-field evf-field-radio form-row\" data-field-id=\"6ar4N1sOMx-6\"><label class=\"evf-field-label\" for=\"evf-10120-field_6ar4N1sOMx-6\"><span class=\"evf-label\">When are you planning to take your IELTS exam?<\/span> <\/label><ul id=\"evf-10120-field_6ar4N1sOMx-6\"><li class=\"choice-1 depth-1\"><input type=\"radio\" id=\"evf-10120-field_6ar4N1sOMx-6_1\" class=\"input-text\" name=\"everest_forms[form_fields][6ar4N1sOMx-6]\" value=\"In 2\u20133 weeks\"  ><label class=\"everest-forms-field-label-inline\" for=\"evf-10120-field_6ar4N1sOMx-6_1\">In 2\u20133 weeks<\/label><\/li><li class=\"choice-2 depth-1\"><input type=\"radio\" id=\"evf-10120-field_6ar4N1sOMx-6_2\" class=\"input-text\" name=\"everest_forms[form_fields][6ar4N1sOMx-6]\" value=\"In 4\u20136 weeks\"  ><label class=\"everest-forms-field-label-inline\" for=\"evf-10120-field_6ar4N1sOMx-6_2\">In 4\u20136 weeks<\/label><\/li><li class=\"choice-3 depth-1\"><input type=\"radio\" id=\"evf-10120-field_6ar4N1sOMx-6_3\" class=\"input-text\" name=\"everest_forms[form_fields][6ar4N1sOMx-6]\" value=\"In 2 months or more\"  ><label class=\"everest-forms-field-label-inline\" for=\"evf-10120-field_6ar4N1sOMx-6_3\">In 2 months or more<\/label><\/li><li class=\"choice-4 depth-1\"><input type=\"radio\" id=\"evf-10120-field_6ar4N1sOMx-6_4\" class=\"input-text\" name=\"everest_forms[form_fields][6ar4N1sOMx-6]\" value=\"I am not sure\"  ><label class=\"everest-forms-field-label-inline\" for=\"evf-10120-field_6ar4N1sOMx-6_4\">I am not sure<\/label><\/li><\/ul><\/div><div id=\"evf-10120-field_fIkrHrIWTU-7-container\" class=\"evf-field evf-field-text form-row\" data-field-id=\"fIkrHrIWTU-7\"><label class=\"evf-field-label\" for=\"evf-10120-field_fIkrHrIWTU-7\"><span class=\"evf-label\">What do you need help with?<\/span> <\/label><input type=\"text\" id=\"evf-10120-field_fIkrHrIWTU-7\" class=\"input-text\" name=\"everest_forms[form_fields][fIkrHrIWTU-7]\" ><\/div><\/div><\/div><\/div><div class=\"evf-honeypot-container evf-field-hp\"><label for=\"evf-10120-field-hp\" class=\"evf-field-label\">Email<\/label><input type=\"text\" name=\"everest_forms[hp]\" id=\"evf-10120-field-hp\" class=\"input-text\"><\/div><div class=\"evf-submit-container \" ><input type=\"hidden\" name=\"everest_forms[id]\" value=\"10120\"><input type=\"hidden\" name=\"everest_forms[author]\" value=\"1\"><button type='submit' name='everest_forms[submit]' class='everest-forms-submit-button button evf-submit ' id='evf-submit-10120' value='evf-submit' data-process-text=\"Processing\u2026\" conditional_rules='&quot;&quot;' conditional_id='evf-submit-10120'  id=\"evf-submit-10120\" aria-live=\"assertive\">Submit<\/button><\/div><\/form><\/div><!-- .evf-container --><\/div>\n","protected":false},"excerpt":{"rendered":"","protected":false},"author":1,"featured_media":0,"parent":0,"menu_order":0,"comment_status":"closed","ping_status":"closed","template":"","meta":{"footnotes":""},"class_list":["post-10121","page","type-page","status-publish","hentry"],"yoast_head":"<!-- This site is optimized with the Yoast SEO plugin v27.3 - https:\/\/yoast.com\/product\/yoast-seo-wordpress\/ -->\n<title>Register for a Reading Workshop - Language Education &amp; Consultancy<\/title>\n<meta name=\"robots\" content=\"index, follow, max-snippet:-1, max-image-preview:large, max-video-preview:-1\" \/>\n<link rel=\"canonical\" href=\"https:\/\/research-says.com\/tr\/register-for-a-reading-workshop\/\" \/>\n<meta property=\"og:locale\" content=\"tr_TR\" \/>\n<meta property=\"og:type\" content=\"article\" \/>\n<meta property=\"og:title\" content=\"Register for a Reading Workshop - Language Education &amp; Consultancy\" \/>\n<meta property=\"og:url\" content=\"https:\/\/research-says.com\/tr\/register-for-a-reading-workshop\/\" \/>\n<meta property=\"og:site_name\" content=\"Language Education &amp; Consultancy\" \/>\n<meta property=\"article:publisher\" content=\"https:\/\/www.facebook.com\/reliableeducationservices\/notifications\/\" \/>\n<meta property=\"article:modified_time\" content=\"2026-02-19T07:02:07+00:00\" \/>\n<meta property=\"og:image\" content=\"https:\/\/research-says.com\/wp-content\/uploads\/2019\/11\/cropped-cropped-cropped-cropped-Student-Teacher-B-W-resized-1.jpg\" \/>\n\t<meta property=\"og:image:width\" content=\"1000\" \/>\n\t<meta property=\"og:image:height\" content=\"625\" \/>\n\t<meta property=\"og:image:type\" content=\"image\/jpeg\" \/>\n<meta name=\"twitter:card\" content=\"summary_large_image\" \/>\n<meta name=\"twitter:site\" content=\"@guveniliregitim\" \/>\n<meta name=\"twitter:label1\" content=\"Tahmini okuma s\u00fcresi\" \/>\n\t<meta name=\"twitter:data1\" content=\"1 dakika\" \/>\n<script type=\"application\/ld+json\" class=\"yoast-schema-graph\">{\"@context\":\"https:\\\/\\\/schema.org\",\"@graph\":[{\"@type\":\"WebPage\",\"@id\":\"https:\\\/\\\/research-says.com\\\/register-for-a-reading-workshop\\\/\",\"url\":\"https:\\\/\\\/research-says.com\\\/register-for-a-reading-workshop\\\/\",\"name\":\"Register for a Reading Workshop - Language Education &amp; Consultancy\",\"isPartOf\":{\"@id\":\"https:\\\/\\\/research-says.com\\\/#website\"},\"datePublished\":\"2025-11-30T11:48:58+00:00\",\"dateModified\":\"2026-02-19T07:02:07+00:00\",\"breadcrumb\":{\"@id\":\"https:\\\/\\\/research-says.com\\\/register-for-a-reading-workshop\\\/#breadcrumb\"},\"inLanguage\":\"tr\",\"potentialAction\":[{\"@type\":\"ReadAction\",\"target\":[\"https:\\\/\\\/research-says.com\\\/register-for-a-reading-workshop\\\/\"]}]},{\"@type\":\"BreadcrumbList\",\"@id\":\"https:\\\/\\\/research-says.com\\\/register-for-a-reading-workshop\\\/#breadcrumb\",\"itemListElement\":[{\"@type\":\"ListItem\",\"position\":1,\"name\":\"Home\",\"item\":\"https:\\\/\\\/research-says.com\\\/\"},{\"@type\":\"ListItem\",\"position\":2,\"name\":\"Register for a Reading Workshop\"}]},{\"@type\":\"WebSite\",\"@id\":\"https:\\\/\\\/research-says.com\\\/#website\",\"url\":\"https:\\\/\\\/research-says.com\\\/\",\"name\":\"Language Education &amp; Consultancy\",\"description\":\"Sharper Language. Stronger Communication.\",\"publisher\":{\"@id\":\"https:\\\/\\\/research-says.com\\\/#organization\"},\"potentialAction\":[{\"@type\":\"SearchAction\",\"target\":{\"@type\":\"EntryPoint\",\"urlTemplate\":\"https:\\\/\\\/research-says.com\\\/?s={search_term_string}\"},\"query-input\":{\"@type\":\"PropertyValueSpecification\",\"valueRequired\":true,\"valueName\":\"search_term_string\"}}],\"inLanguage\":\"tr\"},{\"@type\":\"Organization\",\"@id\":\"https:\\\/\\\/research-says.com\\\/#organization\",\"name\":\"Compleat English\",\"alternateName\":\"IELTS Writing\",\"url\":\"https:\\\/\\\/research-says.com\\\/\",\"logo\":{\"@type\":\"ImageObject\",\"inLanguage\":\"tr\",\"@id\":\"https:\\\/\\\/research-says.com\\\/#\\\/schema\\\/logo\\\/image\\\/\",\"url\":\"https:\\\/\\\/research-says.com\\\/wp-content\\\/uploads\\\/2026\\\/03\\\/cropped-cropped-plain-logo-e1772516744844.png\",\"contentUrl\":\"https:\\\/\\\/research-says.com\\\/wp-content\\\/uploads\\\/2026\\\/03\\\/cropped-cropped-plain-logo-e1772516744844.png\",\"width\":150,\"height\":163,\"caption\":\"Compleat English\"},\"image\":{\"@id\":\"https:\\\/\\\/research-says.com\\\/#\\\/schema\\\/logo\\\/image\\\/\"},\"sameAs\":[\"https:\\\/\\\/www.facebook.com\\\/reliableeducationservices\\\/notifications\\\/\",\"https:\\\/\\\/x.com\\\/guveniliregitim\",\"https:\\\/\\\/www.instagram.com\\\/guveniliregitimhizmetleri\\\/\"]}]}<\/script>\n<!-- \/ Yoast SEO plugin. -->","yoast_head_json":{"title":"Register for a Reading Workshop - Language Education &amp; Consultancy","robots":{"index":"index","follow":"follow","max-snippet":"max-snippet:-1","max-image-preview":"max-image-preview:large","max-video-preview":"max-video-preview:-1"},"canonical":"https:\/\/research-says.com\/tr\/register-for-a-reading-workshop\/","og_locale":"tr_TR","og_type":"article","og_title":"Register for a Reading Workshop - Language Education &amp; Consultancy","og_url":"https:\/\/research-says.com\/tr\/register-for-a-reading-workshop\/","og_site_name":"Language Education &amp; Consultancy","article_publisher":"https:\/\/www.facebook.com\/reliableeducationservices\/notifications\/","article_modified_time":"2026-02-19T07:02:07+00:00","og_image":[{"width":1000,"height":625,"url":"https:\/\/research-says.com\/wp-content\/uploads\/2019\/11\/cropped-cropped-cropped-cropped-Student-Teacher-B-W-resized-1.jpg","type":"image\/jpeg"}],"twitter_card":"summary_large_image","twitter_site":"@guveniliregitim","twitter_misc":{"Tahmini okuma s\u00fcresi":"1 dakika"},"schema":{"@context":"https:\/\/schema.org","@graph":[{"@type":"WebPage","@id":"https:\/\/research-says.com\/register-for-a-reading-workshop\/","url":"https:\/\/research-says.com\/register-for-a-reading-workshop\/","name":"Register for a Reading Workshop - Language Education &amp; Consultancy","isPartOf":{"@id":"https:\/\/research-says.com\/#website"},"datePublished":"2025-11-30T11:48:58+00:00","dateModified":"2026-02-19T07:02:07+00:00","breadcrumb":{"@id":"https:\/\/research-says.com\/register-for-a-reading-workshop\/#breadcrumb"},"inLanguage":"tr","potentialAction":[{"@type":"ReadAction","target":["https:\/\/research-says.com\/register-for-a-reading-workshop\/"]}]},{"@type":"BreadcrumbList","@id":"https:\/\/research-says.com\/register-for-a-reading-workshop\/#breadcrumb","itemListElement":[{"@type":"ListItem","position":1,"name":"Home","item":"https:\/\/research-says.com\/"},{"@type":"ListItem","position":2,"name":"Register for a Reading Workshop"}]},{"@type":"WebSite","@id":"https:\/\/research-says.com\/#website","url":"https:\/\/research-says.com\/","name":"Dil E\u011fitimi ve Dan\u0131\u015fmanl\u0131k","description":"Daha Etkili Dil. Daha G\u00fc\u00e7l\u00fc \u0130leti\u015fim.","publisher":{"@id":"https:\/\/research-says.com\/#organization"},"potentialAction":[{"@type":"SearchAction","target":{"@type":"EntryPoint","urlTemplate":"https:\/\/research-says.com\/?s={search_term_string}"},"query-input":{"@type":"PropertyValueSpecification","valueRequired":true,"valueName":"search_term_string"}}],"inLanguage":"tr"},{"@type":"Organization","@id":"https:\/\/research-says.com\/#organization","name":"Compleat English","alternateName":"IELTS Writing","url":"https:\/\/research-says.com\/","logo":{"@type":"ImageObject","inLanguage":"tr","@id":"https:\/\/research-says.com\/#\/schema\/logo\/image\/","url":"https:\/\/research-says.com\/wp-content\/uploads\/2026\/03\/cropped-cropped-plain-logo-e1772516744844.png","contentUrl":"https:\/\/research-says.com\/wp-content\/uploads\/2026\/03\/cropped-cropped-plain-logo-e1772516744844.png","width":150,"height":163,"caption":"Compleat English"},"image":{"@id":"https:\/\/research-says.com\/#\/schema\/logo\/image\/"},"sameAs":["https:\/\/www.facebook.com\/reliableeducationservices\/notifications\/","https:\/\/x.com\/guveniliregitim","https:\/\/www.instagram.com\/guveniliregitimhizmetleri\/"]}]}},"_links":{"self":[{"href":"https:\/\/research-says.com\/tr\/wp-json\/wp\/v2\/pages\/10121","targetHints":{"allow":["GET"]}}],"collection":[{"href":"https:\/\/research-says.com\/tr\/wp-json\/wp\/v2\/pages"}],"about":[{"href":"https:\/\/research-says.com\/tr\/wp-json\/wp\/v2\/types\/page"}],"author":[{"embeddable":true,"href":"https:\/\/research-says.com\/tr\/wp-json\/wp\/v2\/users\/1"}],"replies":[{"embeddable":true,"href":"https:\/\/research-says.com\/tr\/wp-json\/wp\/v2\/comments?post=10121"}],"version-history":[{"count":19,"href":"https:\/\/research-says.com\/tr\/wp-json\/wp\/v2\/pages\/10121\/revisions"}],"predecessor-version":[{"id":11554,"href":"https:\/\/research-says.com\/tr\/wp-json\/wp\/v2\/pages\/10121\/revisions\/11554"}],"wp:attachment":[{"href":"https:\/\/research-says.com\/tr\/wp-json\/wp\/v2\/media?parent=10121"}],"curies":[{"name":"wp","href":"https:\/\/api.w.org\/{rel}","templated":true}]}}