{"id":10175,"date":"2025-12-01T13:08:37","date_gmt":"2025-12-01T10:08:37","guid":{"rendered":"https:\/\/research-says.com\/?page_id=10175"},"modified":"2025-12-11T08:48:30","modified_gmt":"2025-12-11T05:48:30","slug":"podcasts","status":"publish","type":"page","link":"https:\/\/research-says.com\/tr\/podcasts\/","title":{"rendered":"Podcastler"},"content":{"rendered":"<!--nextpage-->\n\n\n\n<h2 class=\"wp-block-heading\"><strong>Anla\u015f\u0131l\u0131r \u0130ngilizcede Ustala\u015fmak: Kesinlik, \u00dcslup ve Daha \u0130yi Yazma<\/strong><\/h2>\n\n\n\n<h3 class=\"wp-block-heading\"><strong>Research-Says Yazarl\u0131k Kursunun \u0130\u00e7inde<\/strong><br><\/h3>\n\n\n\n<p>E\u011fer arad\u0131\u011f\u0131n\u0131z <em>\u0130ngilizce podcastler<\/em> Bu b\u00f6l\u00fcmde Research-Says Yazma Kursuna net bir bak\u0131\u015f atacaks\u0131n\u0131z. Kursun basit bir amac\u0131 var: \u00d6\u011frencilerin belirsiz, ezberlenmi\u015f \u015fablonlar\u0131n \u00f6tesine ge\u00e7melerine ve netlik ve ama\u00e7la yazmalar\u0131na yard\u0131mc\u0131 olmak.<\/p>\n\n\n\n<p>Ba\u015flang\u0131\u00e7 olarak, bir\u00e7ok yazar\u0131n kar\u015f\u0131la\u015ft\u0131\u011f\u0131 ger\u00e7ek sorunlardan bahsediyoruz. Fikirler odaklanmam\u0131\u015f hissedilir. Paragraflar s\u00fcr\u00fckleniyor. Dil, etki yaratmak i\u00e7in fazla genel kal\u0131yor. Bu sorunlar genellikle yazman\u0131n bir d\u00fc\u015f\u00fcnme s\u00fcreci yerine sabit bir form\u00fcl olarak \u00f6\u011fretilmesi nedeniyle ortaya \u00e7\u0131k\u0131yor. Bu nedenle bizim yakla\u015f\u0131m\u0131m\u0131z netli\u011fi, ak\u0131l y\u00fcr\u00fctmeyi ve kesin kelimeleri merkeze koyuyor.<\/p>\n\n\n\n<p>Ard\u0131ndan, kursun temel ilkelerini g\u00f6zden ge\u00e7iriyoruz. \u00d6\u011frencilerin nas\u0131l daha keskin fikirler geli\u015ftirdiklerini, daha g\u00fc\u00e7l\u00fc kelimeler se\u00e7tiklerini ve bir iddiay\u0131 ger\u00e7ekten destekleyen paragraflar olu\u015fturduklar\u0131n\u0131 duyacaks\u0131n\u0131z. \u0130ster IELTS'e haz\u0131rlan\u0131yor, ister \u00fcniversite kompozisyonlar\u0131 \u00fczerinde \u00e7al\u0131\u015f\u0131yor ya da profesyonel yaz\u0131m\u0131n\u0131z\u0131 geli\u015ftiriyor olun, stratejileri hemen uygulayabilmeniz i\u00e7in k\u0131sa \u00f6rnekler de payla\u015f\u0131yoruz.<\/p>\n\n\n\n<p>Daha sonra \u00f6zg\u00fcven konusuna ge\u00e7iyoruz. Yazma kayg\u0131s\u0131 yayg\u0131nd\u0131r ve insanlar\u0131n fark etti\u011finden daha fazla ilerlemeyi etkiler. Bu nedenle kurs, yazma s\u00fcrecini net ve y\u00f6netilebilir ad\u0131mlara ay\u0131r\u0131yor. Rehberlik ve pratikle \u00f6\u011frenciler kontrol duygusu kazan\u0131yor ve zaman i\u00e7inde daha g\u00fc\u00e7l\u00fc al\u0131\u015fkanl\u0131klar geli\u015ftiriyor.<\/p>\n\n\n\n<p>B\u00f6l\u00fcm\u00fcn sonunda, Research-Says Writing Course'un \u0130ngilizce podcast'lerimizde tart\u0131\u015ft\u0131\u011f\u0131m\u0131z her \u015feyle nas\u0131l ba\u011flant\u0131l\u0131 oldu\u011funu g\u00f6receksiniz: kesin bir dil, net d\u00fc\u015f\u00fcnme ve ger\u00e7ek anlay\u0131\u015f\u0131 yans\u0131tan yaz\u0131lar. Daha yap\u0131c\u0131, net ve \u00f6zg\u00fcvenli yazmak istiyorsan\u0131z, bu konu\u015fma kursun bu yolculu\u011fu nas\u0131l destekleyebilece\u011fini g\u00f6steriyor.<\/p>\n\n\n\n<figure class=\"wp-block-embed is-type-video is-provider-youtube wp-block-embed-youtube wp-embed-aspect-4-3 wp-has-aspect-ratio\"><div class=\"wp-block-embed__wrapper\">\n<iframe loading=\"lazy\" title=\"Neden 6-6.5 band\u0131nda s\u0131k\u0131\u015f\u0131p kald\u0131m?\" width=\"640\" height=\"480\" src=\"https:\/\/www.youtube.com\/embed\/xZBxKC_HBaA?feature=oembed\" frameborder=\"0\" allow=\"accelerometer; autoplay; clipboard-write; encrypted-media; gyroscope; picture-in-picture; web-share\" referrerpolicy=\"strict-origin-when-cross-origin\" allowfullscreen><\/iframe>\n<\/div><\/figure>","protected":false},"excerpt":{"rendered":"<p>Mastering Clear English: Precision, Style, and Better Writing Inside the Research-Says Writing Course If you\u2019re looking for English podcasts that actually strengthen your writing, this episode gives you a clear look inside the Research-Says Writing Course. The course has a simple aim: help learners move beyond vague, memorised templates and write with clarity and purpose. [&hellip;]<\/p>\n","protected":false},"author":1,"featured_media":10176,"parent":0,"menu_order":0,"comment_status":"closed","ping_status":"closed","template":"","meta":{"footnotes":""},"class_list":["post-10175","page","type-page","status-publish","has-post-thumbnail","hentry"],"yoast_head":"<!-- This site is optimized with the Yoast SEO plugin v27.3 - https:\/\/yoast.com\/product\/yoast-seo-wordpress\/ -->\n<title>English Podcasts with Research-Says<\/title>\n<meta name=\"description\" content=\"Explore top English podcasts designed to boost your English skills, from academic language to everyday conversations.\" \/>\n<meta name=\"robots\" content=\"index, follow, max-snippet:-1, max-image-preview:large, max-video-preview:-1\" \/>\n<link rel=\"canonical\" href=\"https:\/\/research-says.com\/tr\/podcasts\/\" \/>\n<link rel=\"next\" href=\"https:\/\/research-says.com\/podcasts\/2\/\" \/>\n<meta property=\"og:locale\" content=\"tr_TR\" \/>\n<meta property=\"og:type\" content=\"article\" \/>\n<meta property=\"og:title\" content=\"English Podcasts with Research-Says\" \/>\n<meta property=\"og:description\" content=\"Explore top English podcasts designed to boost your English skills, from academic language to everyday conversations.\" \/>\n<meta property=\"og:url\" content=\"https:\/\/research-says.com\/tr\/podcasts\/\" \/>\n<meta property=\"og:site_name\" content=\"Language Education &amp; Consultancy\" \/>\n<meta property=\"article:publisher\" content=\"https:\/\/www.facebook.com\/reliableeducationservices\/notifications\/\" \/>\n<meta property=\"article:modified_time\" content=\"2025-12-11T05:48:30+00:00\" \/>\n<meta property=\"og:image\" content=\"https:\/\/research-says.com\/wp-content\/uploads\/2025\/12\/Radio-Show.png\" \/>\n\t<meta property=\"og:image:width\" content=\"1024\" \/>\n\t<meta property=\"og:image:height\" content=\"1024\" \/>\n\t<meta property=\"og:image:type\" content=\"image\/png\" \/>\n<meta name=\"twitter:card\" content=\"summary_large_image\" \/>\n<meta name=\"twitter:site\" content=\"@guveniliregitim\" \/>\n<meta name=\"twitter:label1\" content=\"Tahmini okuma s\u00fcresi\" \/>\n\t<meta name=\"twitter:data1\" content=\"2 dakika\" \/>\n<script type=\"application\/ld+json\" class=\"yoast-schema-graph\">{\"@context\":\"https:\\\/\\\/schema.org\",\"@graph\":[{\"@type\":\"WebPage\",\"@id\":\"https:\\\/\\\/research-says.com\\\/podcasts\\\/\",\"url\":\"https:\\\/\\\/research-says.com\\\/podcasts\\\/\",\"name\":\"English Podcasts with Research-Says\",\"isPartOf\":{\"@id\":\"https:\\\/\\\/research-says.com\\\/#website\"},\"primaryImageOfPage\":{\"@id\":\"https:\\\/\\\/research-says.com\\\/podcasts\\\/#primaryimage\"},\"image\":{\"@id\":\"https:\\\/\\\/research-says.com\\\/podcasts\\\/#primaryimage\"},\"thumbnailUrl\":\"https:\\\/\\\/research-says.com\\\/wp-content\\\/uploads\\\/2025\\\/12\\\/Radio-Show.png\",\"datePublished\":\"2025-12-01T10:08:37+00:00\",\"dateModified\":\"2025-12-11T05:48:30+00:00\",\"description\":\"Explore top English podcasts designed to boost your English skills, from academic language to everyday conversations.\",\"inLanguage\":\"tr\",\"potentialAction\":[{\"@type\":\"ReadAction\",\"target\":[\"https:\\\/\\\/research-says.com\\\/podcasts\\\/\"]}]},{\"@type\":\"ImageObject\",\"inLanguage\":\"tr\",\"@id\":\"https:\\\/\\\/research-says.com\\\/podcasts\\\/#primaryimage\",\"url\":\"https:\\\/\\\/research-says.com\\\/wp-content\\\/uploads\\\/2025\\\/12\\\/Radio-Show.png\",\"contentUrl\":\"https:\\\/\\\/research-says.com\\\/wp-content\\\/uploads\\\/2025\\\/12\\\/Radio-Show.png\",\"width\":1024,\"height\":1024,\"caption\":\"english podcasts\"},{\"@type\":\"WebSite\",\"@id\":\"https:\\\/\\\/research-says.com\\\/#website\",\"url\":\"https:\\\/\\\/research-says.com\\\/\",\"name\":\"Language Education &amp; Consultancy\",\"description\":\"Sharper Language. Stronger Communication.\",\"publisher\":{\"@id\":\"https:\\\/\\\/research-says.com\\\/#organization\"},\"potentialAction\":[{\"@type\":\"SearchAction\",\"target\":{\"@type\":\"EntryPoint\",\"urlTemplate\":\"https:\\\/\\\/research-says.com\\\/?s={search_term_string}\"},\"query-input\":{\"@type\":\"PropertyValueSpecification\",\"valueRequired\":true,\"valueName\":\"search_term_string\"}}],\"inLanguage\":\"tr\"},{\"@type\":\"Organization\",\"@id\":\"https:\\\/\\\/research-says.com\\\/#organization\",\"name\":\"Compleat English\",\"alternateName\":\"IELTS Writing\",\"url\":\"https:\\\/\\\/research-says.com\\\/\",\"logo\":{\"@type\":\"ImageObject\",\"inLanguage\":\"tr\",\"@id\":\"https:\\\/\\\/research-says.com\\\/#\\\/schema\\\/logo\\\/image\\\/\",\"url\":\"https:\\\/\\\/research-says.com\\\/wp-content\\\/uploads\\\/2026\\\/03\\\/cropped-cropped-plain-logo-e1772516744844.png\",\"contentUrl\":\"https:\\\/\\\/research-says.com\\\/wp-content\\\/uploads\\\/2026\\\/03\\\/cropped-cropped-plain-logo-e1772516744844.png\",\"width\":150,\"height\":163,\"caption\":\"Compleat English\"},\"image\":{\"@id\":\"https:\\\/\\\/research-says.com\\\/#\\\/schema\\\/logo\\\/image\\\/\"},\"sameAs\":[\"https:\\\/\\\/www.facebook.com\\\/reliableeducationservices\\\/notifications\\\/\",\"https:\\\/\\\/x.com\\\/guveniliregitim\",\"https:\\\/\\\/www.instagram.com\\\/guveniliregitimhizmetleri\\\/\"]}]}<\/script>\n<!-- \/ Yoast SEO plugin. -->","yoast_head_json":{"title":"English Podcasts with Research-Says","description":"Explore top English podcasts designed to boost your English skills, from academic language to everyday conversations.","robots":{"index":"index","follow":"follow","max-snippet":"max-snippet:-1","max-image-preview":"max-image-preview:large","max-video-preview":"max-video-preview:-1"},"canonical":"https:\/\/research-says.com\/tr\/podcasts\/","next":"https:\/\/research-says.com\/podcasts\/2\/","og_locale":"tr_TR","og_type":"article","og_title":"English Podcasts with Research-Says","og_description":"Explore top English podcasts designed to boost your English skills, from academic language to everyday conversations.","og_url":"https:\/\/research-says.com\/tr\/podcasts\/","og_site_name":"Language Education &amp; Consultancy","article_publisher":"https:\/\/www.facebook.com\/reliableeducationservices\/notifications\/","article_modified_time":"2025-12-11T05:48:30+00:00","og_image":[{"width":1024,"height":1024,"url":"https:\/\/research-says.com\/wp-content\/uploads\/2025\/12\/Radio-Show.png","type":"image\/png"}],"twitter_card":"summary_large_image","twitter_site":"@guveniliregitim","twitter_misc":{"Tahmini okuma s\u00fcresi":"2 dakika"},"schema":{"@context":"https:\/\/schema.org","@graph":[{"@type":"WebPage","@id":"https:\/\/research-says.com\/podcasts\/","url":"https:\/\/research-says.com\/podcasts\/","name":"English Podcasts with Research-Says","isPartOf":{"@id":"https:\/\/research-says.com\/#website"},"primaryImageOfPage":{"@id":"https:\/\/research-says.com\/podcasts\/#primaryimage"},"image":{"@id":"https:\/\/research-says.com\/podcasts\/#primaryimage"},"thumbnailUrl":"https:\/\/research-says.com\/wp-content\/uploads\/2025\/12\/Radio-Show.png","datePublished":"2025-12-01T10:08:37+00:00","dateModified":"2025-12-11T05:48:30+00:00","description":"Explore top English podcasts designed to boost your English skills, from academic language to everyday conversations.","inLanguage":"tr","potentialAction":[{"@type":"ReadAction","target":["https:\/\/research-says.com\/podcasts\/"]}]},{"@type":"ImageObject","inLanguage":"tr","@id":"https:\/\/research-says.com\/podcasts\/#primaryimage","url":"https:\/\/research-says.com\/wp-content\/uploads\/2025\/12\/Radio-Show.png","contentUrl":"https:\/\/research-says.com\/wp-content\/uploads\/2025\/12\/Radio-Show.png","width":1024,"height":1024,"caption":"english podcasts"},{"@type":"WebSite","@id":"https:\/\/research-says.com\/#website","url":"https:\/\/research-says.com\/","name":"Dil E\u011fitimi ve Dan\u0131\u015fmanl\u0131k","description":"Daha Etkili Dil. Daha G\u00fc\u00e7l\u00fc \u0130leti\u015fim.","publisher":{"@id":"https:\/\/research-says.com\/#organization"},"potentialAction":[{"@type":"SearchAction","target":{"@type":"EntryPoint","urlTemplate":"https:\/\/research-says.com\/?s={search_term_string}"},"query-input":{"@type":"PropertyValueSpecification","valueRequired":true,"valueName":"search_term_string"}}],"inLanguage":"tr"},{"@type":"Organization","@id":"https:\/\/research-says.com\/#organization","name":"Compleat English","alternateName":"IELTS Writing","url":"https:\/\/research-says.com\/","logo":{"@type":"ImageObject","inLanguage":"tr","@id":"https:\/\/research-says.com\/#\/schema\/logo\/image\/","url":"https:\/\/research-says.com\/wp-content\/uploads\/2026\/03\/cropped-cropped-plain-logo-e1772516744844.png","contentUrl":"https:\/\/research-says.com\/wp-content\/uploads\/2026\/03\/cropped-cropped-plain-logo-e1772516744844.png","width":150,"height":163,"caption":"Compleat English"},"image":{"@id":"https:\/\/research-says.com\/#\/schema\/logo\/image\/"},"sameAs":["https:\/\/www.facebook.com\/reliableeducationservices\/notifications\/","https:\/\/x.com\/guveniliregitim","https:\/\/www.instagram.com\/guveniliregitimhizmetleri\/"]}]}},"_links":{"self":[{"href":"https:\/\/research-says.com\/tr\/wp-json\/wp\/v2\/pages\/10175","targetHints":{"allow":["GET"]}}],"collection":[{"href":"https:\/\/research-says.com\/tr\/wp-json\/wp\/v2\/pages"}],"about":[{"href":"https:\/\/research-says.com\/tr\/wp-json\/wp\/v2\/types\/page"}],"author":[{"embeddable":true,"href":"https:\/\/research-says.com\/tr\/wp-json\/wp\/v2\/users\/1"}],"replies":[{"embeddable":true,"href":"https:\/\/research-says.com\/tr\/wp-json\/wp\/v2\/comments?post=10175"}],"version-history":[{"count":15,"href":"https:\/\/research-says.com\/tr\/wp-json\/wp\/v2\/pages\/10175\/revisions"}],"predecessor-version":[{"id":10274,"href":"https:\/\/research-says.com\/tr\/wp-json\/wp\/v2\/pages\/10175\/revisions\/10274"}],"wp:featuredmedia":[{"embeddable":true,"href":"https:\/\/research-says.com\/tr\/wp-json\/wp\/v2\/media\/10176"}],"wp:attachment":[{"href":"https:\/\/research-says.com\/tr\/wp-json\/wp\/v2\/media?parent=10175"}],"curies":[{"name":"wp","href":"https:\/\/api.w.org\/{rel}","templated":true}]}}