{"id":11482,"date":"2026-02-18T20:07:27","date_gmt":"2026-02-18T17:07:27","guid":{"rendered":"https:\/\/research-says.com\/?page_id=11482"},"modified":"2026-02-21T11:46:30","modified_gmt":"2026-02-21T08:46:30","slug":"distance-sales-agreement","status":"publish","type":"page","link":"https:\/\/research-says.com\/tr\/distance-sales-agreement\/","title":{"rendered":"MESAFEL\u0130 SATI\u015e S\u00d6ZLE\u015eMES\u0130"},"content":{"rendered":"<h2 class=\"wp-block-heading\"><strong>1. Taraflar<\/strong><\/h2>\n\n\n\n<p><strong>Seller (Service Provider):<\/strong><\/p>\n\n\n\n<p>Dr. Angelica Fulga<\/p>\n\n\n\n<p>K\u00fc\u00e7\u00fckbakkalk\u00f6y Mah. Dereboyu Cad. R5 Blok No: 3A<\/p>\n\n\n\n<p>\u0130\u00e7 Kap\u0131 No: 48<\/p>\n\n\n\n<p>Ata\u015fehir \/ Istanbul, T\u00fcrkiye<\/p>\n\n\n\n<p>E-posta <span \n                data-original-string='vpQTgxeMTVKMqVR2JYhQlA==a8aXREWBI70FvkGChC1U4k3Vl7XeXEvn2Ovb+HXPAynsGo='\n                class='apbct-email-encoder'\n                title='This contact has been encoded by Anti-Spam by CleanTalk. Click to decode. To finish the decoding make sure that JavaScript is enabled in your browser.'>i\u00e7inde<span class=\"apbct-blur\">**<\/span>@<span class=\"apbct-blur\">***********<\/span>ys.com<\/span><\/p>\n\n\n\n<p>Bundan sonra \u201cSat\u0131c\u0131\u201d olarak an\u0131lacakt\u0131r.<\/p>\n\n\n\n<p><strong>Al\u0131c\u0131 (T\u00fcketici):<\/strong><\/p>\n\n\n\n<p>Web sitesi \u00fczerinden hizmet sat\u0131n alan ger\u00e7ek ki\u015fi.<\/p>\n\n\n\n<p>Bundan sonra \u201cAl\u0131c\u0131\u201d olarak an\u0131lacakt\u0131r.<\/p>\n\n\n\n<h2 class=\"wp-block-heading\"><strong>2. S\u00f6zle\u015fmenin Konusu<\/strong><\/h2>\n\n\n\n<p>\u0130\u015fbu s\u00f6zle\u015fme, Al\u0131c\u0131\u2019n\u0131n Sat\u0131c\u0131\u2019ya ait https:\/\/research-says.com internet sitesi \u00fczerinden elektronik ortamda sat\u0131n ald\u0131\u011f\u0131 dijital e\u011fitim hizmetleri, canl\u0131 grup dersleri, bireysel d\u00fczenleme (editing) hizmetleri ve\/veya indirilebilir dijital i\u00e7eriklere ili\u015fkin hak ve y\u00fck\u00fcml\u00fcl\u00fckleri d\u00fczenler.<\/p>\n\n\n\n<p>Sunulan hizmetler, fiziki mal teslimini i\u00e7ermemektedir.<\/p>\n\n\n\n<h2 class=\"wp-block-heading\"><strong>3. Hizmetin Niteli\u011fi<\/strong><\/h2>\n\n\n\n<p>Sat\u0131c\u0131 a\u015fa\u011f\u0131daki hizmetleri sunmaktad\u0131r:<\/p>\n\n\n\n<ul class=\"wp-block-list\">\n<li>Online dil ve yazma becerileri kurslar\u0131<\/li>\n\n\n\n<li>Canl\u0131 grup dersleri<\/li>\n\n\n\n<li>S\u0131nav haz\u0131rl\u0131k programlar\u0131<\/li>\n\n\n\n<li>Bireysel editing ve yaz\u0131 d\u00fczenleme hizmetleri<\/li>\n\n\n\n<li>Dijital i\u00e7erik ve e\u011fitim materyalleri<\/li>\n<\/ul>\n\n\n\n<blockquote class=\"wp-block-quote is-layout-flow wp-block-quote-is-layout-flow\">\n<p>Hizmetler, ilgili programa ba\u011fl\u0131 olarak \u00e7evrim i\u00e7i, dijital ortamda veya y\u00fcz y\u00fcze sunulabilir.<\/p>\n<\/blockquote>\n\n\n\n<h2 class=\"wp-block-heading\"><strong>4. \u00d6deme ve \u0130fa<\/strong><\/h2>\n\n\n\n<p>\u00d6deme, internet sitesi \u00fczerinden elektronik ortamda ger\u00e7ekle\u015ftirilir ve iyzico altyap\u0131s\u0131 \u00fczerinden tahsil edilir.<\/p>\n\n\n\n<p>Hizmetin ifas\u0131:<\/p>\n\n\n\n<ul class=\"wp-block-list\">\n<li>Canl\u0131 grup kurslar\u0131nda, belirtilen ba\u015flang\u0131\u00e7 tarihinde<\/li>\n\n\n\n<li>Editing hizmetlerinde, dosyan\u0131n teslim al\u0131nmas\u0131n\u0131 takiben<\/li>\n\n\n\n<li>Dijital i\u00e7eriklerde, \u00f6deme sonras\u0131 eri\u015fim sa\u011flanmas\u0131yla ba\u015flar<\/li>\n<\/ul>\n\n\n\n<h2 class=\"wp-block-heading\"><strong>5. Cayma Hakk\u0131 ve \u0130ptal Ko\u015fullar\u0131<\/strong><\/h2>\n\n\n\n<h3 class=\"wp-block-heading\"><strong>5.1 Canl\u0131 Grup Kurslar\u0131<\/strong><\/h3>\n\n\n\n<p>Al\u0131c\u0131, kurs ba\u015flang\u0131\u00e7 tarihinden en az 7 g\u00fcn \u00f6nce yaz\u0131l\u0131 bildirimde bulunmak kayd\u0131yla kayd\u0131n\u0131 iptal edebilir.<\/p>\n\n\n\n<p>Kurs ba\u015flang\u0131\u00e7 tarihine 7 g\u00fcnden az s\u00fcre kala yap\u0131lan kay\u0131tlar i\u00e7in cayma hakk\u0131 bulunmamaktad\u0131r.<\/p>\n\n\n\n<p>Kurs ba\u015flang\u0131\u00e7 tarihine 7 g\u00fcnden az s\u00fcre kala iptal durumunda \u00fccret iadesi yap\u0131lmaz.<\/p>\n\n\n\n<p>Ancak Al\u0131c\u0131, kursun ilk oturumundan \u00f6nce yaz\u0131l\u0131 talepte bulunmas\u0131 halinde, bir defaya mahsus olmak \u00fczere bir sonraki uygun d\u00f6neme aktar\u0131m talep edebilir. Aktar\u0131m Sat\u0131c\u0131\u2019n\u0131n takdirine ba\u011fl\u0131d\u0131r.<\/p>\n\n\n\n<h3 class=\"wp-block-heading\"><strong>5.2 Editing Hizmetleri<\/strong><\/h3>\n\n\n\n<p>Editing hizmetlerinde, \u00e7al\u0131\u015fma s\u00fcreci dosyan\u0131n teslimiyle ba\u015flar.<\/p>\n\n\n\n<p>Al\u0131c\u0131, hizmetin ifas\u0131na ba\u015flanmas\u0131ndan sonra cayma hakk\u0131n\u0131 kaybetti\u011fini kabul eder.<\/p>\n\n\n\n<p>Hizmete ba\u015flanm\u0131\u015fsa \u00fccret iadesi yap\u0131lmaz.<\/p>\n\n\n\n<h3 class=\"wp-block-heading\"><strong>5.3 An\u0131nda Eri\u015fim Sa\u011flanan Dijital \u0130\u00e7erikler<\/strong><\/h3>\n\n\n\n<p>\u00d6deme sonras\u0131 an\u0131nda eri\u015fim sa\u011flanan dijital i\u00e7eriklerde, Al\u0131c\u0131 hizmetin derhal ifas\u0131na onay verdi\u011fini ve cayma hakk\u0131n\u0131 kaybetti\u011fini kabul eder.<\/p>\n\n\n\n<p>Eri\u015fim sa\u011fland\u0131ktan sonra \u00fccret iadesi yap\u0131lmaz.<\/p>\n\n\n\n<h2 class=\"wp-block-heading\"><strong>6. Al\u0131c\u0131\u2019n\u0131n Beyan\u0131<\/strong><\/h2>\n\n\n\n<p>Al\u0131c\u0131, sat\u0131n alma i\u015flemini tamamlamadan \u00f6nce:<\/p>\n\n\n\n<ul class=\"wp-block-list\">\n<li>\u0130\u015fbu s\u00f6zle\u015fmeyi okudu\u011funu<\/li>\n\n\n\n<li>Mesafeli sat\u0131\u015f ko\u015fullar\u0131n\u0131 anlad\u0131\u011f\u0131n\u0131<\/li>\n\n\n\n<li>Hizmetin niteli\u011fi gere\u011fi cayma hakk\u0131n\u0131 kaybedebilece\u011fini<\/li>\n\n\n\n<li>Hizmetin derhal ifas\u0131na a\u00e7\u0131k\u00e7a onay verdi\u011fini kabul ve beyan eder.<\/li>\n<\/ul>\n\n\n\n<h2 class=\"wp-block-heading\"><strong>7. M\u00fccbir Sebep<\/strong><\/h2>\n\n\n\n<p>Taraflar\u0131n kontrol\u00fc d\u0131\u015f\u0131nda geli\u015fen ola\u011fan\u00fcst\u00fc durumlarda (do\u011fal afet, teknik altyap\u0131 kesintileri, resmi makam kararlar\u0131 vb.) Sat\u0131c\u0131 sorumlu tutulamaz. Bu durumda hizmet ertelenebilir.<\/p>\n\n\n\n<h2 class=\"wp-block-heading\"><strong>8. Uyu\u015fmazl\u0131klar\u0131n \u00c7\u00f6z\u00fcm\u00fc<\/strong><\/h2>\n\n\n\n<p>\u0130\u015fbu s\u00f6zle\u015fmeden do\u011fabilecek uyu\u015fmazl\u0131klarda, T\u00fcketicinin yerle\u015fim yerindeki veya Sat\u0131c\u0131\u2019n\u0131n bulundu\u011fu yerdeki T\u00fcketici Hakem Heyetleri ve T\u00fcketici Mahkemeleri yetkilidir.<\/p>\n\n\n\n<h2 class=\"wp-block-heading\"><strong>9. <strong>Y\u00fcr\u00fcrl\u00fck<\/strong><br><\/strong><\/h2>\n\n\n\n<p>Al\u0131c\u0131, internet sitesi \u00fczerinden \u201cS\u00f6zle\u015fmeyi okudum ve kabul ediyorum\u201d ibaresini i\u015faretleyerek i\u015fbu s\u00f6zle\u015fmeyi elektronik ortamda kabul etmi\u015f say\u0131l\u0131r.<\/p>\n\n\n\n<blockquote class=\"wp-block-quote is-layout-flow wp-block-quote-is-layout-flow\">\n<p>\u0130\u015fbu S\u00f6zle\u015fme\u2019nin T\u00fcrk\u00e7e ve \u0130ngilizce metinleri aras\u0131nda herhangi bir uyu\u015fmazl\u0131k olmas\u0131 h\u00e2linde, T\u00fcrk\u00e7e metin esas al\u0131nacakt\u0131r.<\/p>\n<\/blockquote>","protected":false},"excerpt":{"rendered":"<p>1. Parties Seller (Service Provider): ANGELICA FULGA K\u00fc\u00e7\u00fckbakkalk\u00f6y Mah. Dereboyu Cad. R5 Blok No: 3A Interior Door No: 48 Ata\u015fehir \/ Istanbul, T\u00fcrkiye Email: in**@***********ys.com Hereinafter referred to as the \u201cSeller\u201d. Buyer (Consumer): The natural person purchasing services electronically via the website. Hereinafter referred to as the \u201cBuyer\u201d. 2. Subject of the Agreement This Agreement [&hellip;]<\/p>\n","protected":false},"author":1,"featured_media":0,"parent":0,"menu_order":0,"comment_status":"closed","ping_status":"closed","template":"","meta":{"footnotes":""},"class_list":["post-11482","page","type-page","status-publish","hentry"],"yoast_head":"<!-- This site is optimized with the Yoast SEO plugin v27.3 - https:\/\/yoast.com\/product\/yoast-seo-wordpress\/ -->\n<title>Distance Sales Agreement - Language Education &amp; Consultancy<\/title>\n<meta name=\"robots\" content=\"index, follow, max-snippet:-1, max-image-preview:large, max-video-preview:-1\" \/>\n<link rel=\"canonical\" href=\"https:\/\/research-says.com\/tr\/distance-sales-agreement\/\" \/>\n<meta property=\"og:locale\" content=\"tr_TR\" \/>\n<meta property=\"og:type\" content=\"article\" \/>\n<meta property=\"og:title\" content=\"Distance Sales Agreement - Language Education &amp; Consultancy\" \/>\n<meta property=\"og:description\" content=\"1. Parties Seller (Service Provider): ANGELICA FULGA K\u00fc\u00e7\u00fckbakkalk\u00f6y Mah. Dereboyu Cad. R5 Blok No: 3A Interior Door No: 48 Ata\u015fehir \/ Istanbul, T\u00fcrkiye Email: in**@***********ys.com Hereinafter referred to as the \u201cSeller\u201d. Buyer (Consumer): The natural person purchasing services electronically via the website. Hereinafter referred to as the \u201cBuyer\u201d. 2. Subject of the Agreement This Agreement [&hellip;]\" \/>\n<meta property=\"og:url\" content=\"https:\/\/research-says.com\/tr\/distance-sales-agreement\/\" \/>\n<meta property=\"og:site_name\" content=\"Language Education &amp; Consultancy\" \/>\n<meta property=\"article:publisher\" content=\"https:\/\/www.facebook.com\/reliableeducationservices\/notifications\/\" \/>\n<meta property=\"article:modified_time\" content=\"2026-02-21T08:46:30+00:00\" \/>\n<meta property=\"og:image\" content=\"https:\/\/research-says.com\/wp-content\/uploads\/2019\/11\/cropped-cropped-cropped-cropped-Student-Teacher-B-W-resized-1.jpg\" \/>\n\t<meta property=\"og:image:width\" content=\"1000\" \/>\n\t<meta property=\"og:image:height\" content=\"625\" \/>\n\t<meta property=\"og:image:type\" content=\"image\/jpeg\" \/>\n<meta name=\"twitter:card\" content=\"summary_large_image\" \/>\n<meta name=\"twitter:site\" content=\"@guveniliregitim\" \/>\n<meta name=\"twitter:label1\" content=\"Tahmini okuma s\u00fcresi\" \/>\n\t<meta name=\"twitter:data1\" content=\"3 dakika\" \/>\n<script type=\"application\/ld+json\" class=\"yoast-schema-graph\">{\"@context\":\"https:\\\/\\\/schema.org\",\"@graph\":[{\"@type\":\"WebPage\",\"@id\":\"https:\\\/\\\/research-says.com\\\/distance-sales-agreement\\\/\",\"url\":\"https:\\\/\\\/research-says.com\\\/distance-sales-agreement\\\/\",\"name\":\"Distance Sales Agreement - Language Education &amp; Consultancy\",\"isPartOf\":{\"@id\":\"https:\\\/\\\/research-says.com\\\/#website\"},\"datePublished\":\"2026-02-18T17:07:27+00:00\",\"dateModified\":\"2026-02-21T08:46:30+00:00\",\"breadcrumb\":{\"@id\":\"https:\\\/\\\/research-says.com\\\/distance-sales-agreement\\\/#breadcrumb\"},\"inLanguage\":\"tr\",\"potentialAction\":[{\"@type\":\"ReadAction\",\"target\":[\"https:\\\/\\\/research-says.com\\\/distance-sales-agreement\\\/\"]}]},{\"@type\":\"BreadcrumbList\",\"@id\":\"https:\\\/\\\/research-says.com\\\/distance-sales-agreement\\\/#breadcrumb\",\"itemListElement\":[{\"@type\":\"ListItem\",\"position\":1,\"name\":\"Home\",\"item\":\"https:\\\/\\\/research-says.com\\\/\"},{\"@type\":\"ListItem\",\"position\":2,\"name\":\"Distance Sales Agreement\"}]},{\"@type\":\"WebSite\",\"@id\":\"https:\\\/\\\/research-says.com\\\/#website\",\"url\":\"https:\\\/\\\/research-says.com\\\/\",\"name\":\"Language Education &amp; Consultancy\",\"description\":\"Sharper Language. Stronger Communication.\",\"publisher\":{\"@id\":\"https:\\\/\\\/research-says.com\\\/#organization\"},\"potentialAction\":[{\"@type\":\"SearchAction\",\"target\":{\"@type\":\"EntryPoint\",\"urlTemplate\":\"https:\\\/\\\/research-says.com\\\/?s={search_term_string}\"},\"query-input\":{\"@type\":\"PropertyValueSpecification\",\"valueRequired\":true,\"valueName\":\"search_term_string\"}}],\"inLanguage\":\"tr\"},{\"@type\":\"Organization\",\"@id\":\"https:\\\/\\\/research-says.com\\\/#organization\",\"name\":\"Compleat English\",\"alternateName\":\"IELTS Writing\",\"url\":\"https:\\\/\\\/research-says.com\\\/\",\"logo\":{\"@type\":\"ImageObject\",\"inLanguage\":\"tr\",\"@id\":\"https:\\\/\\\/research-says.com\\\/#\\\/schema\\\/logo\\\/image\\\/\",\"url\":\"https:\\\/\\\/research-says.com\\\/wp-content\\\/uploads\\\/2026\\\/03\\\/cropped-cropped-plain-logo-e1772516744844.png\",\"contentUrl\":\"https:\\\/\\\/research-says.com\\\/wp-content\\\/uploads\\\/2026\\\/03\\\/cropped-cropped-plain-logo-e1772516744844.png\",\"width\":150,\"height\":163,\"caption\":\"Compleat English\"},\"image\":{\"@id\":\"https:\\\/\\\/research-says.com\\\/#\\\/schema\\\/logo\\\/image\\\/\"},\"sameAs\":[\"https:\\\/\\\/www.facebook.com\\\/reliableeducationservices\\\/notifications\\\/\",\"https:\\\/\\\/x.com\\\/guveniliregitim\",\"https:\\\/\\\/www.instagram.com\\\/guveniliregitimhizmetleri\\\/\"]}]}<\/script>\n<!-- \/ Yoast SEO plugin. -->","yoast_head_json":{"title":"Distance Sales Agreement - Language Education &amp; Consultancy","robots":{"index":"index","follow":"follow","max-snippet":"max-snippet:-1","max-image-preview":"max-image-preview:large","max-video-preview":"max-video-preview:-1"},"canonical":"https:\/\/research-says.com\/tr\/distance-sales-agreement\/","og_locale":"tr_TR","og_type":"article","og_title":"Distance Sales Agreement - Language Education &amp; Consultancy","og_description":"1. Parties Seller (Service Provider): ANGELICA FULGA K\u00fc\u00e7\u00fckbakkalk\u00f6y Mah. Dereboyu Cad. R5 Blok No: 3A Interior Door No: 48 Ata\u015fehir \/ Istanbul, T\u00fcrkiye Email: in**@***********ys.com Hereinafter referred to as the \u201cSeller\u201d. Buyer (Consumer): The natural person purchasing services electronically via the website. Hereinafter referred to as the \u201cBuyer\u201d. 2. Subject of the Agreement This Agreement [&hellip;]","og_url":"https:\/\/research-says.com\/tr\/distance-sales-agreement\/","og_site_name":"Language Education &amp; Consultancy","article_publisher":"https:\/\/www.facebook.com\/reliableeducationservices\/notifications\/","article_modified_time":"2026-02-21T08:46:30+00:00","og_image":[{"width":1000,"height":625,"url":"https:\/\/research-says.com\/wp-content\/uploads\/2019\/11\/cropped-cropped-cropped-cropped-Student-Teacher-B-W-resized-1.jpg","type":"image\/jpeg"}],"twitter_card":"summary_large_image","twitter_site":"@guveniliregitim","twitter_misc":{"Tahmini okuma s\u00fcresi":"3 dakika"},"schema":{"@context":"https:\/\/schema.org","@graph":[{"@type":"WebPage","@id":"https:\/\/research-says.com\/distance-sales-agreement\/","url":"https:\/\/research-says.com\/distance-sales-agreement\/","name":"Distance Sales Agreement - Language Education &amp; Consultancy","isPartOf":{"@id":"https:\/\/research-says.com\/#website"},"datePublished":"2026-02-18T17:07:27+00:00","dateModified":"2026-02-21T08:46:30+00:00","breadcrumb":{"@id":"https:\/\/research-says.com\/distance-sales-agreement\/#breadcrumb"},"inLanguage":"tr","potentialAction":[{"@type":"ReadAction","target":["https:\/\/research-says.com\/distance-sales-agreement\/"]}]},{"@type":"BreadcrumbList","@id":"https:\/\/research-says.com\/distance-sales-agreement\/#breadcrumb","itemListElement":[{"@type":"ListItem","position":1,"name":"Home","item":"https:\/\/research-says.com\/"},{"@type":"ListItem","position":2,"name":"Distance Sales Agreement"}]},{"@type":"WebSite","@id":"https:\/\/research-says.com\/#website","url":"https:\/\/research-says.com\/","name":"Dil E\u011fitimi ve Dan\u0131\u015fmanl\u0131k","description":"Daha Etkili Dil. Daha G\u00fc\u00e7l\u00fc \u0130leti\u015fim.","publisher":{"@id":"https:\/\/research-says.com\/#organization"},"potentialAction":[{"@type":"SearchAction","target":{"@type":"EntryPoint","urlTemplate":"https:\/\/research-says.com\/?s={search_term_string}"},"query-input":{"@type":"PropertyValueSpecification","valueRequired":true,"valueName":"search_term_string"}}],"inLanguage":"tr"},{"@type":"Organization","@id":"https:\/\/research-says.com\/#organization","name":"Compleat English","alternateName":"IELTS Writing","url":"https:\/\/research-says.com\/","logo":{"@type":"ImageObject","inLanguage":"tr","@id":"https:\/\/research-says.com\/#\/schema\/logo\/image\/","url":"https:\/\/research-says.com\/wp-content\/uploads\/2026\/03\/cropped-cropped-plain-logo-e1772516744844.png","contentUrl":"https:\/\/research-says.com\/wp-content\/uploads\/2026\/03\/cropped-cropped-plain-logo-e1772516744844.png","width":150,"height":163,"caption":"Compleat English"},"image":{"@id":"https:\/\/research-says.com\/#\/schema\/logo\/image\/"},"sameAs":["https:\/\/www.facebook.com\/reliableeducationservices\/notifications\/","https:\/\/x.com\/guveniliregitim","https:\/\/www.instagram.com\/guveniliregitimhizmetleri\/"]}]}},"_links":{"self":[{"href":"https:\/\/research-says.com\/tr\/wp-json\/wp\/v2\/pages\/11482","targetHints":{"allow":["GET"]}}],"collection":[{"href":"https:\/\/research-says.com\/tr\/wp-json\/wp\/v2\/pages"}],"about":[{"href":"https:\/\/research-says.com\/tr\/wp-json\/wp\/v2\/types\/page"}],"author":[{"embeddable":true,"href":"https:\/\/research-says.com\/tr\/wp-json\/wp\/v2\/users\/1"}],"replies":[{"embeddable":true,"href":"https:\/\/research-says.com\/tr\/wp-json\/wp\/v2\/comments?post=11482"}],"version-history":[{"count":2,"href":"https:\/\/research-says.com\/tr\/wp-json\/wp\/v2\/pages\/11482\/revisions"}],"predecessor-version":[{"id":11484,"href":"https:\/\/research-says.com\/tr\/wp-json\/wp\/v2\/pages\/11482\/revisions\/11484"}],"wp:attachment":[{"href":"https:\/\/research-says.com\/tr\/wp-json\/wp\/v2\/media?parent=11482"}],"curies":[{"name":"wp","href":"https:\/\/api.w.org\/{rel}","templated":true}]}}