{"id":11496,"date":"2026-02-18T21:24:56","date_gmt":"2026-02-18T18:24:56","guid":{"rendered":"https:\/\/research-says.com\/?page_id=11496"},"modified":"2026-02-21T10:23:09","modified_gmt":"2026-02-21T07:23:09","slug":"refunds-cancellation-policy","status":"publish","type":"page","link":"https:\/\/research-says.com\/tr\/refunds-cancellation-policy\/","title":{"rendered":"\u0130ade ve \u0130ptal Politikas\u0131"},"content":{"rendered":"<div style=\"  max-width:1300px;  margin:0 auto 60px;  padding:50px 40px;  background:#f7f4ef;  border-radius:20px;  border:1px solid #e6ded3;  font-family:'Helvetica Neue', Arial, sans-serif;  color:#1a1a1a !important;  -webkit-text-fill-color:#1a1a1a !important;\">\n\n  <div style=\"line-height:1.9; font-size:16px;\">\n\n    <p style=\"font-weight:600; font-size:18px; margin-bottom:10px;\">Hizmetin Sunumu<\/p>\n    <p>\n      Research-Says taraf\u0131ndan sunulan hizmetler, program\u0131n niteli\u011fine ve sat\u0131n alma s\u0131ras\u0131nda se\u00e7ilen formata ba\u011fl\u0131 olarak \u00e7evrim i\u00e7i veya y\u00fcz y\u00fcze sunulabilir.\n    <\/p>\n    <p>\n      Canl\u0131 grup kurslar\u0131, planlanan ba\u015flang\u0131\u00e7 tarihinde ba\u015flar. Edit\u00f6rl\u00fck hizmetleri, belgenin teslim edilmesi ve \u00f6demenin onaylanmas\u0131n\u0131n ard\u0131ndan ba\u015flat\u0131l\u0131r. Dijital materyaller, \u00f6deme sonras\u0131nda hemen eri\u015fime a\u00e7\u0131l\u0131r. Fiziksel \u00fcr\u00fcn g\u00f6nderimi yap\u0131lmaz.\n    <\/p>\n\n    <p style=\"font-weight:600; font-size:18px; margin-top:30px; margin-bottom:10px;\">\u0130ade ve \u0130ptal Politikas\u0131<\/p>\n\n    <p style=\"font-weight:600; margin-top:15px;\">Canl\u0131 Grup Kurslar\u0131<\/p>\n    <p>\n      Kay\u0131t, kurs ba\u015flang\u0131\u00e7 tarihinden 7 g\u00fcnden daha \u00f6nce yap\u0131lm\u0131\u015fsa, ba\u015flang\u0131\u00e7 tarihinden en ge\u00e7 7 g\u00fcn \u00f6ncesine kadar tam iade ile iptal m\u00fcmk\u00fcnd\u00fcr.\n    <\/p>\n    <p>\n      Kay\u0131t, kurs ba\u015flang\u0131\u00e7 tarihine 7 g\u00fcnden daha k\u0131sa bir s\u00fcre kala yap\u0131lm\u0131\u015fsa, kay\u0131t kesinle\u015fir ve iade yap\u0131lmaz.\n    <\/p>\n    <p>\n      \u0130ptal talebi ba\u015flang\u0131\u00e7 tarihinden itibaren 7 g\u00fcn i\u00e7inde yap\u0131l\u0131rsa iade yap\u0131lmaz. Ancak ilk oturumdan \u00f6nce, kontenjan durumuna ba\u011fl\u0131 olarak bir sonraki a\u00e7\u0131lacak gruba tek seferlik aktar\u0131m talep edilebilir.\n    <\/p>\n\n    <p style=\"font-weight:600; margin-top:20px;\">Akademik \u0130ngilizce Metin D\u00fczenleme ve \u00c7eviri<\/p>\n    <p>\n      Edit\u00f6rl\u00fck hizmeti, belgenin teslim al\u0131nmas\u0131yla ba\u015flar. \u00c7al\u0131\u015fma ba\u015flad\u0131ktan sonra iptal ve iade m\u00fcmk\u00fcn de\u011fildir.\n    <\/p>\n\n    <p style=\"font-weight:600; margin-top:20px;\">Dijital \u00dcr\u00fcnler<\/p>\n    <p>\n      \u00d6deme sonras\u0131nda an\u0131nda eri\u015fim sa\u011flanan \u00fcr\u00fcnlerde, eri\u015fim verildikten sonra iade yap\u0131lmaz.\n    <\/p>\n\n    <p style=\"font-weight:600; margin-top:20px;\">\u0130ade S\u00fcreci<\/p>\n    <p>\n      \u0130ade uygulanabildi\u011fi durumlarda, tutar 7\u201310 i\u015f g\u00fcn\u00fc i\u00e7inde \u00f6demenin yap\u0131ld\u0131\u011f\u0131 y\u00f6ntem \u00fczerinden geri \u00f6denir.\n    <\/p>\n\n    <p style=\"font-weight:600; margin-top:20px;\">Teknik ve Kat\u0131l\u0131m Sorumlulu\u011fu<\/p>\n    <p>\n      Kat\u0131l\u0131mc\u0131lar, do\u011fru ileti\u015fim bilgilerini sa\u011flamak ve \u00e7evrim i\u00e7i oturumlar i\u00e7in gerekli teknik eri\u015fimi temin etmekle sorumludur.\n    <\/p>\n    <p>\n      Y\u00fcz y\u00fcze oturumlar i\u00e7in kat\u0131l\u0131mc\u0131lar, belirlenen yer ve zamanda haz\u0131r bulunmaktan sorumludur.\n    <\/p>\n    <p>\n      For access or scheduling issues, please contact: <span \n                data-original-string='h1L4m\/IaEoI4D8+DyvyVCw==a8aqezOLfTt9+qy0Lpp3c4KMhn\/RSOU1WoboY6llkf3pIA='\n                class='apbct-email-encoder'\n                title='This contact has been encoded by Anti-Spam by CleanTalk. Click to decode. To finish the decoding make sure that JavaScript is enabled in your browser.'>i\u00e7inde<span class=\"apbct-blur\">**<\/span>@<span class=\"apbct-blur\">***********<\/span>ys.com<\/span>\n    <\/p>\n\n  <\/div>\n\n<\/div>\n\n\n\n<p><\/p>","protected":false},"excerpt":{"rendered":"<p>Delivery of Services Services offered by Research-Says may be delivered online or in person, depending on the nature of the program and the format selected at the time of purchase. Live group courses take place on the scheduled start date. Editing services begin after document submission and payment confirmation. Digital materials are made available immediately [&hellip;]<\/p>\n","protected":false},"author":1,"featured_media":0,"parent":0,"menu_order":0,"comment_status":"closed","ping_status":"closed","template":"","meta":{"footnotes":""},"class_list":["post-11496","page","type-page","status-publish","hentry"],"yoast_head":"<!-- This site is optimized with the Yoast SEO plugin v27.3 - https:\/\/yoast.com\/product\/yoast-seo-wordpress\/ -->\n<title>Refunds &amp; Cancellation Policy - Language Education &amp; Consultancy<\/title>\n<meta name=\"robots\" content=\"index, follow, max-snippet:-1, max-image-preview:large, max-video-preview:-1\" \/>\n<link rel=\"canonical\" href=\"https:\/\/research-says.com\/tr\/refunds-cancellation-policy\/\" \/>\n<meta property=\"og:locale\" content=\"tr_TR\" \/>\n<meta property=\"og:type\" content=\"article\" \/>\n<meta property=\"og:title\" content=\"Refunds &amp; Cancellation Policy - Language Education &amp; Consultancy\" \/>\n<meta property=\"og:description\" content=\"Delivery of Services Services offered by Research-Says may be delivered online or in person, depending on the nature of the program and the format selected at the time of purchase. Live group courses take place on the scheduled start date. Editing services begin after document submission and payment confirmation. Digital materials are made available immediately [&hellip;]\" \/>\n<meta property=\"og:url\" content=\"https:\/\/research-says.com\/tr\/refunds-cancellation-policy\/\" \/>\n<meta property=\"og:site_name\" content=\"Language Education &amp; Consultancy\" \/>\n<meta property=\"article:publisher\" content=\"https:\/\/www.facebook.com\/reliableeducationservices\/notifications\/\" \/>\n<meta property=\"article:modified_time\" content=\"2026-02-21T07:23:09+00:00\" \/>\n<meta property=\"og:image\" content=\"https:\/\/research-says.com\/wp-content\/uploads\/2019\/11\/cropped-cropped-cropped-cropped-Student-Teacher-B-W-resized-1.jpg\" \/>\n\t<meta property=\"og:image:width\" content=\"1000\" \/>\n\t<meta property=\"og:image:height\" content=\"625\" \/>\n\t<meta property=\"og:image:type\" content=\"image\/jpeg\" \/>\n<meta name=\"twitter:card\" content=\"summary_large_image\" \/>\n<meta name=\"twitter:site\" content=\"@guveniliregitim\" \/>\n<meta name=\"twitter:label1\" content=\"Tahmini okuma s\u00fcresi\" \/>\n\t<meta name=\"twitter:data1\" content=\"2 dakika\" \/>\n<script type=\"application\/ld+json\" class=\"yoast-schema-graph\">{\"@context\":\"https:\\\/\\\/schema.org\",\"@graph\":[{\"@type\":\"WebPage\",\"@id\":\"https:\\\/\\\/research-says.com\\\/refunds-cancellation-policy\\\/\",\"url\":\"https:\\\/\\\/research-says.com\\\/refunds-cancellation-policy\\\/\",\"name\":\"Refunds &amp; Cancellation Policy - Language Education &amp; Consultancy\",\"isPartOf\":{\"@id\":\"https:\\\/\\\/research-says.com\\\/#website\"},\"datePublished\":\"2026-02-18T18:24:56+00:00\",\"dateModified\":\"2026-02-21T07:23:09+00:00\",\"breadcrumb\":{\"@id\":\"https:\\\/\\\/research-says.com\\\/refunds-cancellation-policy\\\/#breadcrumb\"},\"inLanguage\":\"tr\",\"potentialAction\":[{\"@type\":\"ReadAction\",\"target\":[\"https:\\\/\\\/research-says.com\\\/refunds-cancellation-policy\\\/\"]}]},{\"@type\":\"BreadcrumbList\",\"@id\":\"https:\\\/\\\/research-says.com\\\/refunds-cancellation-policy\\\/#breadcrumb\",\"itemListElement\":[{\"@type\":\"ListItem\",\"position\":1,\"name\":\"Home\",\"item\":\"https:\\\/\\\/research-says.com\\\/\"},{\"@type\":\"ListItem\",\"position\":2,\"name\":\"Refunds &amp; Cancellation Policy\"}]},{\"@type\":\"WebSite\",\"@id\":\"https:\\\/\\\/research-says.com\\\/#website\",\"url\":\"https:\\\/\\\/research-says.com\\\/\",\"name\":\"Language Education &amp; Consultancy\",\"description\":\"Sharper Language. Stronger Communication.\",\"publisher\":{\"@id\":\"https:\\\/\\\/research-says.com\\\/#organization\"},\"potentialAction\":[{\"@type\":\"SearchAction\",\"target\":{\"@type\":\"EntryPoint\",\"urlTemplate\":\"https:\\\/\\\/research-says.com\\\/?s={search_term_string}\"},\"query-input\":{\"@type\":\"PropertyValueSpecification\",\"valueRequired\":true,\"valueName\":\"search_term_string\"}}],\"inLanguage\":\"tr\"},{\"@type\":\"Organization\",\"@id\":\"https:\\\/\\\/research-says.com\\\/#organization\",\"name\":\"Compleat English\",\"alternateName\":\"IELTS Writing\",\"url\":\"https:\\\/\\\/research-says.com\\\/\",\"logo\":{\"@type\":\"ImageObject\",\"inLanguage\":\"tr\",\"@id\":\"https:\\\/\\\/research-says.com\\\/#\\\/schema\\\/logo\\\/image\\\/\",\"url\":\"https:\\\/\\\/research-says.com\\\/wp-content\\\/uploads\\\/2026\\\/03\\\/cropped-cropped-plain-logo-e1772516744844.png\",\"contentUrl\":\"https:\\\/\\\/research-says.com\\\/wp-content\\\/uploads\\\/2026\\\/03\\\/cropped-cropped-plain-logo-e1772516744844.png\",\"width\":150,\"height\":163,\"caption\":\"Compleat English\"},\"image\":{\"@id\":\"https:\\\/\\\/research-says.com\\\/#\\\/schema\\\/logo\\\/image\\\/\"},\"sameAs\":[\"https:\\\/\\\/www.facebook.com\\\/reliableeducationservices\\\/notifications\\\/\",\"https:\\\/\\\/x.com\\\/guveniliregitim\",\"https:\\\/\\\/www.instagram.com\\\/guveniliregitimhizmetleri\\\/\"]}]}<\/script>\n<!-- \/ Yoast SEO plugin. -->","yoast_head_json":{"title":"Refunds &amp; Cancellation Policy - Language Education &amp; Consultancy","robots":{"index":"index","follow":"follow","max-snippet":"max-snippet:-1","max-image-preview":"max-image-preview:large","max-video-preview":"max-video-preview:-1"},"canonical":"https:\/\/research-says.com\/tr\/refunds-cancellation-policy\/","og_locale":"tr_TR","og_type":"article","og_title":"Refunds &amp; Cancellation Policy - Language Education &amp; Consultancy","og_description":"Delivery of Services Services offered by Research-Says may be delivered online or in person, depending on the nature of the program and the format selected at the time of purchase. Live group courses take place on the scheduled start date. Editing services begin after document submission and payment confirmation. Digital materials are made available immediately [&hellip;]","og_url":"https:\/\/research-says.com\/tr\/refunds-cancellation-policy\/","og_site_name":"Language Education &amp; Consultancy","article_publisher":"https:\/\/www.facebook.com\/reliableeducationservices\/notifications\/","article_modified_time":"2026-02-21T07:23:09+00:00","og_image":[{"width":1000,"height":625,"url":"https:\/\/research-says.com\/wp-content\/uploads\/2019\/11\/cropped-cropped-cropped-cropped-Student-Teacher-B-W-resized-1.jpg","type":"image\/jpeg"}],"twitter_card":"summary_large_image","twitter_site":"@guveniliregitim","twitter_misc":{"Tahmini okuma s\u00fcresi":"2 dakika"},"schema":{"@context":"https:\/\/schema.org","@graph":[{"@type":"WebPage","@id":"https:\/\/research-says.com\/refunds-cancellation-policy\/","url":"https:\/\/research-says.com\/refunds-cancellation-policy\/","name":"Refunds &amp; Cancellation Policy - Language Education &amp; Consultancy","isPartOf":{"@id":"https:\/\/research-says.com\/#website"},"datePublished":"2026-02-18T18:24:56+00:00","dateModified":"2026-02-21T07:23:09+00:00","breadcrumb":{"@id":"https:\/\/research-says.com\/refunds-cancellation-policy\/#breadcrumb"},"inLanguage":"tr","potentialAction":[{"@type":"ReadAction","target":["https:\/\/research-says.com\/refunds-cancellation-policy\/"]}]},{"@type":"BreadcrumbList","@id":"https:\/\/research-says.com\/refunds-cancellation-policy\/#breadcrumb","itemListElement":[{"@type":"ListItem","position":1,"name":"Home","item":"https:\/\/research-says.com\/"},{"@type":"ListItem","position":2,"name":"Refunds &amp; Cancellation Policy"}]},{"@type":"WebSite","@id":"https:\/\/research-says.com\/#website","url":"https:\/\/research-says.com\/","name":"Dil E\u011fitimi ve Dan\u0131\u015fmanl\u0131k","description":"Daha Etkili Dil. Daha G\u00fc\u00e7l\u00fc \u0130leti\u015fim.","publisher":{"@id":"https:\/\/research-says.com\/#organization"},"potentialAction":[{"@type":"SearchAction","target":{"@type":"EntryPoint","urlTemplate":"https:\/\/research-says.com\/?s={search_term_string}"},"query-input":{"@type":"PropertyValueSpecification","valueRequired":true,"valueName":"search_term_string"}}],"inLanguage":"tr"},{"@type":"Organization","@id":"https:\/\/research-says.com\/#organization","name":"Compleat English","alternateName":"IELTS Writing","url":"https:\/\/research-says.com\/","logo":{"@type":"ImageObject","inLanguage":"tr","@id":"https:\/\/research-says.com\/#\/schema\/logo\/image\/","url":"https:\/\/research-says.com\/wp-content\/uploads\/2026\/03\/cropped-cropped-plain-logo-e1772516744844.png","contentUrl":"https:\/\/research-says.com\/wp-content\/uploads\/2026\/03\/cropped-cropped-plain-logo-e1772516744844.png","width":150,"height":163,"caption":"Compleat English"},"image":{"@id":"https:\/\/research-says.com\/#\/schema\/logo\/image\/"},"sameAs":["https:\/\/www.facebook.com\/reliableeducationservices\/notifications\/","https:\/\/x.com\/guveniliregitim","https:\/\/www.instagram.com\/guveniliregitimhizmetleri\/"]}]}},"_links":{"self":[{"href":"https:\/\/research-says.com\/tr\/wp-json\/wp\/v2\/pages\/11496","targetHints":{"allow":["GET"]}}],"collection":[{"href":"https:\/\/research-says.com\/tr\/wp-json\/wp\/v2\/pages"}],"about":[{"href":"https:\/\/research-says.com\/tr\/wp-json\/wp\/v2\/types\/page"}],"author":[{"embeddable":true,"href":"https:\/\/research-says.com\/tr\/wp-json\/wp\/v2\/users\/1"}],"replies":[{"embeddable":true,"href":"https:\/\/research-says.com\/tr\/wp-json\/wp\/v2\/comments?post=11496"}],"version-history":[{"count":5,"href":"https:\/\/research-says.com\/tr\/wp-json\/wp\/v2\/pages\/11496\/revisions"}],"predecessor-version":[{"id":11735,"href":"https:\/\/research-says.com\/tr\/wp-json\/wp\/v2\/pages\/11496\/revisions\/11735"}],"wp:attachment":[{"href":"https:\/\/research-says.com\/tr\/wp-json\/wp\/v2\/media?parent=11496"}],"curies":[{"name":"wp","href":"https:\/\/api.w.org\/{rel}","templated":true}]}}