{"id":11510,"date":"2026-02-19T08:37:51","date_gmt":"2026-02-19T05:37:51","guid":{"rendered":"https:\/\/research-says.com\/cart\/"},"modified":"2026-02-19T08:37:51","modified_gmt":"2026-02-19T05:37:51","slug":"cart","status":"publish","type":"page","link":"https:\/\/research-says.com\/tr\/cart\/","title":{"rendered":"Sepet"},"content":{"rendered":"<div data-block-name=\"woocommerce\/cart\" class=\"wp-block-woocommerce-cart alignwide is-loading\">\n<div data-block-name=\"woocommerce\/filled-cart-block\" class=\"wp-block-woocommerce-filled-cart-block\">\n<div data-block-name=\"woocommerce\/cart-items-block\" class=\"wp-block-woocommerce-cart-items-block\">\n<div data-block-name=\"woocommerce\/cart-line-items-block\" class=\"wp-block-woocommerce-cart-line-items-block\"><\/div>\n\n\n<\/div>\n\n\n\n\n<div data-block-name=\"woocommerce\/cart-totals-block\" class=\"wp-block-woocommerce-cart-totals-block\">\n<div data-block-name=\"woocommerce\/cart-order-summary-block\" class=\"wp-block-woocommerce-cart-order-summary-block\">\n<div data-block-name=\"woocommerce\/cart-order-summary-heading-block\" class=\"wp-block-woocommerce-cart-order-summary-heading-block\"><\/div><div data-block-name=\"woocommerce\/cart-order-summary-coupon-form-block\" class=\"wp-block-woocommerce-cart-order-summary-coupon-form-block\"><\/div><div data-block-name=\"woocommerce\/cart-order-summary-totals-block\" class=\"wp-block-woocommerce-cart-order-summary-totals-block\">\n<div data-block-name=\"woocommerce\/cart-order-summary-subtotal-block\" class=\"wp-block-woocommerce-cart-order-summary-subtotal-block\"><\/div>\n<div data-block-name=\"woocommerce\/cart-order-summary-discount-block\" class=\"wp-block-woocommerce-cart-order-summary-discount-block\"><\/div>\n<div data-block-name=\"woocommerce\/cart-order-summary-fee-block\" class=\"wp-block-woocommerce-cart-order-summary-fee-block\"><\/div>\n<div data-block-name=\"woocommerce\/cart-order-summary-shipping-block\" class=\"wp-block-woocommerce-cart-order-summary-shipping-block\"><\/div>\n<div data-block-name=\"woocommerce\/cart-order-summary-taxes-block\" class=\"wp-block-woocommerce-cart-order-summary-taxes-block\"><\/div><\/div>\n<\/div>\n\n\n\n<div data-block-name=\"woocommerce\/cart-express-payment-block\" class=\"wp-block-woocommerce-cart-express-payment-block\"><\/div>\n\n\n\n<div data-block-name=\"woocommerce\/proceed-to-checkout-block\" class=\"wp-block-woocommerce-proceed-to-checkout-block\"><\/div>\n\n\n\n<div data-block-name=\"woocommerce\/cart-accepted-payment-methods-block\" class=\"wp-block-woocommerce-cart-accepted-payment-methods-block\"><\/div>\n<\/div>\n<\/div>\n\n\n\n<div data-block-name=\"woocommerce\/empty-cart-block\" class=\"wp-block-woocommerce-empty-cart-block\">\n<h2 class=\"wp-block-heading has-text-align-center with-empty-cart-icon wc-block-cart__empty-cart__title\">Your cart is currently empty!<\/h2>\n\n\n\n<hr class=\"wp-block-separator has-alpha-channel-opacity is-style-dots\"\/>\n\n\n\n<h2 class=\"wp-block-heading has-text-align-center\">New in store<\/h2>\n\n\n<div data-block-name=\"woocommerce\/product-new\" data-columns=\"4\" data-rows=\"1\" class=\"wc-block-grid wp-block-product-new wp-block-woocommerce-product-new wc-block-product-new has-4-columns\"><ul class=\"wc-block-grid__products\"><li class=\"wc-block-grid__product\">\n\t\t\t\t<a href=\"https:\/\/research-says.com\/tr\/urun\/%f0%9f%87%b7%f0%9f%87%b4-romanian-b1-certificate-exam-preparation-%f0%9f%87%aa%f0%9f%87%ba\/\" class=\"wc-block-grid__product-link\">\n\t\t\t\t\t\n\t\t\t\t\t<div class=\"wc-block-grid__product-image\"><img loading=\"lazy\" decoding=\"async\" width=\"600\" height=\"600\" src=\"https:\/\/research-says.com\/wp-content\/uploads\/2026\/01\/Teacher-image-600x600.png\" class=\"attachment-woocommerce_thumbnail size-woocommerce_thumbnail\" alt=\"\ud83c\uddf7\ud83c\uddf4 Romanian B1 Certification Exam Preparation \ud83c\uddea\ud83c\uddfa\" srcset=\"https:\/\/research-says.com\/wp-content\/uploads\/2026\/01\/Teacher-image-600x600.png 600w, https:\/\/research-says.com\/wp-content\/uploads\/2026\/01\/Teacher-image-100x100.png 100w, https:\/\/research-says.com\/wp-content\/uploads\/2026\/01\/Teacher-image-150x150.png 150w, https:\/\/research-says.com\/wp-content\/uploads\/2026\/01\/Teacher-image-400x400.png 400w\" sizes=\"auto, (max-width: 600px) 100vw, 600px\" \/><\/div>\n\t\t\t\t\t<div class=\"wc-block-grid__product-title\">\ud83c\uddf7\ud83c\uddf4 Romence B1 Sertifika S\u0131nav\u0131na Haz\u0131rl\u0131k \ud83c\uddea\ud83c\uddfa<\/div>\n\t\t\t\t<\/a>\n\t\t\t\t<div class=\"wc-block-grid__product-price price\"><span class=\"woocommerce-Price-amount amount\"><span class=\"woocommerce-Price-currencySymbol\">&#8378;<\/span>7,965.00<\/span><\/div>\n\t\t\t\t\n\t\t\t\t<div class=\"wp-block-button wc-block-grid__product-add-to-cart\"><a href=\"\/tr\/wp-json\/wp\/v2\/pages\/11510?add-to-cart=12635\" aria-label=\"Sepete ekle: \u201c\ud83c\uddf7\ud83c\uddf4 Romanian B1 Certification Exam Preparation \ud83c\uddea\ud83c\uddfa\u201d\" data-quantity=\"1\" data-product_id=\"12635\" data-product_sku=\"\" data-price=\"7965\" rel=\"nofollow\" class=\"wp-block-button__link  add_to_cart_button ajax_add_to_cart\" data-no-translation=\"\" data-trp-gettext=\"\" data-no-translation-aria-label=\"\">Sepete Ekle<\/a><\/div>\n\t\t\t<\/li><li class=\"wc-block-grid__product\">\n\t\t\t\t<a href=\"https:\/\/research-says.com\/tr\/urun\/%f0%9f%87%b7%f0%9f%87%b4-romanian-b1-certificate-b1-level-%f0%9f%87%aa%f0%9f%87%ba\/\" class=\"wc-block-grid__product-link\">\n\t\t\t\t\t<div class=\"wc-block-grid__product-onsale\">\n\t\t\t<span aria-hidden=\"true\" data-no-translation=\"\" data-trp-gettext=\"\">\u0130ndirim<\/span>\n\t\t\t<span class=\"screen-reader-text\" data-no-translation=\"\" data-trp-gettext=\"\">\u0130ndirimdeki \u00fcr\u00fcn<\/span>\n\t\t<\/div>\n\t\t\t\t\t<div class=\"wc-block-grid__product-image\"><img loading=\"lazy\" decoding=\"async\" width=\"600\" height=\"600\" src=\"https:\/\/research-says.com\/wp-content\/uploads\/2026\/01\/Teacher-image-600x600.png\" class=\"attachment-woocommerce_thumbnail size-woocommerce_thumbnail\" alt=\"\ud83c\uddf7\ud83c\uddf4 Romanian for B1 Certification Exam (A1 &amp; A2) \ud83c\uddea\ud83c\uddfa\" srcset=\"https:\/\/research-says.com\/wp-content\/uploads\/2026\/01\/Teacher-image-600x600.png 600w, https:\/\/research-says.com\/wp-content\/uploads\/2026\/01\/Teacher-image-100x100.png 100w, https:\/\/research-says.com\/wp-content\/uploads\/2026\/01\/Teacher-image-150x150.png 150w, https:\/\/research-says.com\/wp-content\/uploads\/2026\/01\/Teacher-image-400x400.png 400w\" sizes=\"auto, (max-width: 600px) 100vw, 600px\" \/><\/div>\n\t\t\t\t\t<div class=\"wc-block-grid__product-title\">\ud83c\uddf7\ud83c\uddf4 Romanian for B1 Certification Exam (A1 &amp; A2) \ud83c\uddea\ud83c\uddfa<\/div>\n\t\t\t\t<\/a>\n\t\t\t\t<div class=\"wc-block-grid__product-price price\"><del aria-hidden=\"true\"><span class=\"woocommerce-Price-amount amount\"><span class=\"woocommerce-Price-currencySymbol\">&#8378;<\/span>44,800.00<\/span><\/del> <span class=\"screen-reader-text\" data-no-translation=\"\" data-trp-gettext=\"\">Orijinal fiyat: &#8378;44,800.00.<\/span><ins aria-hidden=\"true\"><span class=\"woocommerce-Price-amount amount\"><span class=\"woocommerce-Price-currencySymbol\">&#8378;<\/span>42,560.00<\/span><\/ins><span class=\"screen-reader-text\" data-no-translation=\"\" data-trp-gettext=\"\">\u015eu andaki fiyat: &#8378;42,560.00.<\/span><\/div>\n\t\t\t\t\n\t\t\t\t<div class=\"wp-block-button wc-block-grid__product-add-to-cart\"><a href=\"\/tr\/wp-json\/wp\/v2\/pages\/11510?add-to-cart=12634\" aria-label=\"Sepete ekle: \u201c\ud83c\uddf7\ud83c\uddf4 Romanian for B1 Certification Exam (A1 &amp; A2) \ud83c\uddea\ud83c\uddfa\u201d\" data-quantity=\"1\" data-product_id=\"12634\" data-product_sku=\"\" data-price=\"42560\" rel=\"nofollow\" class=\"wp-block-button__link  add_to_cart_button ajax_add_to_cart\" data-no-translation=\"\" data-trp-gettext=\"\" data-no-translation-aria-label=\"\">Sepete Ekle<\/a><\/div>\n\t\t\t<\/li><li class=\"wc-block-grid__product\">\n\t\t\t\t<a href=\"https:\/\/research-says.com\/tr\/urun\/%f0%9f%87%b7%f0%9f%87%b4-advanced-romanian-language-course-for-exams%f0%9f%87%aa%f0%9f%87%ba\/\" class=\"wc-block-grid__product-link\">\n\t\t\t\t\t<div class=\"wc-block-grid__product-onsale\">\n\t\t\t<span aria-hidden=\"true\" data-no-translation=\"\" data-trp-gettext=\"\">\u0130ndirim<\/span>\n\t\t\t<span class=\"screen-reader-text\" data-no-translation=\"\" data-trp-gettext=\"\">\u0130ndirimdeki \u00fcr\u00fcn<\/span>\n\t\t<\/div>\n\t\t\t\t\t<div class=\"wc-block-grid__product-image\"><img loading=\"lazy\" decoding=\"async\" width=\"600\" height=\"600\" src=\"https:\/\/research-says.com\/wp-content\/uploads\/2026\/02\/Students-at-university-600x600.png\" class=\"attachment-woocommerce_thumbnail size-woocommerce_thumbnail\" alt=\"\ud83c\uddf7\ud83c\uddf4 Romanian for B1 Certification (A1\u2013B1: 3 levels) \ud83c\uddea\ud83c\uddfa\" srcset=\"https:\/\/research-says.com\/wp-content\/uploads\/2026\/02\/Students-at-university-600x600.png 600w, https:\/\/research-says.com\/wp-content\/uploads\/2026\/02\/Students-at-university-100x100.png 100w, https:\/\/research-says.com\/wp-content\/uploads\/2026\/02\/Students-at-university-300x300.png 300w, https:\/\/research-says.com\/wp-content\/uploads\/2026\/02\/Students-at-university-150x150.png 150w, https:\/\/research-says.com\/wp-content\/uploads\/2026\/02\/Students-at-university-768x768.png 768w, https:\/\/research-says.com\/wp-content\/uploads\/2026\/02\/Students-at-university-12x12.png 12w, https:\/\/research-says.com\/wp-content\/uploads\/2026\/02\/Students-at-university.png 1024w\" sizes=\"auto, (max-width: 600px) 100vw, 600px\" \/><\/div>\n\t\t\t\t\t<div class=\"wc-block-grid__product-title\">\ud83c\uddf7\ud83c\uddf4 Romanian for B1 Certification (A1\u2013B1: 3 levels) \ud83c\uddea\ud83c\uddfa<\/div>\n\t\t\t\t<\/a>\n\t\t\t\t<div class=\"wc-block-grid__product-price price\"><del aria-hidden=\"true\"><span class=\"woocommerce-Price-amount amount\"><span class=\"woocommerce-Price-currencySymbol\">&#8378;<\/span>67,200.00<\/span><\/del> <span class=\"screen-reader-text\" data-no-translation=\"\" data-trp-gettext=\"\">Orijinal fiyat: &#8378;67,200.00.<\/span><ins aria-hidden=\"true\"><span class=\"woocommerce-Price-amount amount\"><span class=\"woocommerce-Price-currencySymbol\">&#8378;<\/span>60,480.00<\/span><\/ins><span class=\"screen-reader-text\" data-no-translation=\"\" data-trp-gettext=\"\">\u015eu andaki fiyat: &#8378;60,480.00.<\/span><\/div>\n\t\t\t\t\n\t\t\t\t<div class=\"wp-block-button wc-block-grid__product-add-to-cart\"><a href=\"\/tr\/wp-json\/wp\/v2\/pages\/11510?add-to-cart=11714\" aria-label=\"Sepete ekle: \u201c\ud83c\uddf7\ud83c\uddf4 Romanian for B1 Certification (A1\u2013B1: 3 levels) \ud83c\uddea\ud83c\uddfa\u201d\" data-quantity=\"1\" data-product_id=\"11714\" data-product_sku=\"\" data-price=\"60480\" rel=\"nofollow\" class=\"wp-block-button__link  add_to_cart_button ajax_add_to_cart\" data-no-translation=\"\" data-trp-gettext=\"\" data-no-translation-aria-label=\"\">Sepete Ekle<\/a><\/div>\n\t\t\t<\/li><li class=\"wc-block-grid__product\">\n\t\t\t\t<a href=\"https:\/\/research-says.com\/tr\/urun\/advanced-academic-writing-course\/\" class=\"wc-block-grid__product-link\">\n\t\t\t\t\t\n\t\t\t\t\t<div class=\"wc-block-grid__product-image\"><img loading=\"lazy\" decoding=\"async\" width=\"600\" height=\"600\" src=\"https:\/\/research-says.com\/wp-content\/uploads\/2025\/12\/professionals-600x600.png\" class=\"attachment-woocommerce_thumbnail size-woocommerce_thumbnail\" alt=\"Advanced academic writing course\" srcset=\"https:\/\/research-says.com\/wp-content\/uploads\/2025\/12\/professionals-600x600.png 600w, https:\/\/research-says.com\/wp-content\/uploads\/2025\/12\/professionals-100x100.png 100w, https:\/\/research-says.com\/wp-content\/uploads\/2025\/12\/professionals-300x300.png 300w, https:\/\/research-says.com\/wp-content\/uploads\/2025\/12\/professionals-150x150.png 150w, https:\/\/research-says.com\/wp-content\/uploads\/2025\/12\/professionals-768x768.png 768w, https:\/\/research-says.com\/wp-content\/uploads\/2025\/12\/professionals-12x12.png 12w, https:\/\/research-says.com\/wp-content\/uploads\/2025\/12\/professionals.png 1024w\" sizes=\"auto, (max-width: 600px) 100vw, 600px\" \/><\/div>\n\t\t\t\t\t<div class=\"wc-block-grid__product-title\">\u0130leri D\u00fczey Akademik Yaz\u0131m Dijital Kursu<\/div>\n\t\t\t\t<\/a>\n\t\t\t\t<div class=\"wc-block-grid__product-price price\"><span class=\"woocommerce-Price-amount amount\"><span class=\"woocommerce-Price-currencySymbol\">&#8378;<\/span>12,390.00<\/span><\/div>\n\t\t\t\t\n\t\t\t\t<div class=\"wp-block-button wc-block-grid__product-add-to-cart\"><a href=\"\/tr\/wp-json\/wp\/v2\/pages\/11510?add-to-cart=11687\" aria-label=\"Sepete ekle: \u201cAdvanced Academic Writing Digital Course\u201d\" data-quantity=\"1\" data-product_id=\"11687\" data-product_sku=\"\" data-price=\"12390\" rel=\"nofollow\" class=\"wp-block-button__link  add_to_cart_button ajax_add_to_cart\" data-no-translation=\"\" data-trp-gettext=\"\" data-no-translation-aria-label=\"\">Sepete Ekle<\/a><\/div>\n\t\t\t<\/li><\/ul><\/div><\/div>\n<\/div>","protected":false},"excerpt":{"rendered":"","protected":false},"author":1,"featured_media":0,"parent":0,"menu_order":0,"comment_status":"closed","ping_status":"closed","template":"","meta":{"footnotes":""},"class_list":["post-11510","page","type-page","status-publish","hentry"],"yoast_head":"<!-- This site is optimized with the Yoast SEO plugin v27.3 - https:\/\/yoast.com\/product\/yoast-seo-wordpress\/ -->\n<title>Cart - Language Education &amp; Consultancy<\/title>\n<meta name=\"robots\" content=\"index, follow, max-snippet:-1, max-image-preview:large, max-video-preview:-1\" \/>\n<link rel=\"canonical\" href=\"https:\/\/research-says.com\/tr\/cart\/\" \/>\n<meta property=\"og:locale\" content=\"tr_TR\" \/>\n<meta property=\"og:type\" content=\"article\" \/>\n<meta property=\"og:title\" content=\"Cart - Language Education &amp; Consultancy\" \/>\n<meta property=\"og:url\" content=\"https:\/\/research-says.com\/tr\/cart\/\" \/>\n<meta property=\"og:site_name\" content=\"Language Education &amp; Consultancy\" \/>\n<meta property=\"article:publisher\" content=\"https:\/\/www.facebook.com\/reliableeducationservices\/notifications\/\" \/>\n<meta property=\"og:image\" content=\"https:\/\/research-says.com\/wp-content\/uploads\/2019\/11\/cropped-cropped-cropped-cropped-Student-Teacher-B-W-resized-1.jpg\" \/>\n\t<meta property=\"og:image:width\" content=\"1000\" \/>\n\t<meta property=\"og:image:height\" content=\"625\" \/>\n\t<meta property=\"og:image:type\" content=\"image\/jpeg\" \/>\n<meta name=\"twitter:card\" content=\"summary_large_image\" \/>\n<meta name=\"twitter:site\" content=\"@guveniliregitim\" \/>\n<script type=\"application\/ld+json\" class=\"yoast-schema-graph\">{\"@context\":\"https:\\\/\\\/schema.org\",\"@graph\":[{\"@type\":\"WebPage\",\"@id\":\"https:\\\/\\\/research-says.com\\\/cart\\\/\",\"url\":\"https:\\\/\\\/research-says.com\\\/cart\\\/\",\"name\":\"Cart - Language Education &amp; Consultancy\",\"isPartOf\":{\"@id\":\"https:\\\/\\\/research-says.com\\\/#website\"},\"datePublished\":\"2026-02-19T05:37:51+00:00\",\"breadcrumb\":{\"@id\":\"https:\\\/\\\/research-says.com\\\/cart\\\/#breadcrumb\"},\"inLanguage\":\"tr\",\"potentialAction\":[{\"@type\":\"ReadAction\",\"target\":[\"https:\\\/\\\/research-says.com\\\/cart\\\/\"]}]},{\"@type\":\"BreadcrumbList\",\"@id\":\"https:\\\/\\\/research-says.com\\\/cart\\\/#breadcrumb\",\"itemListElement\":[{\"@type\":\"ListItem\",\"position\":1,\"name\":\"Home\",\"item\":\"https:\\\/\\\/research-says.com\\\/\"},{\"@type\":\"ListItem\",\"position\":2,\"name\":\"Cart\"}]},{\"@type\":\"WebSite\",\"@id\":\"https:\\\/\\\/research-says.com\\\/#website\",\"url\":\"https:\\\/\\\/research-says.com\\\/\",\"name\":\"Language Education &amp; Consultancy\",\"description\":\"Sharper Language. Stronger Communication.\",\"publisher\":{\"@id\":\"https:\\\/\\\/research-says.com\\\/#organization\"},\"potentialAction\":[{\"@type\":\"SearchAction\",\"target\":{\"@type\":\"EntryPoint\",\"urlTemplate\":\"https:\\\/\\\/research-says.com\\\/?s={search_term_string}\"},\"query-input\":{\"@type\":\"PropertyValueSpecification\",\"valueRequired\":true,\"valueName\":\"search_term_string\"}}],\"inLanguage\":\"tr\"},{\"@type\":\"Organization\",\"@id\":\"https:\\\/\\\/research-says.com\\\/#organization\",\"name\":\"Compleat English\",\"alternateName\":\"IELTS Writing\",\"url\":\"https:\\\/\\\/research-says.com\\\/\",\"logo\":{\"@type\":\"ImageObject\",\"inLanguage\":\"tr\",\"@id\":\"https:\\\/\\\/research-says.com\\\/#\\\/schema\\\/logo\\\/image\\\/\",\"url\":\"https:\\\/\\\/research-says.com\\\/wp-content\\\/uploads\\\/2026\\\/03\\\/cropped-cropped-plain-logo-e1772516744844.png\",\"contentUrl\":\"https:\\\/\\\/research-says.com\\\/wp-content\\\/uploads\\\/2026\\\/03\\\/cropped-cropped-plain-logo-e1772516744844.png\",\"width\":150,\"height\":163,\"caption\":\"Compleat English\"},\"image\":{\"@id\":\"https:\\\/\\\/research-says.com\\\/#\\\/schema\\\/logo\\\/image\\\/\"},\"sameAs\":[\"https:\\\/\\\/www.facebook.com\\\/reliableeducationservices\\\/notifications\\\/\",\"https:\\\/\\\/x.com\\\/guveniliregitim\",\"https:\\\/\\\/www.instagram.com\\\/guveniliregitimhizmetleri\\\/\"]}]}<\/script>\n<!-- \/ Yoast SEO plugin. -->","yoast_head_json":{"title":"Cart - Language Education &amp; Consultancy","robots":{"index":"index","follow":"follow","max-snippet":"max-snippet:-1","max-image-preview":"max-image-preview:large","max-video-preview":"max-video-preview:-1"},"canonical":"https:\/\/research-says.com\/tr\/cart\/","og_locale":"tr_TR","og_type":"article","og_title":"Cart - Language Education &amp; Consultancy","og_url":"https:\/\/research-says.com\/tr\/cart\/","og_site_name":"Language Education &amp; Consultancy","article_publisher":"https:\/\/www.facebook.com\/reliableeducationservices\/notifications\/","og_image":[{"width":1000,"height":625,"url":"https:\/\/research-says.com\/wp-content\/uploads\/2019\/11\/cropped-cropped-cropped-cropped-Student-Teacher-B-W-resized-1.jpg","type":"image\/jpeg"}],"twitter_card":"summary_large_image","twitter_site":"@guveniliregitim","schema":{"@context":"https:\/\/schema.org","@graph":[{"@type":"WebPage","@id":"https:\/\/research-says.com\/cart\/","url":"https:\/\/research-says.com\/cart\/","name":"Cart - Language Education &amp; Consultancy","isPartOf":{"@id":"https:\/\/research-says.com\/#website"},"datePublished":"2026-02-19T05:37:51+00:00","breadcrumb":{"@id":"https:\/\/research-says.com\/cart\/#breadcrumb"},"inLanguage":"tr","potentialAction":[{"@type":"ReadAction","target":["https:\/\/research-says.com\/cart\/"]}]},{"@type":"BreadcrumbList","@id":"https:\/\/research-says.com\/cart\/#breadcrumb","itemListElement":[{"@type":"ListItem","position":1,"name":"Home","item":"https:\/\/research-says.com\/"},{"@type":"ListItem","position":2,"name":"Cart"}]},{"@type":"WebSite","@id":"https:\/\/research-says.com\/#website","url":"https:\/\/research-says.com\/","name":"Dil E\u011fitimi ve Dan\u0131\u015fmanl\u0131k","description":"Daha Etkili Dil. Daha G\u00fc\u00e7l\u00fc \u0130leti\u015fim.","publisher":{"@id":"https:\/\/research-says.com\/#organization"},"potentialAction":[{"@type":"SearchAction","target":{"@type":"EntryPoint","urlTemplate":"https:\/\/research-says.com\/?s={search_term_string}"},"query-input":{"@type":"PropertyValueSpecification","valueRequired":true,"valueName":"search_term_string"}}],"inLanguage":"tr"},{"@type":"Organization","@id":"https:\/\/research-says.com\/#organization","name":"Compleat English","alternateName":"IELTS Writing","url":"https:\/\/research-says.com\/","logo":{"@type":"ImageObject","inLanguage":"tr","@id":"https:\/\/research-says.com\/#\/schema\/logo\/image\/","url":"https:\/\/research-says.com\/wp-content\/uploads\/2026\/03\/cropped-cropped-plain-logo-e1772516744844.png","contentUrl":"https:\/\/research-says.com\/wp-content\/uploads\/2026\/03\/cropped-cropped-plain-logo-e1772516744844.png","width":150,"height":163,"caption":"Compleat English"},"image":{"@id":"https:\/\/research-says.com\/#\/schema\/logo\/image\/"},"sameAs":["https:\/\/www.facebook.com\/reliableeducationservices\/notifications\/","https:\/\/x.com\/guveniliregitim","https:\/\/www.instagram.com\/guveniliregitimhizmetleri\/"]}]}},"_links":{"self":[{"href":"https:\/\/research-says.com\/tr\/wp-json\/wp\/v2\/pages\/11510","targetHints":{"allow":["GET"]}}],"collection":[{"href":"https:\/\/research-says.com\/tr\/wp-json\/wp\/v2\/pages"}],"about":[{"href":"https:\/\/research-says.com\/tr\/wp-json\/wp\/v2\/types\/page"}],"author":[{"embeddable":true,"href":"https:\/\/research-says.com\/tr\/wp-json\/wp\/v2\/users\/1"}],"replies":[{"embeddable":true,"href":"https:\/\/research-says.com\/tr\/wp-json\/wp\/v2\/comments?post=11510"}],"version-history":[{"count":0,"href":"https:\/\/research-says.com\/tr\/wp-json\/wp\/v2\/pages\/11510\/revisions"}],"wp:attachment":[{"href":"https:\/\/research-says.com\/tr\/wp-json\/wp\/v2\/media?parent=11510"}],"curies":[{"name":"wp","href":"https:\/\/api.w.org\/{rel}","templated":true}]}}