{"id":2408,"date":"2018-06-15T18:45:54","date_gmt":"2018-06-15T15:45:54","guid":{"rendered":"http:\/\/research-says.com\/?page_id=2408"},"modified":"2025-09-22T17:18:09","modified_gmt":"2025-09-22T14:18:09","slug":"5000-word-list","status":"publish","type":"page","link":"https:\/\/research-says.com\/tr\/5000-word-list\/","title":{"rendered":"The 5000 Most Common Words in English"},"content":{"rendered":"<h5 class=\"wp-block-heading\"><span style=\"font-family: STSong;\">Bu liste, \u0130ngilizce dilindeki en s\u0131k kullan\u0131lan 5000 kelimeyi i\u00e7ermektedir. K1, en yayg\u0131n ilk 1000 kelimeyi; K2, ikinci en yayg\u0131n 1000 kelimeyi; K3, \u00fc\u00e7\u00fcnc\u00fc en yayg\u0131n 1000 kelimeyi ve bu \u015fekilde devam\u0131n\u0131 temsil eder. \u00d6ncelikle bu kelimelerin \u00e7o\u011funu ezberlemeniz gerekir. Ard\u0131ndan, bu kelimeleri farkl\u0131 ba\u011flamlarda g\u00f6rebilmek i\u00e7in okuma, televizyon izleme, \u0130ngilizce kurslar\u0131na kat\u0131lma gibi yollarla dile yeterince maruz kalman\u0131z \u00f6nemlidir.\n\u0130lk 1000 kelime en \u00f6nemli olanlard\u0131r. Hem s\u00f6zl\u00fc hem de yaz\u0131l\u0131 dilin yakla\u015f\u0131k ila \u2019ini kapsarlar.<\/span><\/h5>\n\n\n\n<!-- Embed the full wordlist HTML via iframe -->\n<div style=\"position: relative; width: 100%; height: 0; padding-bottom: 80vh; \/* adjust height ratio if needed *\/\">\n  <iframe \n    src=\"https:\/\/research-says.com\/wp-content\/uploads\/2025\/09\/Wordlist_full_fixed_row.html\" \n    style=\"position: absolute; width: 100%; height: 100%; border: none;\" \n    scrolling=\"auto\"\n  ><\/iframe>\n<\/div>","protected":false},"excerpt":{"rendered":"<p>This list contains the most frequent 5000 words in the English language. k1 represents the first most common 1000 words, k2 the second most common 1000 words, k3 the third&nbsp; most common 1000 words, etc. You will need to learn most of these words by heart first. Then get enough exposure to the language by [&hellip;]<\/p>\n","protected":false},"author":1,"featured_media":0,"parent":0,"menu_order":0,"comment_status":"closed","ping_status":"closed","template":"","meta":{"footnotes":""},"class_list":["post-2408","page","type-page","status-publish","hentry"],"yoast_head":"<!-- This site is optimized with the Yoast SEO plugin v27.4 - https:\/\/yoast.com\/product\/yoast-seo-wordpress\/ -->\n<title>The 5000 Most Common English Words | Complete Word List<\/title>\n<meta name=\"description\" content=\"Discover the 5000 most common English words. Use this complete vocabulary list to improve your fluency and master English faster.\" \/>\n<meta name=\"robots\" content=\"index, follow, max-snippet:-1, max-image-preview:large, max-video-preview:-1\" \/>\n<link rel=\"canonical\" href=\"https:\/\/research-says.com\/tr\/5000-word-list\/\" \/>\n<meta property=\"og:locale\" content=\"tr_TR\" \/>\n<meta property=\"og:type\" content=\"article\" \/>\n<meta property=\"og:title\" content=\"The 5000 Most Common English Words | Complete Word List\" \/>\n<meta property=\"og:description\" content=\"Discover the 5000 most common English words. Use this complete vocabulary list to improve your fluency and master English faster.\" \/>\n<meta property=\"og:url\" content=\"https:\/\/research-says.com\/tr\/5000-word-list\/\" \/>\n<meta property=\"og:site_name\" content=\"Language Education &amp; Consultancy\" \/>\n<meta property=\"article:publisher\" content=\"https:\/\/www.facebook.com\/reliableeducationservices\/notifications\/\" \/>\n<meta property=\"article:modified_time\" content=\"2025-09-22T14:18:09+00:00\" \/>\n<meta property=\"og:image\" content=\"https:\/\/research-says.com\/wp-content\/uploads\/2019\/11\/cropped-cropped-cropped-cropped-Student-Teacher-B-W-resized-1.jpg\" \/>\n\t<meta property=\"og:image:width\" content=\"1000\" \/>\n\t<meta property=\"og:image:height\" content=\"625\" \/>\n\t<meta property=\"og:image:type\" content=\"image\/jpeg\" \/>\n<meta name=\"twitter:card\" content=\"summary_large_image\" \/>\n<meta name=\"twitter:site\" content=\"@guveniliregitim\" \/>\n<meta name=\"twitter:label1\" content=\"Tahmini okuma s\u00fcresi\" \/>\n\t<meta name=\"twitter:data1\" content=\"1 dakika\" \/>\n<script type=\"application\/ld+json\" class=\"yoast-schema-graph\">{\"@context\":\"https:\\\/\\\/schema.org\",\"@graph\":[{\"@type\":\"WebPage\",\"@id\":\"https:\\\/\\\/research-says.com\\\/5000-word-list\\\/\",\"url\":\"https:\\\/\\\/research-says.com\\\/5000-word-list\\\/\",\"name\":\"The 5000 Most Common English Words | Complete Word List\",\"isPartOf\":{\"@id\":\"https:\\\/\\\/research-says.com\\\/#website\"},\"datePublished\":\"2018-06-15T15:45:54+00:00\",\"dateModified\":\"2025-09-22T14:18:09+00:00\",\"description\":\"Discover the 5000 most common English words. Use this complete vocabulary list to improve your fluency and master English faster.\",\"breadcrumb\":{\"@id\":\"https:\\\/\\\/research-says.com\\\/5000-word-list\\\/#breadcrumb\"},\"inLanguage\":\"tr\",\"potentialAction\":[{\"@type\":\"ReadAction\",\"target\":[\"https:\\\/\\\/research-says.com\\\/5000-word-list\\\/\"]}]},{\"@type\":\"BreadcrumbList\",\"@id\":\"https:\\\/\\\/research-says.com\\\/5000-word-list\\\/#breadcrumb\",\"itemListElement\":[{\"@type\":\"ListItem\",\"position\":1,\"name\":\"Home\",\"item\":\"https:\\\/\\\/research-says.com\\\/\"},{\"@type\":\"ListItem\",\"position\":2,\"name\":\"The 5000 Most Common Words in English\"}]},{\"@type\":\"WebSite\",\"@id\":\"https:\\\/\\\/research-says.com\\\/#website\",\"url\":\"https:\\\/\\\/research-says.com\\\/\",\"name\":\"Language Education &amp; Consultancy\",\"description\":\"Sharper Language. Stronger Communication.\",\"publisher\":{\"@id\":\"https:\\\/\\\/research-says.com\\\/#organization\"},\"potentialAction\":[{\"@type\":\"SearchAction\",\"target\":{\"@type\":\"EntryPoint\",\"urlTemplate\":\"https:\\\/\\\/research-says.com\\\/?s={search_term_string}\"},\"query-input\":{\"@type\":\"PropertyValueSpecification\",\"valueRequired\":true,\"valueName\":\"search_term_string\"}}],\"inLanguage\":\"tr\"},{\"@type\":\"Organization\",\"@id\":\"https:\\\/\\\/research-says.com\\\/#organization\",\"name\":\"Compleat English\",\"alternateName\":\"IELTS Writing\",\"url\":\"https:\\\/\\\/research-says.com\\\/\",\"logo\":{\"@type\":\"ImageObject\",\"inLanguage\":\"tr\",\"@id\":\"https:\\\/\\\/research-says.com\\\/#\\\/schema\\\/logo\\\/image\\\/\",\"url\":\"https:\\\/\\\/research-says.com\\\/wp-content\\\/uploads\\\/2026\\\/03\\\/cropped-cropped-plain-logo-e1772516744844.png\",\"contentUrl\":\"https:\\\/\\\/research-says.com\\\/wp-content\\\/uploads\\\/2026\\\/03\\\/cropped-cropped-plain-logo-e1772516744844.png\",\"width\":150,\"height\":163,\"caption\":\"Compleat English\"},\"image\":{\"@id\":\"https:\\\/\\\/research-says.com\\\/#\\\/schema\\\/logo\\\/image\\\/\"},\"sameAs\":[\"https:\\\/\\\/www.facebook.com\\\/reliableeducationservices\\\/notifications\\\/\",\"https:\\\/\\\/x.com\\\/guveniliregitim\",\"https:\\\/\\\/www.instagram.com\\\/guveniliregitimhizmetleri\\\/\"]}]}<\/script>\n<!-- \/ Yoast SEO plugin. -->","yoast_head_json":{"title":"The 5000 Most Common English Words | Complete Word List","description":"Discover the 5000 most common English words. Use this complete vocabulary list to improve your fluency and master English faster.","robots":{"index":"index","follow":"follow","max-snippet":"max-snippet:-1","max-image-preview":"max-image-preview:large","max-video-preview":"max-video-preview:-1"},"canonical":"https:\/\/research-says.com\/tr\/5000-word-list\/","og_locale":"tr_TR","og_type":"article","og_title":"The 5000 Most Common English Words | Complete Word List","og_description":"Discover the 5000 most common English words. Use this complete vocabulary list to improve your fluency and master English faster.","og_url":"https:\/\/research-says.com\/tr\/5000-word-list\/","og_site_name":"Language Education &amp; Consultancy","article_publisher":"https:\/\/www.facebook.com\/reliableeducationservices\/notifications\/","article_modified_time":"2025-09-22T14:18:09+00:00","og_image":[{"width":1000,"height":625,"url":"https:\/\/research-says.com\/wp-content\/uploads\/2019\/11\/cropped-cropped-cropped-cropped-Student-Teacher-B-W-resized-1.jpg","type":"image\/jpeg"}],"twitter_card":"summary_large_image","twitter_site":"@guveniliregitim","twitter_misc":{"Tahmini okuma s\u00fcresi":"1 dakika"},"schema":{"@context":"https:\/\/schema.org","@graph":[{"@type":"WebPage","@id":"https:\/\/research-says.com\/5000-word-list\/","url":"https:\/\/research-says.com\/5000-word-list\/","name":"The 5000 Most Common English Words | Complete Word List","isPartOf":{"@id":"https:\/\/research-says.com\/#website"},"datePublished":"2018-06-15T15:45:54+00:00","dateModified":"2025-09-22T14:18:09+00:00","description":"Discover the 5000 most common English words. Use this complete vocabulary list to improve your fluency and master English faster.","breadcrumb":{"@id":"https:\/\/research-says.com\/5000-word-list\/#breadcrumb"},"inLanguage":"tr","potentialAction":[{"@type":"ReadAction","target":["https:\/\/research-says.com\/5000-word-list\/"]}]},{"@type":"BreadcrumbList","@id":"https:\/\/research-says.com\/5000-word-list\/#breadcrumb","itemListElement":[{"@type":"ListItem","position":1,"name":"Home","item":"https:\/\/research-says.com\/"},{"@type":"ListItem","position":2,"name":"The 5000 Most Common Words in English"}]},{"@type":"WebSite","@id":"https:\/\/research-says.com\/#website","url":"https:\/\/research-says.com\/","name":"Dil E\u011fitimi ve Dan\u0131\u015fmanl\u0131k","description":"Daha Etkili Dil. Daha G\u00fc\u00e7l\u00fc \u0130leti\u015fim.","publisher":{"@id":"https:\/\/research-says.com\/#organization"},"potentialAction":[{"@type":"SearchAction","target":{"@type":"EntryPoint","urlTemplate":"https:\/\/research-says.com\/?s={search_term_string}"},"query-input":{"@type":"PropertyValueSpecification","valueRequired":true,"valueName":"search_term_string"}}],"inLanguage":"tr"},{"@type":"Organization","@id":"https:\/\/research-says.com\/#organization","name":"Compleat English","alternateName":"IELTS Writing","url":"https:\/\/research-says.com\/","logo":{"@type":"ImageObject","inLanguage":"tr","@id":"https:\/\/research-says.com\/#\/schema\/logo\/image\/","url":"https:\/\/research-says.com\/wp-content\/uploads\/2026\/03\/cropped-cropped-plain-logo-e1772516744844.png","contentUrl":"https:\/\/research-says.com\/wp-content\/uploads\/2026\/03\/cropped-cropped-plain-logo-e1772516744844.png","width":150,"height":163,"caption":"Compleat English"},"image":{"@id":"https:\/\/research-says.com\/#\/schema\/logo\/image\/"},"sameAs":["https:\/\/www.facebook.com\/reliableeducationservices\/notifications\/","https:\/\/x.com\/guveniliregitim","https:\/\/www.instagram.com\/guveniliregitimhizmetleri\/"]}]}},"_links":{"self":[{"href":"https:\/\/research-says.com\/tr\/wp-json\/wp\/v2\/pages\/2408","targetHints":{"allow":["GET"]}}],"collection":[{"href":"https:\/\/research-says.com\/tr\/wp-json\/wp\/v2\/pages"}],"about":[{"href":"https:\/\/research-says.com\/tr\/wp-json\/wp\/v2\/types\/page"}],"author":[{"embeddable":true,"href":"https:\/\/research-says.com\/tr\/wp-json\/wp\/v2\/users\/1"}],"replies":[{"embeddable":true,"href":"https:\/\/research-says.com\/tr\/wp-json\/wp\/v2\/comments?post=2408"}],"version-history":[{"count":16,"href":"https:\/\/research-says.com\/tr\/wp-json\/wp\/v2\/pages\/2408\/revisions"}],"predecessor-version":[{"id":7117,"href":"https:\/\/research-says.com\/tr\/wp-json\/wp\/v2\/pages\/2408\/revisions\/7117"}],"wp:attachment":[{"href":"https:\/\/research-says.com\/tr\/wp-json\/wp\/v2\/media?parent=2408"}],"curies":[{"name":"wp","href":"https:\/\/api.w.org\/{rel}","templated":true}]}}