{"id":5794,"date":"2024-11-14T07:26:56","date_gmt":"2024-11-14T04:26:56","guid":{"rendered":"https:\/\/research-says.com\/en\/?page_id=5794"},"modified":"2025-09-10T22:01:52","modified_gmt":"2025-09-10T19:01:52","slug":"self-study-videos","status":"publish","type":"page","link":"https:\/\/research-says.com\/tr\/self-study-videos\/","title":{"rendered":"Bireysel \u00c7al\u0131\u015fma Videolar\u0131"},"content":{"rendered":"<details class=\"wp-block-details is-layout-flow wp-block-details-is-layout-flow\"><summary><\/summary>\n<h2 class=\"wp-block-heading\">Why Use the Toulmin Model in IELTS Essays?<\/h2>\n\n\n\n<p>T<strong>ask Achievement<\/strong>: It ensures all parts of the question are addressed (claim, counterclaim, and evidence).<br><strong>Coherence and Cohesion<\/strong>: The logical structure flows naturally, helping the examiner follow your argument.<br><strong>Lexical Resources and Grammar<\/strong>: The model provides opportunities to use a variety of cohesive devices (e.g., &#8220;however,&#8221; &#8220;for example&#8221;) and sentence structures.<br><strong>Balanced Argument<\/strong>: Acknowledging opposing views demonstrates critical thinking, which is crucial for a high score in IELTS.<br>While the Toulmin model is more detailed than strictly required for IELTS, incorporating its elements can improve clarity and depth, making your argument more persuasive and sophisticated.<\/p>\n<\/details>\n\n\n\n<figure class=\"wp-block-embed is-type-video is-provider-youtube wp-block-embed-youtube wp-embed-aspect-16-9 wp-has-aspect-ratio\"><div class=\"wp-block-embed__wrapper\">\n<iframe loading=\"lazy\" title=\"IELTS Writing Success\" width=\"640\" height=\"360\" src=\"https:\/\/www.youtube.com\/embed\/_ha2I2E6ukg?feature=oembed\" frameborder=\"0\" allow=\"accelerometer; autoplay; clipboard-write; encrypted-media; gyroscope; picture-in-picture; web-share\" referrerpolicy=\"strict-origin-when-cross-origin\" allowfullscreen><\/iframe>\n<\/div><\/figure>\n\n\n\n<figure class=\"wp-block-embed is-type-video is-provider-youtube wp-block-embed-youtube wp-embed-aspect-16-9 wp-has-aspect-ratio\"><div class=\"wp-block-embed__wrapper\">\n<iframe loading=\"lazy\" title=\"IELTS Writing Success: A common writing issue\" width=\"640\" height=\"360\" src=\"https:\/\/www.youtube.com\/embed\/SUH5_b8VVMg?feature=oembed\" frameborder=\"0\" allow=\"accelerometer; autoplay; clipboard-write; encrypted-media; gyroscope; picture-in-picture; web-share\" referrerpolicy=\"strict-origin-when-cross-origin\" allowfullscreen><\/iframe>\n<\/div><\/figure>\n\n\n\n<figure class=\"wp-block-embed is-type-video is-provider-youtube wp-block-embed-youtube wp-embed-aspect-16-9 wp-has-aspect-ratio\"><div class=\"wp-block-embed__wrapper\">\n<iframe loading=\"lazy\" title=\"IELTS Writing Success: Complex and Compound Sentences\" width=\"640\" height=\"360\" src=\"https:\/\/www.youtube.com\/embed\/weoQgXZomnI?feature=oembed\" frameborder=\"0\" allow=\"accelerometer; autoplay; clipboard-write; encrypted-media; gyroscope; picture-in-picture; web-share\" referrerpolicy=\"strict-origin-when-cross-origin\" allowfullscreen><\/iframe>\n<\/div><\/figure>\n\n\n\n<figure class=\"wp-block-embed is-type-video is-provider-youtube wp-block-embed-youtube wp-embed-aspect-16-9 wp-has-aspect-ratio\"><div class=\"wp-block-embed__wrapper\">\n<iframe loading=\"lazy\" title=\"IELTS Writing Success: Mastering the paragraph.\" width=\"640\" height=\"360\" src=\"https:\/\/www.youtube.com\/embed\/jagXlz1J6H4?feature=oembed\" frameborder=\"0\" allow=\"accelerometer; autoplay; clipboard-write; encrypted-media; gyroscope; picture-in-picture; web-share\" referrerpolicy=\"strict-origin-when-cross-origin\" allowfullscreen><\/iframe>\n<\/div><\/figure>\n\n\n\n<figure class=\"wp-block-embed is-type-video is-provider-youtube wp-block-embed-youtube wp-embed-aspect-16-9 wp-has-aspect-ratio\"><div class=\"wp-block-embed__wrapper\">\n<iframe loading=\"lazy\" title=\"IELTS Writing Success Task 2: Simple and Compound Sentences.\" width=\"640\" height=\"360\" src=\"https:\/\/www.youtube.com\/embed\/7lP5aU3C4Ko?feature=oembed\" frameborder=\"0\" allow=\"accelerometer; autoplay; clipboard-write; encrypted-media; gyroscope; picture-in-picture; web-share\" referrerpolicy=\"strict-origin-when-cross-origin\" allowfullscreen><\/iframe>\n<\/div><\/figure>\n\n\n\n<figure class=\"wp-block-embed is-type-video is-provider-youtube wp-block-embed-youtube wp-embed-aspect-16-9 wp-has-aspect-ratio\"><div class=\"wp-block-embed__wrapper\">\n<iframe loading=\"lazy\" title=\"IELTS Writing Success: Writing exam tips\" width=\"640\" height=\"360\" src=\"https:\/\/www.youtube.com\/embed\/zEToxo1--SQ?feature=oembed\" frameborder=\"0\" allow=\"accelerometer; autoplay; clipboard-write; encrypted-media; gyroscope; picture-in-picture; web-share\" referrerpolicy=\"strict-origin-when-cross-origin\" allowfullscreen><\/iframe>\n<\/div><\/figure>","protected":false},"excerpt":{"rendered":"","protected":false},"author":1,"featured_media":0,"parent":0,"menu_order":0,"comment_status":"closed","ping_status":"closed","template":"","meta":{"footnotes":""},"class_list":["post-5794","page","type-page","status-publish","hentry"],"yoast_head":"<!-- This site is optimized with the Yoast SEO plugin v27.3 - https:\/\/yoast.com\/product\/yoast-seo-wordpress\/ -->\n<title>Self-study Videos - Language Education &amp; Consultancy<\/title>\n<meta name=\"robots\" content=\"index, follow, max-snippet:-1, max-image-preview:large, max-video-preview:-1\" \/>\n<link rel=\"canonical\" href=\"https:\/\/research-says.com\/tr\/self-study-videos\/\" \/>\n<meta property=\"og:locale\" content=\"tr_TR\" \/>\n<meta property=\"og:type\" content=\"article\" \/>\n<meta property=\"og:title\" content=\"Self-study Videos - Language Education &amp; Consultancy\" \/>\n<meta property=\"og:url\" content=\"https:\/\/research-says.com\/tr\/self-study-videos\/\" \/>\n<meta property=\"og:site_name\" content=\"Language Education &amp; Consultancy\" \/>\n<meta property=\"article:publisher\" content=\"https:\/\/www.facebook.com\/reliableeducationservices\/notifications\/\" \/>\n<meta property=\"article:modified_time\" content=\"2025-09-10T19:01:52+00:00\" \/>\n<meta property=\"og:image\" content=\"https:\/\/research-says.com\/wp-content\/uploads\/2019\/11\/cropped-cropped-cropped-cropped-Student-Teacher-B-W-resized-1.jpg\" \/>\n\t<meta property=\"og:image:width\" content=\"1000\" \/>\n\t<meta property=\"og:image:height\" content=\"625\" \/>\n\t<meta property=\"og:image:type\" content=\"image\/jpeg\" \/>\n<meta name=\"twitter:card\" content=\"summary_large_image\" \/>\n<meta name=\"twitter:site\" content=\"@guveniliregitim\" \/>\n<meta name=\"twitter:label1\" content=\"Tahmini okuma s\u00fcresi\" \/>\n\t<meta name=\"twitter:data1\" content=\"1 dakika\" \/>\n<script type=\"application\/ld+json\" class=\"yoast-schema-graph\">{\"@context\":\"https:\\\/\\\/schema.org\",\"@graph\":[{\"@type\":\"WebPage\",\"@id\":\"https:\\\/\\\/research-says.com\\\/self-study-videos\\\/\",\"url\":\"https:\\\/\\\/research-says.com\\\/self-study-videos\\\/\",\"name\":\"Self-study Videos - Language Education &amp; Consultancy\",\"isPartOf\":{\"@id\":\"https:\\\/\\\/research-says.com\\\/#website\"},\"datePublished\":\"2024-11-14T04:26:56+00:00\",\"dateModified\":\"2025-09-10T19:01:52+00:00\",\"breadcrumb\":{\"@id\":\"https:\\\/\\\/research-says.com\\\/self-study-videos\\\/#breadcrumb\"},\"inLanguage\":\"tr\",\"potentialAction\":[{\"@type\":\"ReadAction\",\"target\":[\"https:\\\/\\\/research-says.com\\\/self-study-videos\\\/\"]}]},{\"@type\":\"BreadcrumbList\",\"@id\":\"https:\\\/\\\/research-says.com\\\/self-study-videos\\\/#breadcrumb\",\"itemListElement\":[{\"@type\":\"ListItem\",\"position\":1,\"name\":\"Home\",\"item\":\"https:\\\/\\\/research-says.com\\\/\"},{\"@type\":\"ListItem\",\"position\":2,\"name\":\"Self-study Videos\"}]},{\"@type\":\"WebSite\",\"@id\":\"https:\\\/\\\/research-says.com\\\/#website\",\"url\":\"https:\\\/\\\/research-says.com\\\/\",\"name\":\"Language Education &amp; Consultancy\",\"description\":\"Sharper Language. Stronger Communication.\",\"publisher\":{\"@id\":\"https:\\\/\\\/research-says.com\\\/#organization\"},\"potentialAction\":[{\"@type\":\"SearchAction\",\"target\":{\"@type\":\"EntryPoint\",\"urlTemplate\":\"https:\\\/\\\/research-says.com\\\/?s={search_term_string}\"},\"query-input\":{\"@type\":\"PropertyValueSpecification\",\"valueRequired\":true,\"valueName\":\"search_term_string\"}}],\"inLanguage\":\"tr\"},{\"@type\":\"Organization\",\"@id\":\"https:\\\/\\\/research-says.com\\\/#organization\",\"name\":\"Compleat English\",\"alternateName\":\"IELTS Writing\",\"url\":\"https:\\\/\\\/research-says.com\\\/\",\"logo\":{\"@type\":\"ImageObject\",\"inLanguage\":\"tr\",\"@id\":\"https:\\\/\\\/research-says.com\\\/#\\\/schema\\\/logo\\\/image\\\/\",\"url\":\"https:\\\/\\\/research-says.com\\\/wp-content\\\/uploads\\\/2026\\\/03\\\/cropped-cropped-plain-logo-e1772516744844.png\",\"contentUrl\":\"https:\\\/\\\/research-says.com\\\/wp-content\\\/uploads\\\/2026\\\/03\\\/cropped-cropped-plain-logo-e1772516744844.png\",\"width\":150,\"height\":163,\"caption\":\"Compleat English\"},\"image\":{\"@id\":\"https:\\\/\\\/research-says.com\\\/#\\\/schema\\\/logo\\\/image\\\/\"},\"sameAs\":[\"https:\\\/\\\/www.facebook.com\\\/reliableeducationservices\\\/notifications\\\/\",\"https:\\\/\\\/x.com\\\/guveniliregitim\",\"https:\\\/\\\/www.instagram.com\\\/guveniliregitimhizmetleri\\\/\"]}]}<\/script>\n<!-- \/ Yoast SEO plugin. -->","yoast_head_json":{"title":"Self-study Videos - Language Education &amp; Consultancy","robots":{"index":"index","follow":"follow","max-snippet":"max-snippet:-1","max-image-preview":"max-image-preview:large","max-video-preview":"max-video-preview:-1"},"canonical":"https:\/\/research-says.com\/tr\/self-study-videos\/","og_locale":"tr_TR","og_type":"article","og_title":"Self-study Videos - Language Education &amp; Consultancy","og_url":"https:\/\/research-says.com\/tr\/self-study-videos\/","og_site_name":"Language Education &amp; Consultancy","article_publisher":"https:\/\/www.facebook.com\/reliableeducationservices\/notifications\/","article_modified_time":"2025-09-10T19:01:52+00:00","og_image":[{"width":1000,"height":625,"url":"https:\/\/research-says.com\/wp-content\/uploads\/2019\/11\/cropped-cropped-cropped-cropped-Student-Teacher-B-W-resized-1.jpg","type":"image\/jpeg"}],"twitter_card":"summary_large_image","twitter_site":"@guveniliregitim","twitter_misc":{"Tahmini okuma s\u00fcresi":"1 dakika"},"schema":{"@context":"https:\/\/schema.org","@graph":[{"@type":"WebPage","@id":"https:\/\/research-says.com\/self-study-videos\/","url":"https:\/\/research-says.com\/self-study-videos\/","name":"Self-study Videos - Language Education &amp; Consultancy","isPartOf":{"@id":"https:\/\/research-says.com\/#website"},"datePublished":"2024-11-14T04:26:56+00:00","dateModified":"2025-09-10T19:01:52+00:00","breadcrumb":{"@id":"https:\/\/research-says.com\/self-study-videos\/#breadcrumb"},"inLanguage":"tr","potentialAction":[{"@type":"ReadAction","target":["https:\/\/research-says.com\/self-study-videos\/"]}]},{"@type":"BreadcrumbList","@id":"https:\/\/research-says.com\/self-study-videos\/#breadcrumb","itemListElement":[{"@type":"ListItem","position":1,"name":"Home","item":"https:\/\/research-says.com\/"},{"@type":"ListItem","position":2,"name":"Self-study Videos"}]},{"@type":"WebSite","@id":"https:\/\/research-says.com\/#website","url":"https:\/\/research-says.com\/","name":"Dil E\u011fitimi ve Dan\u0131\u015fmanl\u0131k","description":"Daha Etkili Dil. Daha G\u00fc\u00e7l\u00fc \u0130leti\u015fim.","publisher":{"@id":"https:\/\/research-says.com\/#organization"},"potentialAction":[{"@type":"SearchAction","target":{"@type":"EntryPoint","urlTemplate":"https:\/\/research-says.com\/?s={search_term_string}"},"query-input":{"@type":"PropertyValueSpecification","valueRequired":true,"valueName":"search_term_string"}}],"inLanguage":"tr"},{"@type":"Organization","@id":"https:\/\/research-says.com\/#organization","name":"Compleat English","alternateName":"IELTS Writing","url":"https:\/\/research-says.com\/","logo":{"@type":"ImageObject","inLanguage":"tr","@id":"https:\/\/research-says.com\/#\/schema\/logo\/image\/","url":"https:\/\/research-says.com\/wp-content\/uploads\/2026\/03\/cropped-cropped-plain-logo-e1772516744844.png","contentUrl":"https:\/\/research-says.com\/wp-content\/uploads\/2026\/03\/cropped-cropped-plain-logo-e1772516744844.png","width":150,"height":163,"caption":"Compleat English"},"image":{"@id":"https:\/\/research-says.com\/#\/schema\/logo\/image\/"},"sameAs":["https:\/\/www.facebook.com\/reliableeducationservices\/notifications\/","https:\/\/x.com\/guveniliregitim","https:\/\/www.instagram.com\/guveniliregitimhizmetleri\/"]}]}},"_links":{"self":[{"href":"https:\/\/research-says.com\/tr\/wp-json\/wp\/v2\/pages\/5794","targetHints":{"allow":["GET"]}}],"collection":[{"href":"https:\/\/research-says.com\/tr\/wp-json\/wp\/v2\/pages"}],"about":[{"href":"https:\/\/research-says.com\/tr\/wp-json\/wp\/v2\/types\/page"}],"author":[{"embeddable":true,"href":"https:\/\/research-says.com\/tr\/wp-json\/wp\/v2\/users\/1"}],"replies":[{"embeddable":true,"href":"https:\/\/research-says.com\/tr\/wp-json\/wp\/v2\/comments?post=5794"}],"version-history":[{"count":4,"href":"https:\/\/research-says.com\/tr\/wp-json\/wp\/v2\/pages\/5794\/revisions"}],"predecessor-version":[{"id":6579,"href":"https:\/\/research-says.com\/tr\/wp-json\/wp\/v2\/pages\/5794\/revisions\/6579"}],"wp:attachment":[{"href":"https:\/\/research-says.com\/tr\/wp-json\/wp\/v2\/media?parent=5794"}],"curies":[{"name":"wp","href":"https:\/\/api.w.org\/{rel}","templated":true}]}}