{"id":7017,"date":"2025-09-21T16:22:37","date_gmt":"2025-09-21T13:22:37","guid":{"rendered":"https:\/\/research-says.com\/?page_id=7017"},"modified":"2025-09-21T16:25:27","modified_gmt":"2025-09-21T13:25:27","slug":"grammar-test-beginner","status":"publish","type":"page","link":"https:\/\/research-says.com\/tr\/grammar-test-beginner\/","title":{"rendered":"Grammar Test Beginner (A1)"},"content":{"rendered":"<div id=\"watu_quiz\" class=\"quiz-area single-page-quiz\">\n<form action=\"\" method=\"post\" class=\"quiz-form\" id=\"quiz-2\" data-trp-original-action=\"\" >\n\t<p class=\"watu_taker_email\">L\u00fctfen e-postan\u0131z\u0131 girin: <input type=\"text\" name=\"watu_taker_email\" id=\"watuTakerEmail\"><\/p>\n<div class='watu-question' id='question-1'><div class='question-content'><p><span class='watu_num'>1. <\/span><span style=\"font-family: STSong;\"><span style=\"font-size: medium;\"><span style=\"font-size: medium;\">Complete this question:<\/span><\/span><\/span><\/p>\n<p><span style=\"font-family: STSong;\">&#8230; she have any qualifications?<\/span><\/p>\n<\/div><input type='hidden' name='question_id[]' value='5' \/><textarea name='answer-5[]' rows='5' cols='40' id='textarea_q_5' class='watu-textarea watu-textarea-1'><\/textarea><div class='watu-questions-wrap'><input type='hidden' name='answer_ids[]' class='watu-answer-ids' value='1392' \/><input type='hidden' name='answer_ids[]' class='watu-answer-ids' value='1393' \/><\/div><input type='hidden' id='questionType1' value='textarea' class=''><\/div><div class='watu-question' id='question-2'><div class='question-content'><p><span class='watu_num'>2. <\/span><span style=\"font-family: STSong;\">Complete this question:<\/span><\/p>\n<p><span style=\"font-family: STSong;\">&#8230; you work with a computer?<\/span><\/p>\n<\/div><input type='hidden' name='question_id[]' value='4' \/><textarea name='answer-4[]' rows='5' cols='40' id='textarea_q_4' class='watu-textarea watu-textarea-2'><\/textarea><div class='watu-questions-wrap'><input type='hidden' name='answer_ids[]' class='watu-answer-ids' value='1394' \/><input type='hidden' name='answer_ids[]' class='watu-answer-ids' value='1395' \/><\/div><input type='hidden' id='questionType2' value='textarea' class=''><\/div><div class='watu-question' id='question-3'><div class='question-content'><p><span class='watu_num'>3. <\/span><span style=\"font-family: STSong;\">Complete this question:<\/span><\/p>\n<p><span style=\"font-family: STSong;\">&#8230; you speak a foreign language?<\/span><\/p>\n<\/div><input type='hidden' name='question_id[]' value='6' \/><textarea name='answer-6[]' rows='5' cols='40' id='textarea_q_6' class='watu-textarea watu-textarea-3'><\/textarea><div class='watu-questions-wrap'><input type='hidden' name='answer_ids[]' class='watu-answer-ids' value='1364' \/><input type='hidden' name='answer_ids[]' class='watu-answer-ids' value='1365' \/><\/div><input type='hidden' id='questionType3' value='textarea' class=''><\/div><div class='watu-question' id='question-4'><div class='question-content'><p><span class='watu_num'>4. <\/span><span style=\"font-family: STSong;\">Complete this question:<\/span><\/p>\n<p><span style=\"font-family: STSong;\">&#8230; school children wear a uniform?<\/span><\/p>\n<\/div><input type='hidden' name='question_id[]' value='7' \/><textarea name='answer-7[]' rows='5' cols='40' id='textarea_q_7' class='watu-textarea watu-textarea-4'><\/textarea><div class='watu-questions-wrap'><input type='hidden' name='answer_ids[]' class='watu-answer-ids' value='1360' \/><input type='hidden' name='answer_ids[]' class='watu-answer-ids' value='1361' \/><\/div><input type='hidden' id='questionType4' value='textarea' class=''><\/div><div class='watu-question' id='question-5'><div class='question-content'><p><span class='watu_num'>5. <\/span><span style=\"font-family: STSong;\">Order the words to make a question:<\/span><\/p>\n<p><span style=\"font-family: STSong;\">Example: you live where do? Where do you live?<\/span><\/p>\n<p><span style=\"font-family: STSong;\">phones how many do you have?<\/span><\/p>\n<\/div><input type='hidden' name='question_id[]' value='8' \/><textarea name='answer-8[]' rows='5' cols='40' id='textarea_q_8' class='watu-textarea watu-textarea-5'><\/textarea><div class='watu-questions-wrap'><input type='hidden' name='answer_ids[]' class='watu-answer-ids' value='1362' \/><\/div><input type='hidden' id='questionType5' value='textarea' class=''><\/div><div class='watu-question' id='question-6'><div class='question-content'><p><span class='watu_num'>6. <\/span><span style=\"font-family: STSong;\">Order the words to make a question:<\/span><\/p>\n<p><span style=\"font-family: STSong;\">Example: you live where do? Where do you live?<\/span><\/p>\n<p><span style=\"font-family: STSong;\">interesting is job it an?<\/span><\/p>\n<\/div><input type='hidden' name='question_id[]' value='9' \/><textarea name='answer-9[]' rows='5' cols='40' id='textarea_q_9' class='watu-textarea watu-textarea-6'><\/textarea><div class='watu-questions-wrap'><input type='hidden' name='answer_ids[]' class='watu-answer-ids' value='1363' \/><\/div><input type='hidden' id='questionType6' value='textarea' class=''><\/div><div class='watu-question' id='question-7'><div class='question-content'><p><span class='watu_num'>7. <\/span><span style=\"font-family: STSong;\">Order the words to make a question:<\/span><\/p>\n<p><span style=\"font-family: STSong;\">Example: you live where do? Where do you live? you drink how do coffee much?<\/span><\/p>\n<\/div><input type='hidden' name='question_id[]' value='10' \/><textarea name='answer-10[]' rows='5' cols='40' id='textarea_q_10' class='watu-textarea watu-textarea-7'><\/textarea><div class='watu-questions-wrap'><input type='hidden' name='answer_ids[]' class='watu-answer-ids' value='1366' \/><\/div><input type='hidden' id='questionType7' value='textarea' class=''><\/div><div class='watu-question' id='question-8'><div class='question-content'><p><span class='watu_num'>8. <\/span><span style=\"font-family: STSong;\">Order the words to make a question:<\/span><\/p>\n<p><span style=\"font-family: STSong;\">Example: you live where do? Where do you live?<\/span><\/p>\n<p><span style=\"font-family: STSong;\">brother your where from is?<\/span><\/p>\n<\/div><input type='hidden' name='question_id[]' value='11' \/><textarea name='answer-11[]' rows='5' cols='40' id='textarea_q_11' class='watu-textarea watu-textarea-8'><\/textarea><div class='watu-questions-wrap'><input type='hidden' name='answer_ids[]' class='watu-answer-ids' value='1369' \/><\/div><input type='hidden' id='questionType8' value='textarea' class=''><\/div><div class='watu-question' id='question-9'><div class='question-content'><p><span class='watu_num'>9. <\/span><span style=\"font-family: STSong;\">Order the words to make a question:<\/span><\/p>\n<p><span style=\"font-family: STSong;\">Example: you live where do? Where do you live?<\/span><\/p>\n<p><span style=\"font-family: STSong;\">you with work computers do?<\/span><\/p>\n<\/div><input type='hidden' name='question_id[]' value='12' \/><textarea name='answer-12[]' rows='5' cols='40' id='textarea_q_12' class='watu-textarea watu-textarea-9'><\/textarea><div class='watu-questions-wrap'><input type='hidden' name='answer_ids[]' class='watu-answer-ids' value='1371' \/><\/div><input type='hidden' id='questionType9' value='textarea' class=''><\/div><div class='watu-question' id='question-10'><div class='question-content'><p><span class='watu_num'>10. <\/span><span style=\"font-family: STSong;\">Complete the question:<\/span><\/p>\n<p><span style=\"font-family: STSong;\">How many children &#8230; you have? Three: two girls and a boy.<\/span><\/p>\n<\/div><input type='hidden' name='question_id[]' value='13' \/><textarea name='answer-13[]' rows='5' cols='40' id='textarea_q_13' class='watu-textarea watu-textarea-10'><\/textarea><div class='watu-questions-wrap'><input type='hidden' name='answer_ids[]' class='watu-answer-ids' value='1396' \/><input type='hidden' name='answer_ids[]' class='watu-answer-ids' value='1397' \/><input type='hidden' name='answer_ids[]' class='watu-answer-ids' value='1398' \/><\/div><input type='hidden' id='questionType10' value='textarea' class=''><\/div><div class='watu-question' id='question-11'><div class='question-content'><p><span class='watu_num'>11. <\/span><span style=\"font-family: STSong;\">Complete the question:<\/span><\/p>\n<p><span style=\"font-family: STSong;\">What kind of films &#8230; ? He likes science-fiction films.<\/span><\/p>\n<\/div><input type='hidden' name='question_id[]' value='14' \/><textarea name='answer-14[]' rows='5' cols='40' id='textarea_q_14' class='watu-textarea watu-textarea-11'><\/textarea><div class='watu-questions-wrap'><input type='hidden' name='answer_ids[]' class='watu-answer-ids' value='1375' \/><input type='hidden' name='answer_ids[]' class='watu-answer-ids' value='1376' \/><input type='hidden' name='answer_ids[]' class='watu-answer-ids' value='1377' \/><\/div><input type='hidden' id='questionType11' value='textarea' class=''><\/div><div class='watu-question' id='question-12'><div class='question-content'><p><span class='watu_num'>12. <\/span><span style=\"font-family: STSong;\">Complete the question:\u00a0<\/span><\/p>\n<p><span style=\"font-family: STSong;\">Where &#8230;? We&#8217;re from New York.<\/span><\/p>\n<\/div><input type='hidden' name='question_id[]' value='15' \/><textarea name='answer-15[]' rows='5' cols='40' id='textarea_q_15' class='watu-textarea watu-textarea-12'><\/textarea><div class='watu-questions-wrap'><input type='hidden' name='answer_ids[]' class='watu-answer-ids' value='1410' \/><input type='hidden' name='answer_ids[]' class='watu-answer-ids' value='1411' \/><input type='hidden' name='answer_ids[]' class='watu-answer-ids' value='1412' \/><input type='hidden' name='answer_ids[]' class='watu-answer-ids' value='1413' \/><\/div><input type='hidden' id='questionType12' value='textarea' class=''><\/div><div class='watu-question' id='question-13'><div class='question-content'><p><span class='watu_num'>13. <\/span><span style=\"font-family: STSong;\">Complete the question:<\/span><\/p>\n<p><span style=\"font-family: STSong;\">What &#8230; your father do ? He is a lawyer.<\/span><\/p>\n<\/div><input type='hidden' name='question_id[]' value='16' \/><textarea name='answer-16[]' rows='5' cols='40' id='textarea_q_16' class='watu-textarea watu-textarea-13'><\/textarea><div class='watu-questions-wrap'><input type='hidden' name='answer_ids[]' class='watu-answer-ids' value='1399' \/><input type='hidden' name='answer_ids[]' class='watu-answer-ids' value='1400' \/><input type='hidden' name='answer_ids[]' class='watu-answer-ids' value='1401' \/><\/div><input type='hidden' id='questionType13' value='textarea' class=''><\/div><div class='watu-question' id='question-14'><div class='question-content'><p><span class='watu_num'>14. <\/span><span style=\"font-family: STSong;\">Complete the question:<\/span><\/p>\n<p><span style=\"font-family: STSong;\">Where &#8230; ? Our flat is near the market.<\/span><\/p>\n<\/div><input type='hidden' name='question_id[]' value='17' \/><textarea name='answer-17[]' rows='5' cols='40' id='textarea_q_17' class='watu-textarea watu-textarea-14'><\/textarea><div class='watu-questions-wrap'><input type='hidden' name='answer_ids[]' class='watu-answer-ids' value='1402' \/><input type='hidden' name='answer_ids[]' class='watu-answer-ids' value='1403' \/><input type='hidden' name='answer_ids[]' class='watu-answer-ids' value='1404' \/><input type='hidden' name='answer_ids[]' class='watu-answer-ids' value='1405' \/><\/div><input type='hidden' id='questionType14' value='textarea' class=''><\/div><div class='watu-question' id='question-15'><div class='question-content'><p><span class='watu_num'>15. <\/span><span style=\"font-family: STSong;\">Complete the question:<\/span><\/p>\n<p><span style=\"font-family: STSong;\">When &#8230; to the gym? I go on Mondays, Wednesdays and Fridays.<\/span><\/p>\n<\/div><input type='hidden' name='question_id[]' value='18' \/><textarea name='answer-18[]' rows='5' cols='40' id='textarea_q_18' class='watu-textarea watu-textarea-15'><\/textarea><div class='watu-questions-wrap'><input type='hidden' name='answer_ids[]' class='watu-answer-ids' value='1414' \/><input type='hidden' name='answer_ids[]' class='watu-answer-ids' value='1415' \/><input type='hidden' name='answer_ids[]' class='watu-answer-ids' value='1416' \/><\/div><input type='hidden' id='questionType15' value='textarea' class=''><\/div><div style='display:none' id='question-16'><br \/><div class='question-content'><img loading=\"lazy\" decoding=\"async\" src=\"https:\/\/research-says.com\/wp-content\/plugins\/watu\/loading.gif\" width=\"16\" height=\"16\" alt=\"Y\u00fckleniyor ...\" title=\"Y\u00fckleniyor ...\" \/>&nbsp;Y\u00fckleniyor &#8230;<\/div><\/div><br \/>\n<input type=\"button\" name=\"action\" onclick=\"Watu.submitResult()\" id=\"action-button\" value=\"G\u00f6nder\"  class=\"watu-submit-button\" \/>\n<input type=\"hidden\" name=\"no_ajax\" value=\"0\"><input type=\"hidden\" name=\"quiz_id\" value=\"2\" \/>\n<input type=\"hidden\" id=\"watuStartTime\" name=\"start_time\" value=\"2026-04-04 04:10:42\" \/>\n<input type=\"hidden\" name=\"trp-form-language\" value=\"tr\"\/><\/form>\n<\/div>\n<div id=\"watu-loading-result\" style=\"display:none;\">\n\t<p align=\"center\"><img loading=\"lazy\" decoding=\"async\" src=\"https:\/\/research-says.com\/wp-content\/plugins\/watu\/loading.gif\" width=\"16\" height=\"16\" alt=\"Y\u00fckleniyor\" title=\"Y\u00fckleniyor\" \/><\/p>\n<\/div>\t\n<script type=\"text\/javascript\">\nvar exam_id=0;\nvar question_ids='';\nvar watuURL='';\njQuery(function($){\nquestion_ids = \"5,4,6,7,8,9,10,11,12,13,14,15,16,17,18\";\nexam_id = 2;\nWatu.exam_id = exam_id;\nWatu.qArr = question_ids.split(',');\nWatu.post_id = 7017;\nWatu.singlePage = '1';\nWatu.hAppID = \"0.43603100 1775265042\";\nwatuURL = \"https:\/\/research-says.com\/wp-admin\/admin-ajax.php\";\nWatu.noAlertUnanswered = 0;\n});\n<\/script>","protected":false},"excerpt":{"rendered":"","protected":false},"author":1,"featured_media":2266,"parent":0,"menu_order":0,"comment_status":"closed","ping_status":"closed","template":"","meta":{"footnotes":""},"class_list":["post-7017","page","type-page","status-publish","has-post-thumbnail","hentry"],"yoast_head":"<!-- This site is optimized with the Yoast SEO plugin v27.3 - https:\/\/yoast.com\/product\/yoast-seo-wordpress\/ -->\n<title>Grammar Test Beginner (A1) - Language Education &amp; Consultancy<\/title>\n<meta name=\"robots\" content=\"index, follow, max-snippet:-1, max-image-preview:large, max-video-preview:-1\" \/>\n<link rel=\"canonical\" href=\"https:\/\/research-says.com\/tr\/grammar-test-beginner\/\" \/>\n<meta property=\"og:locale\" content=\"tr_TR\" \/>\n<meta property=\"og:type\" content=\"article\" \/>\n<meta property=\"og:title\" content=\"Grammar Test Beginner (A1) - Language Education &amp; Consultancy\" \/>\n<meta property=\"og:url\" content=\"https:\/\/research-says.com\/tr\/grammar-test-beginner\/\" \/>\n<meta property=\"og:site_name\" content=\"Language Education &amp; Consultancy\" \/>\n<meta property=\"article:publisher\" content=\"https:\/\/www.facebook.com\/reliableeducationservices\/notifications\/\" \/>\n<meta property=\"article:modified_time\" content=\"2025-09-21T13:25:27+00:00\" \/>\n<meta property=\"og:image\" content=\"https:\/\/research-says.com\/wp-content\/uploads\/2018\/06\/Whats-Your-Name.png\" \/>\n\t<meta property=\"og:image:width\" content=\"800\" \/>\n\t<meta property=\"og:image:height\" content=\"534\" \/>\n\t<meta property=\"og:image:type\" content=\"image\/png\" \/>\n<meta name=\"twitter:card\" content=\"summary_large_image\" \/>\n<meta name=\"twitter:site\" content=\"@guveniliregitim\" \/>\n<meta name=\"twitter:label1\" content=\"Tahmini okuma s\u00fcresi\" \/>\n\t<meta name=\"twitter:data1\" content=\"1 dakika\" \/>\n<script type=\"application\/ld+json\" class=\"yoast-schema-graph\">{\"@context\":\"https:\\\/\\\/schema.org\",\"@graph\":[{\"@type\":\"WebPage\",\"@id\":\"https:\\\/\\\/research-says.com\\\/grammar-test-beginner\\\/\",\"url\":\"https:\\\/\\\/research-says.com\\\/grammar-test-beginner\\\/\",\"name\":\"Grammar Test Beginner (A1) - Language Education &amp; Consultancy\",\"isPartOf\":{\"@id\":\"https:\\\/\\\/research-says.com\\\/#website\"},\"primaryImageOfPage\":{\"@id\":\"https:\\\/\\\/research-says.com\\\/grammar-test-beginner\\\/#primaryimage\"},\"image\":{\"@id\":\"https:\\\/\\\/research-says.com\\\/grammar-test-beginner\\\/#primaryimage\"},\"thumbnailUrl\":\"https:\\\/\\\/research-says.com\\\/wp-content\\\/uploads\\\/2018\\\/06\\\/Whats-Your-Name.png\",\"datePublished\":\"2025-09-21T13:22:37+00:00\",\"dateModified\":\"2025-09-21T13:25:27+00:00\",\"breadcrumb\":{\"@id\":\"https:\\\/\\\/research-says.com\\\/grammar-test-beginner\\\/#breadcrumb\"},\"inLanguage\":\"tr\",\"potentialAction\":[{\"@type\":\"ReadAction\",\"target\":[\"https:\\\/\\\/research-says.com\\\/grammar-test-beginner\\\/\"]}]},{\"@type\":\"ImageObject\",\"inLanguage\":\"tr\",\"@id\":\"https:\\\/\\\/research-says.com\\\/grammar-test-beginner\\\/#primaryimage\",\"url\":\"https:\\\/\\\/research-says.com\\\/wp-content\\\/uploads\\\/2018\\\/06\\\/Whats-Your-Name.png\",\"contentUrl\":\"https:\\\/\\\/research-says.com\\\/wp-content\\\/uploads\\\/2018\\\/06\\\/Whats-Your-Name.png\",\"width\":800,\"height\":534},{\"@type\":\"BreadcrumbList\",\"@id\":\"https:\\\/\\\/research-says.com\\\/grammar-test-beginner\\\/#breadcrumb\",\"itemListElement\":[{\"@type\":\"ListItem\",\"position\":1,\"name\":\"Home\",\"item\":\"https:\\\/\\\/research-says.com\\\/\"},{\"@type\":\"ListItem\",\"position\":2,\"name\":\"Grammar Test Beginner (A1)\"}]},{\"@type\":\"WebSite\",\"@id\":\"https:\\\/\\\/research-says.com\\\/#website\",\"url\":\"https:\\\/\\\/research-says.com\\\/\",\"name\":\"Language Education &amp; Consultancy\",\"description\":\"Sharper Language. Stronger Communication.\",\"publisher\":{\"@id\":\"https:\\\/\\\/research-says.com\\\/#organization\"},\"potentialAction\":[{\"@type\":\"SearchAction\",\"target\":{\"@type\":\"EntryPoint\",\"urlTemplate\":\"https:\\\/\\\/research-says.com\\\/?s={search_term_string}\"},\"query-input\":{\"@type\":\"PropertyValueSpecification\",\"valueRequired\":true,\"valueName\":\"search_term_string\"}}],\"inLanguage\":\"tr\"},{\"@type\":\"Organization\",\"@id\":\"https:\\\/\\\/research-says.com\\\/#organization\",\"name\":\"Compleat English\",\"alternateName\":\"IELTS Writing\",\"url\":\"https:\\\/\\\/research-says.com\\\/\",\"logo\":{\"@type\":\"ImageObject\",\"inLanguage\":\"tr\",\"@id\":\"https:\\\/\\\/research-says.com\\\/#\\\/schema\\\/logo\\\/image\\\/\",\"url\":\"https:\\\/\\\/research-says.com\\\/wp-content\\\/uploads\\\/2026\\\/03\\\/cropped-cropped-plain-logo-e1772516744844.png\",\"contentUrl\":\"https:\\\/\\\/research-says.com\\\/wp-content\\\/uploads\\\/2026\\\/03\\\/cropped-cropped-plain-logo-e1772516744844.png\",\"width\":150,\"height\":163,\"caption\":\"Compleat English\"},\"image\":{\"@id\":\"https:\\\/\\\/research-says.com\\\/#\\\/schema\\\/logo\\\/image\\\/\"},\"sameAs\":[\"https:\\\/\\\/www.facebook.com\\\/reliableeducationservices\\\/notifications\\\/\",\"https:\\\/\\\/x.com\\\/guveniliregitim\",\"https:\\\/\\\/www.instagram.com\\\/guveniliregitimhizmetleri\\\/\"]}]}<\/script>\n<!-- \/ Yoast SEO plugin. -->","yoast_head_json":{"title":"Grammar Test Beginner (A1) - Language Education &amp; Consultancy","robots":{"index":"index","follow":"follow","max-snippet":"max-snippet:-1","max-image-preview":"max-image-preview:large","max-video-preview":"max-video-preview:-1"},"canonical":"https:\/\/research-says.com\/tr\/grammar-test-beginner\/","og_locale":"tr_TR","og_type":"article","og_title":"Grammar Test Beginner (A1) - Language Education &amp; Consultancy","og_url":"https:\/\/research-says.com\/tr\/grammar-test-beginner\/","og_site_name":"Language Education &amp; Consultancy","article_publisher":"https:\/\/www.facebook.com\/reliableeducationservices\/notifications\/","article_modified_time":"2025-09-21T13:25:27+00:00","og_image":[{"width":800,"height":534,"url":"https:\/\/research-says.com\/wp-content\/uploads\/2018\/06\/Whats-Your-Name.png","type":"image\/png"}],"twitter_card":"summary_large_image","twitter_site":"@guveniliregitim","twitter_misc":{"Tahmini okuma s\u00fcresi":"1 dakika"},"schema":{"@context":"https:\/\/schema.org","@graph":[{"@type":"WebPage","@id":"https:\/\/research-says.com\/grammar-test-beginner\/","url":"https:\/\/research-says.com\/grammar-test-beginner\/","name":"Grammar Test Beginner (A1) - Language Education &amp; Consultancy","isPartOf":{"@id":"https:\/\/research-says.com\/#website"},"primaryImageOfPage":{"@id":"https:\/\/research-says.com\/grammar-test-beginner\/#primaryimage"},"image":{"@id":"https:\/\/research-says.com\/grammar-test-beginner\/#primaryimage"},"thumbnailUrl":"https:\/\/research-says.com\/wp-content\/uploads\/2018\/06\/Whats-Your-Name.png","datePublished":"2025-09-21T13:22:37+00:00","dateModified":"2025-09-21T13:25:27+00:00","breadcrumb":{"@id":"https:\/\/research-says.com\/grammar-test-beginner\/#breadcrumb"},"inLanguage":"tr","potentialAction":[{"@type":"ReadAction","target":["https:\/\/research-says.com\/grammar-test-beginner\/"]}]},{"@type":"ImageObject","inLanguage":"tr","@id":"https:\/\/research-says.com\/grammar-test-beginner\/#primaryimage","url":"https:\/\/research-says.com\/wp-content\/uploads\/2018\/06\/Whats-Your-Name.png","contentUrl":"https:\/\/research-says.com\/wp-content\/uploads\/2018\/06\/Whats-Your-Name.png","width":800,"height":534},{"@type":"BreadcrumbList","@id":"https:\/\/research-says.com\/grammar-test-beginner\/#breadcrumb","itemListElement":[{"@type":"ListItem","position":1,"name":"Home","item":"https:\/\/research-says.com\/"},{"@type":"ListItem","position":2,"name":"Grammar Test Beginner (A1)"}]},{"@type":"WebSite","@id":"https:\/\/research-says.com\/#website","url":"https:\/\/research-says.com\/","name":"Dil E\u011fitimi ve Dan\u0131\u015fmanl\u0131k","description":"Daha Etkili Dil. Daha G\u00fc\u00e7l\u00fc \u0130leti\u015fim.","publisher":{"@id":"https:\/\/research-says.com\/#organization"},"potentialAction":[{"@type":"SearchAction","target":{"@type":"EntryPoint","urlTemplate":"https:\/\/research-says.com\/?s={search_term_string}"},"query-input":{"@type":"PropertyValueSpecification","valueRequired":true,"valueName":"search_term_string"}}],"inLanguage":"tr"},{"@type":"Organization","@id":"https:\/\/research-says.com\/#organization","name":"Compleat English","alternateName":"IELTS Writing","url":"https:\/\/research-says.com\/","logo":{"@type":"ImageObject","inLanguage":"tr","@id":"https:\/\/research-says.com\/#\/schema\/logo\/image\/","url":"https:\/\/research-says.com\/wp-content\/uploads\/2026\/03\/cropped-cropped-plain-logo-e1772516744844.png","contentUrl":"https:\/\/research-says.com\/wp-content\/uploads\/2026\/03\/cropped-cropped-plain-logo-e1772516744844.png","width":150,"height":163,"caption":"Compleat English"},"image":{"@id":"https:\/\/research-says.com\/#\/schema\/logo\/image\/"},"sameAs":["https:\/\/www.facebook.com\/reliableeducationservices\/notifications\/","https:\/\/x.com\/guveniliregitim","https:\/\/www.instagram.com\/guveniliregitimhizmetleri\/"]}]}},"_links":{"self":[{"href":"https:\/\/research-says.com\/tr\/wp-json\/wp\/v2\/pages\/7017","targetHints":{"allow":["GET"]}}],"collection":[{"href":"https:\/\/research-says.com\/tr\/wp-json\/wp\/v2\/pages"}],"about":[{"href":"https:\/\/research-says.com\/tr\/wp-json\/wp\/v2\/types\/page"}],"author":[{"embeddable":true,"href":"https:\/\/research-says.com\/tr\/wp-json\/wp\/v2\/users\/1"}],"replies":[{"embeddable":true,"href":"https:\/\/research-says.com\/tr\/wp-json\/wp\/v2\/comments?post=7017"}],"version-history":[{"count":2,"href":"https:\/\/research-says.com\/tr\/wp-json\/wp\/v2\/pages\/7017\/revisions"}],"predecessor-version":[{"id":7020,"href":"https:\/\/research-says.com\/tr\/wp-json\/wp\/v2\/pages\/7017\/revisions\/7020"}],"wp:featuredmedia":[{"embeddable":true,"href":"https:\/\/research-says.com\/tr\/wp-json\/wp\/v2\/media\/2266"}],"wp:attachment":[{"href":"https:\/\/research-says.com\/tr\/wp-json\/wp\/v2\/media?parent=7017"}],"curies":[{"name":"wp","href":"https:\/\/api.w.org\/{rel}","templated":true}]}}