{"id":8332,"date":"2025-11-03T09:44:18","date_gmt":"2025-11-03T06:44:18","guid":{"rendered":"https:\/\/research-says.com\/?page_id=8332"},"modified":"2025-11-03T09:44:19","modified_gmt":"2025-11-03T06:44:19","slug":"submit-your-manuscript","status":"publish","type":"page","link":"https:\/\/research-says.com\/tr\/submit-your-manuscript\/","title":{"rendered":"Submit Your Manuscript"},"content":{"rendered":"<div class=\"everest-forms\"><div class=\"evf-container default\" id=\"evf-5848\"><form id=\"evf-form-5848\" class=\"everest-form\" data-formid=\"5848\" data-ajax_submission=\"0\" data-keyboard_friendly_form=\"0\" data-form_state_type=\"\" method=\"post\" enctype=\"multipart\/form-data\" action=\"\/tr\/wp-json\/wp\/v2\/pages\/8332\"><div class=\"evf-field-container\"><input type=\"hidden\" id=\"_wpnonce5848\" name=\"_wpnonce5848\" value=\"43ca7a35aa\" \/><input type=\"hidden\" name=\"_wp_http_referer\" value=\"\/tr\/wp-json\/wp\/v2\/pages\/8332\" \/><div class=\"evf-frontend-row\" data-row=\"row_1\" conditional_rules=\"[]\"><div class=\"evf-frontend-grid evf-grid-2\" data-grid=\"grid_1\"><div id=\"evf-5848-field_XXcfI5q8y2-1-container\" class=\"evf-field evf-field-first-name form-row\" data-field-id=\"XXcfI5q8y2-1\"><label class=\"evf-field-label\" for=\"evf-5848-field_XXcfI5q8y2-1\"><span class=\"evf-label\">First Name<\/span> <\/label><input type=\"text\" id=\"evf-5848-field_XXcfI5q8y2-1\" class=\"input-text\" name=\"everest_forms[form_fields][XXcfI5q8y2-1]\" ><\/div><\/div><div class=\"evf-frontend-grid evf-grid-2\" data-grid=\"grid_2\"><div id=\"evf-5848-field_lMlTKQpqfH-2-container\" class=\"evf-field evf-field-last-name form-row\" data-field-id=\"lMlTKQpqfH-2\"><label class=\"evf-field-label\" for=\"evf-5848-field_lMlTKQpqfH-2\"><span class=\"evf-label\">Last Name<\/span> <\/label><input type=\"text\" id=\"evf-5848-field_lMlTKQpqfH-2\" class=\"input-text\" name=\"everest_forms[form_fields][lMlTKQpqfH-2]\" ><\/div><\/div><\/div><div class=\"evf-frontend-row\" data-row=\"row_2\" conditional_rules=\"[]\"><div class=\"evf-frontend-grid evf-grid-1\" data-grid=\"grid_1\"><div id=\"evf-5848-field_LeT8KDhDLd-3-container\" class=\"evf-field evf-field-select form-row\" data-field-id=\"LeT8KDhDLd-3\"><label class=\"evf-field-label\" for=\"evf-5848-field_LeT8KDhDLd-3\"><span class=\"evf-label\">Type of Document<\/span> <\/label><select id=\"evf-5848-field_LeT8KDhDLd-3\" class=\"input-text\" name=\"everest_forms[form_fields][LeT8KDhDLd-3]\" ><option value=\"Article\" >Article<\/option><option value=\"Thesis\" >Thesis<\/option><option value=\"Book\" >Book<\/option><\/select><\/div><\/div><\/div><div class=\"evf-frontend-row\" data-row=\"row_3\" conditional_rules=\"[]\"><div class=\"evf-frontend-grid evf-grid-1\" data-grid=\"grid_1\"><div id=\"evf-5848-field_f8D3TmDf3n-4-container\" class=\"evf-field evf-field-select form-row\" data-field-id=\"f8D3TmDf3n-4\"><label class=\"evf-field-label\" for=\"evf-5848-field_f8D3TmDf3n-4\"><span class=\"evf-label\">Delivery Time<\/span> <\/label><select id=\"evf-5848-field_f8D3TmDf3n-4\" class=\"input-text\" name=\"everest_forms[form_fields][f8D3TmDf3n-4]\" ><option value=\"Rapid\" >Rapid<\/option><option value=\"Standard\" >Standard<\/option><\/select><\/div><div id=\"evf-5848-field_zcpIkjA31i-6-container\" class=\"evf-field evf-field-email form-row validate-required validate-email\" data-required-field-message=\"Please enter a valid email address.\" data-field-id=\"zcpIkjA31i-6\"><label class=\"evf-field-label\" for=\"evf-5848-field_zcpIkjA31i-6\"><span class=\"evf-label\">Email Address<\/span> <abbr class=\"required\" title=\"Required\">*<\/abbr><\/label><input type=\"email\" id=\"evf-5848-field_zcpIkjA31i-6\" class=\"input-text\" name=\"everest_forms[form_fields][zcpIkjA31i-6]\" required ><\/div><div id=\"evf-5848-field_3gNSNHYYRm-5-container\" class=\"evf-field evf-field-file-upload form-row\" data-field-id=\"3gNSNHYYRm-5\"><label class=\"evf-field-label\" for=\"evf-5848-field_3gNSNHYYRm-5\"><span class=\"evf-label\">File Upload<\/span> <\/label>\t\t<div class=\"everest-forms-uploader\"\n\t\t\tdata-field-id=\"3gNSNHYYRm-5\"\n\t\t\tdata-form-id=\"5848\"\n\t\t\tdata-input-name=\"everest_forms_5848_3gNSNHYYRm-5\"\n\t\t\tdata-extensions=\"jpg,jpeg,jpe,gif,png,bmp,tiff,tif,webp,avif,ico,heic,heif,heics,heifs,asf,asx,wmv,wmx,wm,avi,divx,mov,qt,mpeg,mpg,mpe,mp4,m4v,ogv,webm,mkv,3gp,3gpp,3g2,3gp2,txt,asc,c,cc,h,srt,csv,tsv,ics,rtx,css,html,vtt,dfxp,mp3,m4a,m4b,aac,ra,ram,wav,x-wav,ogg,oga,flac,mid,midi,wma,wax,mka,rtf,pdf,class,tar,zip,gz,gzip,rar,7z,psd,xcf,doc,pot,pps,ppt,wri,xla,xls,xlt,xlw,mpp,docx,docm,dotx,dotm,xlsx,xlsm,xlsb,xltx,xltm,xlam,pptx,pptm,ppsx,ppsm,potx,potm,ppam,sldx,sldm,onetoc,onetoc2,onetmp,onepkg,oxps,xps,odt,odp,ods,odg,odc,odb,odf,wp,wpd,key,numbers,pages\"\n\t\t\tdata-max-size=\"33554432\"\n\t\t\tdata-max-file-number=\"1\"\n\t\t\tdata-post-max-size=\"33554432\"\n\t\t\tdata-current-file-count=\"0\"\n\t\t\t>\n\t\t\t<div class=\"dz-message\">\n\t\t\t\t<svg xmlns=\"http:\/\/www.w3.org\/2000\/svg\" viewBox=\"0 0 32 32\" width=\"32px\" height=\"32px\" fill=\"#868e96\"><path class=\"cls-1\" d=\"M18.12,17.52,17,16.4V25a1,1,0,0,1-2,0V16.4l-1.12,1.12a1,1,0,0,1-1.42,0,1,1,0,0,1,0-1.41l2.83-2.83a1,1,0,0,1,1.42,0l2.83,2.83a1,1,0,0,1-.71,1.7A1,1,0,0,1,18.12,17.52ZM22,22H20a1,1,0,0,1,0-2h2a4,4,0,0,0,.27-8,1,1,0,0,1-.84-.57,6,6,0,0,0-11.36,1.69,1,1,0,0,1-1,.86H9A3,3,0,0,0,9,20h3a1,1,0,0,1,0,2H9a5,5,0,0,1-.75-9.94A8,8,0,0,1,23,10.1,6,6,0,0,1,22,22Z\"\/><\/svg>\n\t\t\t\t<span class=\"everest-forms-upload-title\">\n\t\t\t\t\tDrop your file here or click here to upload\t\t\t\t<\/span>\n\n\t\t\t\t\t\t\t\t\t<span class=\"everest-forms-upload-hint\">\n\t\t\t\t\t\tYou can upload up to 1 files.\t\t\t\t\t<\/span>\n\t\t\t\t\t\t\t<\/div>\n\t\t\t\t\t<\/div>\n\t\t<input type=\"text\" class=\"dropzone-input input-text\" id=\"everest-forms-5848-field_3gNSNHYYRm-5\" name=\"everest_forms_5848_3gNSNHYYRm-5\"  conditional_id=\"\" conditional_rules=''>\n\t\t<\/div><\/div><\/div><\/div><div class=\"evf-honeypot-container evf-field-hp\"><label for=\"evf-5848-field-hp\" class=\"evf-field-label\">Message<\/label><input type=\"text\" name=\"everest_forms[hp]\" id=\"evf-5848-field-hp\" class=\"input-text\"><\/div><div class=\"evf-submit-container \" ><input type=\"hidden\" name=\"everest_forms[id]\" value=\"5848\"><input type=\"hidden\" name=\"everest_forms[author]\" value=\"1\"><button type='submit' name='everest_forms[submit]' class='everest-forms-submit-button button evf-submit ' id='evf-submit-5848' value='evf-submit' data-process-text=\"Processing\u2026\" conditional_rules='&quot;&quot;' conditional_id='evf-submit-5848'  id=\"evf-submit-5848\" aria-live=\"assertive\">Submit<\/button><\/div><\/form><\/div><!-- .evf-container --><\/div>","protected":false},"excerpt":{"rendered":"","protected":false},"author":1,"featured_media":995,"parent":0,"menu_order":0,"comment_status":"closed","ping_status":"closed","template":"","meta":{"footnotes":""},"class_list":["post-8332","page","type-page","status-publish","has-post-thumbnail","hentry"],"yoast_head":"<!-- This site is optimized with the Yoast SEO plugin v27.3 - https:\/\/yoast.com\/product\/yoast-seo-wordpress\/ -->\n<title>Submit Your Manuscript - Language Education &amp; Consultancy<\/title>\n<meta name=\"robots\" content=\"index, follow, max-snippet:-1, max-image-preview:large, max-video-preview:-1\" \/>\n<link rel=\"canonical\" href=\"https:\/\/research-says.com\/tr\/submit-your-manuscript\/\" \/>\n<meta property=\"og:locale\" content=\"tr_TR\" \/>\n<meta property=\"og:type\" content=\"article\" \/>\n<meta property=\"og:title\" content=\"Submit Your Manuscript - Language Education &amp; Consultancy\" \/>\n<meta property=\"og:url\" content=\"https:\/\/research-says.com\/tr\/submit-your-manuscript\/\" \/>\n<meta property=\"og:site_name\" content=\"Language Education &amp; Consultancy\" \/>\n<meta property=\"article:publisher\" content=\"https:\/\/www.facebook.com\/reliableeducationservices\/notifications\/\" \/>\n<meta property=\"article:modified_time\" content=\"2025-11-03T06:44:19+00:00\" \/>\n<meta property=\"og:image\" content=\"https:\/\/research-says.com\/wp-content\/uploads\/2018\/01\/Man-proofreading.jpg\" \/>\n\t<meta property=\"og:image:width\" content=\"1255\" \/>\n\t<meta property=\"og:image:height\" content=\"836\" \/>\n\t<meta property=\"og:image:type\" content=\"image\/jpeg\" \/>\n<meta name=\"twitter:card\" content=\"summary_large_image\" \/>\n<meta name=\"twitter:site\" content=\"@guveniliregitim\" \/>\n<meta name=\"twitter:label1\" content=\"Tahmini okuma s\u00fcresi\" \/>\n\t<meta name=\"twitter:data1\" content=\"1 dakika\" \/>\n<script type=\"application\/ld+json\" class=\"yoast-schema-graph\">{\"@context\":\"https:\\\/\\\/schema.org\",\"@graph\":[{\"@type\":\"WebPage\",\"@id\":\"https:\\\/\\\/research-says.com\\\/submit-your-manuscript\\\/\",\"url\":\"https:\\\/\\\/research-says.com\\\/submit-your-manuscript\\\/\",\"name\":\"Submit Your Manuscript - Language Education &amp; Consultancy\",\"isPartOf\":{\"@id\":\"https:\\\/\\\/research-says.com\\\/#website\"},\"primaryImageOfPage\":{\"@id\":\"https:\\\/\\\/research-says.com\\\/submit-your-manuscript\\\/#primaryimage\"},\"image\":{\"@id\":\"https:\\\/\\\/research-says.com\\\/submit-your-manuscript\\\/#primaryimage\"},\"thumbnailUrl\":\"https:\\\/\\\/research-says.com\\\/wp-content\\\/uploads\\\/2018\\\/01\\\/Man-proofreading.jpg\",\"datePublished\":\"2025-11-03T06:44:18+00:00\",\"dateModified\":\"2025-11-03T06:44:19+00:00\",\"breadcrumb\":{\"@id\":\"https:\\\/\\\/research-says.com\\\/submit-your-manuscript\\\/#breadcrumb\"},\"inLanguage\":\"tr\",\"potentialAction\":[{\"@type\":\"ReadAction\",\"target\":[\"https:\\\/\\\/research-says.com\\\/submit-your-manuscript\\\/\"]}]},{\"@type\":\"ImageObject\",\"inLanguage\":\"tr\",\"@id\":\"https:\\\/\\\/research-says.com\\\/submit-your-manuscript\\\/#primaryimage\",\"url\":\"https:\\\/\\\/research-says.com\\\/wp-content\\\/uploads\\\/2018\\\/01\\\/Man-proofreading.jpg\",\"contentUrl\":\"https:\\\/\\\/research-says.com\\\/wp-content\\\/uploads\\\/2018\\\/01\\\/Man-proofreading.jpg\",\"width\":1255,\"height\":836,\"caption\":\"Geed feedback on your writing skills.\"},{\"@type\":\"BreadcrumbList\",\"@id\":\"https:\\\/\\\/research-says.com\\\/submit-your-manuscript\\\/#breadcrumb\",\"itemListElement\":[{\"@type\":\"ListItem\",\"position\":1,\"name\":\"Home\",\"item\":\"https:\\\/\\\/research-says.com\\\/\"},{\"@type\":\"ListItem\",\"position\":2,\"name\":\"Submit Your Manuscript\"}]},{\"@type\":\"WebSite\",\"@id\":\"https:\\\/\\\/research-says.com\\\/#website\",\"url\":\"https:\\\/\\\/research-says.com\\\/\",\"name\":\"Language Education &amp; Consultancy\",\"description\":\"Sharper Language. Stronger Communication.\",\"publisher\":{\"@id\":\"https:\\\/\\\/research-says.com\\\/#organization\"},\"potentialAction\":[{\"@type\":\"SearchAction\",\"target\":{\"@type\":\"EntryPoint\",\"urlTemplate\":\"https:\\\/\\\/research-says.com\\\/?s={search_term_string}\"},\"query-input\":{\"@type\":\"PropertyValueSpecification\",\"valueRequired\":true,\"valueName\":\"search_term_string\"}}],\"inLanguage\":\"tr\"},{\"@type\":\"Organization\",\"@id\":\"https:\\\/\\\/research-says.com\\\/#organization\",\"name\":\"Compleat English\",\"alternateName\":\"IELTS Writing\",\"url\":\"https:\\\/\\\/research-says.com\\\/\",\"logo\":{\"@type\":\"ImageObject\",\"inLanguage\":\"tr\",\"@id\":\"https:\\\/\\\/research-says.com\\\/#\\\/schema\\\/logo\\\/image\\\/\",\"url\":\"https:\\\/\\\/research-says.com\\\/wp-content\\\/uploads\\\/2026\\\/03\\\/cropped-cropped-plain-logo-e1772516744844.png\",\"contentUrl\":\"https:\\\/\\\/research-says.com\\\/wp-content\\\/uploads\\\/2026\\\/03\\\/cropped-cropped-plain-logo-e1772516744844.png\",\"width\":150,\"height\":163,\"caption\":\"Compleat English\"},\"image\":{\"@id\":\"https:\\\/\\\/research-says.com\\\/#\\\/schema\\\/logo\\\/image\\\/\"},\"sameAs\":[\"https:\\\/\\\/www.facebook.com\\\/reliableeducationservices\\\/notifications\\\/\",\"https:\\\/\\\/x.com\\\/guveniliregitim\",\"https:\\\/\\\/www.instagram.com\\\/guveniliregitimhizmetleri\\\/\"]}]}<\/script>\n<!-- \/ Yoast SEO plugin. -->","yoast_head_json":{"title":"Submit Your Manuscript - Language Education &amp; Consultancy","robots":{"index":"index","follow":"follow","max-snippet":"max-snippet:-1","max-image-preview":"max-image-preview:large","max-video-preview":"max-video-preview:-1"},"canonical":"https:\/\/research-says.com\/tr\/submit-your-manuscript\/","og_locale":"tr_TR","og_type":"article","og_title":"Submit Your Manuscript - Language Education &amp; Consultancy","og_url":"https:\/\/research-says.com\/tr\/submit-your-manuscript\/","og_site_name":"Language Education &amp; Consultancy","article_publisher":"https:\/\/www.facebook.com\/reliableeducationservices\/notifications\/","article_modified_time":"2025-11-03T06:44:19+00:00","og_image":[{"width":1255,"height":836,"url":"https:\/\/research-says.com\/wp-content\/uploads\/2018\/01\/Man-proofreading.jpg","type":"image\/jpeg"}],"twitter_card":"summary_large_image","twitter_site":"@guveniliregitim","twitter_misc":{"Tahmini okuma s\u00fcresi":"1 dakika"},"schema":{"@context":"https:\/\/schema.org","@graph":[{"@type":"WebPage","@id":"https:\/\/research-says.com\/submit-your-manuscript\/","url":"https:\/\/research-says.com\/submit-your-manuscript\/","name":"Submit Your Manuscript - Language Education &amp; Consultancy","isPartOf":{"@id":"https:\/\/research-says.com\/#website"},"primaryImageOfPage":{"@id":"https:\/\/research-says.com\/submit-your-manuscript\/#primaryimage"},"image":{"@id":"https:\/\/research-says.com\/submit-your-manuscript\/#primaryimage"},"thumbnailUrl":"https:\/\/research-says.com\/wp-content\/uploads\/2018\/01\/Man-proofreading.jpg","datePublished":"2025-11-03T06:44:18+00:00","dateModified":"2025-11-03T06:44:19+00:00","breadcrumb":{"@id":"https:\/\/research-says.com\/submit-your-manuscript\/#breadcrumb"},"inLanguage":"tr","potentialAction":[{"@type":"ReadAction","target":["https:\/\/research-says.com\/submit-your-manuscript\/"]}]},{"@type":"ImageObject","inLanguage":"tr","@id":"https:\/\/research-says.com\/submit-your-manuscript\/#primaryimage","url":"https:\/\/research-says.com\/wp-content\/uploads\/2018\/01\/Man-proofreading.jpg","contentUrl":"https:\/\/research-says.com\/wp-content\/uploads\/2018\/01\/Man-proofreading.jpg","width":1255,"height":836,"caption":"Geed feedback on your writing skills."},{"@type":"BreadcrumbList","@id":"https:\/\/research-says.com\/submit-your-manuscript\/#breadcrumb","itemListElement":[{"@type":"ListItem","position":1,"name":"Home","item":"https:\/\/research-says.com\/"},{"@type":"ListItem","position":2,"name":"Submit Your Manuscript"}]},{"@type":"WebSite","@id":"https:\/\/research-says.com\/#website","url":"https:\/\/research-says.com\/","name":"Dil E\u011fitimi ve Dan\u0131\u015fmanl\u0131k","description":"Daha Etkili Dil. Daha G\u00fc\u00e7l\u00fc \u0130leti\u015fim.","publisher":{"@id":"https:\/\/research-says.com\/#organization"},"potentialAction":[{"@type":"SearchAction","target":{"@type":"EntryPoint","urlTemplate":"https:\/\/research-says.com\/?s={search_term_string}"},"query-input":{"@type":"PropertyValueSpecification","valueRequired":true,"valueName":"search_term_string"}}],"inLanguage":"tr"},{"@type":"Organization","@id":"https:\/\/research-says.com\/#organization","name":"Compleat English","alternateName":"IELTS Writing","url":"https:\/\/research-says.com\/","logo":{"@type":"ImageObject","inLanguage":"tr","@id":"https:\/\/research-says.com\/#\/schema\/logo\/image\/","url":"https:\/\/research-says.com\/wp-content\/uploads\/2026\/03\/cropped-cropped-plain-logo-e1772516744844.png","contentUrl":"https:\/\/research-says.com\/wp-content\/uploads\/2026\/03\/cropped-cropped-plain-logo-e1772516744844.png","width":150,"height":163,"caption":"Compleat English"},"image":{"@id":"https:\/\/research-says.com\/#\/schema\/logo\/image\/"},"sameAs":["https:\/\/www.facebook.com\/reliableeducationservices\/notifications\/","https:\/\/x.com\/guveniliregitim","https:\/\/www.instagram.com\/guveniliregitimhizmetleri\/"]}]}},"_links":{"self":[{"href":"https:\/\/research-says.com\/tr\/wp-json\/wp\/v2\/pages\/8332","targetHints":{"allow":["GET"]}}],"collection":[{"href":"https:\/\/research-says.com\/tr\/wp-json\/wp\/v2\/pages"}],"about":[{"href":"https:\/\/research-says.com\/tr\/wp-json\/wp\/v2\/types\/page"}],"author":[{"embeddable":true,"href":"https:\/\/research-says.com\/tr\/wp-json\/wp\/v2\/users\/1"}],"replies":[{"embeddable":true,"href":"https:\/\/research-says.com\/tr\/wp-json\/wp\/v2\/comments?post=8332"}],"version-history":[{"count":1,"href":"https:\/\/research-says.com\/tr\/wp-json\/wp\/v2\/pages\/8332\/revisions"}],"predecessor-version":[{"id":8334,"href":"https:\/\/research-says.com\/tr\/wp-json\/wp\/v2\/pages\/8332\/revisions\/8334"}],"wp:featuredmedia":[{"embeddable":true,"href":"https:\/\/research-says.com\/tr\/wp-json\/wp\/v2\/media\/995"}],"wp:attachment":[{"href":"https:\/\/research-says.com\/tr\/wp-json\/wp\/v2\/media?parent=8332"}],"curies":[{"name":"wp","href":"https:\/\/api.w.org\/{rel}","templated":true}]}}