{"id":8352,"date":"2025-11-04T18:53:27","date_gmt":"2025-11-04T15:53:27","guid":{"rendered":"https:\/\/research-says.com\/?page_id=8352"},"modified":"2025-11-17T01:15:39","modified_gmt":"2025-11-16T22:15:39","slug":"mastering-adverbs-in-english","status":"publish","type":"page","link":"https:\/\/research-says.com\/tr\/mastering-adverbs-in-english\/","title":{"rendered":"\u0130ngilizce Zarflar\u0131 \u00d6\u011fren ve Ustala\u015f"},"content":{"rendered":"<p><\/p>\n\n\n\n<div class=\"wp-block-pdfjsblock-pdfjs-embed pdfjs-wrapper\"><\/div>\n\n\n\n<div style=\"width:100%; text-align:center; margin:30px auto;\">\n  <a href=\"https:\/\/researchsays.gumroad.com\/l\/qnngw\"\n     target=\"_blank\" rel=\"noopener\"\n     style=\"display:inline-block;            background:#2b6cb0;            color:#fff !important;            padding:12px 28px;            border-radius:8px;            font-weight:600;            font-family:Helvetica, Arial, sans-serif;            text-decoration:none;            border:2px solid #2b6cb0;            margin:0 auto;\">\n    \u270d\ufe0f <em>I want this!<\/em>\n  <\/a>\n<\/div>","protected":false},"excerpt":{"rendered":"<p>\u270d\ufe0f I want this!<\/p>","protected":false},"author":1,"featured_media":0,"parent":0,"menu_order":0,"comment_status":"closed","ping_status":"closed","template":"","meta":{"footnotes":""},"class_list":["post-8352","page","type-page","status-publish","hentry"],"yoast_head":"<!-- This site is optimized with the Yoast SEO plugin v27.3 - https:\/\/yoast.com\/product\/yoast-seo-wordpress\/ -->\n<title>Use Adverbs for Powerful, Fluent Writing<\/title>\n<meta name=\"description\" content=\"Use adverbs to Improve clarity flow, and precision in writing. Mastering Adverbs in English is great for learners and teachers alike.\" \/>\n<meta name=\"robots\" content=\"index, follow, max-snippet:-1, max-image-preview:large, max-video-preview:-1\" \/>\n<link rel=\"canonical\" href=\"https:\/\/research-says.com\/tr\/mastering-adverbs-in-english\/\" \/>\n<meta property=\"og:locale\" content=\"tr_TR\" \/>\n<meta property=\"og:type\" content=\"article\" \/>\n<meta property=\"og:title\" content=\"Use Adverbs for Powerful, Fluent Writing\" \/>\n<meta property=\"og:description\" content=\"Use adverbs to Improve clarity flow, and precision in writing. Mastering Adverbs in English is great for learners and teachers alike.\" \/>\n<meta property=\"og:url\" content=\"https:\/\/research-says.com\/tr\/mastering-adverbs-in-english\/\" \/>\n<meta property=\"og:site_name\" content=\"Language Education &amp; Consultancy\" \/>\n<meta property=\"article:publisher\" content=\"https:\/\/www.facebook.com\/reliableeducationservices\/notifications\/\" \/>\n<meta property=\"article:modified_time\" content=\"2025-11-16T22:15:39+00:00\" \/>\n<meta property=\"og:image\" content=\"https:\/\/research-says.com\/wp-content\/uploads\/2019\/11\/cropped-cropped-cropped-cropped-Student-Teacher-B-W-resized-1.jpg\" \/>\n\t<meta property=\"og:image:width\" content=\"1000\" \/>\n\t<meta property=\"og:image:height\" content=\"625\" \/>\n\t<meta property=\"og:image:type\" content=\"image\/jpeg\" \/>\n<meta name=\"twitter:card\" content=\"summary_large_image\" \/>\n<meta name=\"twitter:site\" content=\"@guveniliregitim\" \/>\n<meta name=\"twitter:label1\" content=\"Tahmini okuma s\u00fcresi\" \/>\n\t<meta name=\"twitter:data1\" content=\"1 dakika\" \/>\n<script type=\"application\/ld+json\" class=\"yoast-schema-graph\">{\"@context\":\"https:\\\/\\\/schema.org\",\"@graph\":[{\"@type\":\"WebPage\",\"@id\":\"https:\\\/\\\/research-says.com\\\/mastering-adverbs-in-english\\\/\",\"url\":\"https:\\\/\\\/research-says.com\\\/mastering-adverbs-in-english\\\/\",\"name\":\"Use Adverbs for Powerful, Fluent Writing\",\"isPartOf\":{\"@id\":\"https:\\\/\\\/research-says.com\\\/#website\"},\"datePublished\":\"2025-11-04T15:53:27+00:00\",\"dateModified\":\"2025-11-16T22:15:39+00:00\",\"description\":\"Use adverbs to Improve clarity flow, and precision in writing. Mastering Adverbs in English is great for learners and teachers alike.\",\"breadcrumb\":{\"@id\":\"https:\\\/\\\/research-says.com\\\/mastering-adverbs-in-english\\\/#breadcrumb\"},\"inLanguage\":\"tr\",\"potentialAction\":[{\"@type\":\"ReadAction\",\"target\":[\"https:\\\/\\\/research-says.com\\\/mastering-adverbs-in-english\\\/\"]}]},{\"@type\":\"BreadcrumbList\",\"@id\":\"https:\\\/\\\/research-says.com\\\/mastering-adverbs-in-english\\\/#breadcrumb\",\"itemListElement\":[{\"@type\":\"ListItem\",\"position\":1,\"name\":\"Home\",\"item\":\"https:\\\/\\\/research-says.com\\\/\"},{\"@type\":\"ListItem\",\"position\":2,\"name\":\"Mastering Adverbs in English\"}]},{\"@type\":\"WebSite\",\"@id\":\"https:\\\/\\\/research-says.com\\\/#website\",\"url\":\"https:\\\/\\\/research-says.com\\\/\",\"name\":\"Language Education &amp; Consultancy\",\"description\":\"Sharper Language. Stronger Communication.\",\"publisher\":{\"@id\":\"https:\\\/\\\/research-says.com\\\/#organization\"},\"potentialAction\":[{\"@type\":\"SearchAction\",\"target\":{\"@type\":\"EntryPoint\",\"urlTemplate\":\"https:\\\/\\\/research-says.com\\\/?s={search_term_string}\"},\"query-input\":{\"@type\":\"PropertyValueSpecification\",\"valueRequired\":true,\"valueName\":\"search_term_string\"}}],\"inLanguage\":\"tr\"},{\"@type\":\"Organization\",\"@id\":\"https:\\\/\\\/research-says.com\\\/#organization\",\"name\":\"Compleat English\",\"alternateName\":\"IELTS Writing\",\"url\":\"https:\\\/\\\/research-says.com\\\/\",\"logo\":{\"@type\":\"ImageObject\",\"inLanguage\":\"tr\",\"@id\":\"https:\\\/\\\/research-says.com\\\/#\\\/schema\\\/logo\\\/image\\\/\",\"url\":\"https:\\\/\\\/research-says.com\\\/wp-content\\\/uploads\\\/2026\\\/03\\\/cropped-cropped-plain-logo-e1772516744844.png\",\"contentUrl\":\"https:\\\/\\\/research-says.com\\\/wp-content\\\/uploads\\\/2026\\\/03\\\/cropped-cropped-plain-logo-e1772516744844.png\",\"width\":150,\"height\":163,\"caption\":\"Compleat English\"},\"image\":{\"@id\":\"https:\\\/\\\/research-says.com\\\/#\\\/schema\\\/logo\\\/image\\\/\"},\"sameAs\":[\"https:\\\/\\\/www.facebook.com\\\/reliableeducationservices\\\/notifications\\\/\",\"https:\\\/\\\/x.com\\\/guveniliregitim\",\"https:\\\/\\\/www.instagram.com\\\/guveniliregitimhizmetleri\\\/\"]}]}<\/script>\n<!-- \/ Yoast SEO plugin. -->","yoast_head_json":{"title":"Use Adverbs for Powerful, Fluent Writing","description":"Use adverbs to Improve clarity flow, and precision in writing. Mastering Adverbs in English is great for learners and teachers alike.","robots":{"index":"index","follow":"follow","max-snippet":"max-snippet:-1","max-image-preview":"max-image-preview:large","max-video-preview":"max-video-preview:-1"},"canonical":"https:\/\/research-says.com\/tr\/mastering-adverbs-in-english\/","og_locale":"tr_TR","og_type":"article","og_title":"Use Adverbs for Powerful, Fluent Writing","og_description":"Use adverbs to Improve clarity flow, and precision in writing. Mastering Adverbs in English is great for learners and teachers alike.","og_url":"https:\/\/research-says.com\/tr\/mastering-adverbs-in-english\/","og_site_name":"Language Education &amp; Consultancy","article_publisher":"https:\/\/www.facebook.com\/reliableeducationservices\/notifications\/","article_modified_time":"2025-11-16T22:15:39+00:00","og_image":[{"width":1000,"height":625,"url":"https:\/\/research-says.com\/wp-content\/uploads\/2019\/11\/cropped-cropped-cropped-cropped-Student-Teacher-B-W-resized-1.jpg","type":"image\/jpeg"}],"twitter_card":"summary_large_image","twitter_site":"@guveniliregitim","twitter_misc":{"Tahmini okuma s\u00fcresi":"1 dakika"},"schema":{"@context":"https:\/\/schema.org","@graph":[{"@type":"WebPage","@id":"https:\/\/research-says.com\/mastering-adverbs-in-english\/","url":"https:\/\/research-says.com\/mastering-adverbs-in-english\/","name":"Use Adverbs for Powerful, Fluent Writing","isPartOf":{"@id":"https:\/\/research-says.com\/#website"},"datePublished":"2025-11-04T15:53:27+00:00","dateModified":"2025-11-16T22:15:39+00:00","description":"Use adverbs to Improve clarity flow, and precision in writing. Mastering Adverbs in English is great for learners and teachers alike.","breadcrumb":{"@id":"https:\/\/research-says.com\/mastering-adverbs-in-english\/#breadcrumb"},"inLanguage":"tr","potentialAction":[{"@type":"ReadAction","target":["https:\/\/research-says.com\/mastering-adverbs-in-english\/"]}]},{"@type":"BreadcrumbList","@id":"https:\/\/research-says.com\/mastering-adverbs-in-english\/#breadcrumb","itemListElement":[{"@type":"ListItem","position":1,"name":"Home","item":"https:\/\/research-says.com\/"},{"@type":"ListItem","position":2,"name":"Mastering Adverbs in English"}]},{"@type":"WebSite","@id":"https:\/\/research-says.com\/#website","url":"https:\/\/research-says.com\/","name":"Dil E\u011fitimi ve Dan\u0131\u015fmanl\u0131k","description":"Daha Etkili Dil. Daha G\u00fc\u00e7l\u00fc \u0130leti\u015fim.","publisher":{"@id":"https:\/\/research-says.com\/#organization"},"potentialAction":[{"@type":"SearchAction","target":{"@type":"EntryPoint","urlTemplate":"https:\/\/research-says.com\/?s={search_term_string}"},"query-input":{"@type":"PropertyValueSpecification","valueRequired":true,"valueName":"search_term_string"}}],"inLanguage":"tr"},{"@type":"Organization","@id":"https:\/\/research-says.com\/#organization","name":"Compleat English","alternateName":"IELTS Writing","url":"https:\/\/research-says.com\/","logo":{"@type":"ImageObject","inLanguage":"tr","@id":"https:\/\/research-says.com\/#\/schema\/logo\/image\/","url":"https:\/\/research-says.com\/wp-content\/uploads\/2026\/03\/cropped-cropped-plain-logo-e1772516744844.png","contentUrl":"https:\/\/research-says.com\/wp-content\/uploads\/2026\/03\/cropped-cropped-plain-logo-e1772516744844.png","width":150,"height":163,"caption":"Compleat English"},"image":{"@id":"https:\/\/research-says.com\/#\/schema\/logo\/image\/"},"sameAs":["https:\/\/www.facebook.com\/reliableeducationservices\/notifications\/","https:\/\/x.com\/guveniliregitim","https:\/\/www.instagram.com\/guveniliregitimhizmetleri\/"]}]}},"_links":{"self":[{"href":"https:\/\/research-says.com\/tr\/wp-json\/wp\/v2\/pages\/8352","targetHints":{"allow":["GET"]}}],"collection":[{"href":"https:\/\/research-says.com\/tr\/wp-json\/wp\/v2\/pages"}],"about":[{"href":"https:\/\/research-says.com\/tr\/wp-json\/wp\/v2\/types\/page"}],"author":[{"embeddable":true,"href":"https:\/\/research-says.com\/tr\/wp-json\/wp\/v2\/users\/1"}],"replies":[{"embeddable":true,"href":"https:\/\/research-says.com\/tr\/wp-json\/wp\/v2\/comments?post=8352"}],"version-history":[{"count":14,"href":"https:\/\/research-says.com\/tr\/wp-json\/wp\/v2\/pages\/8352\/revisions"}],"predecessor-version":[{"id":9440,"href":"https:\/\/research-says.com\/tr\/wp-json\/wp\/v2\/pages\/8352\/revisions\/9440"}],"wp:attachment":[{"href":"https:\/\/research-says.com\/tr\/wp-json\/wp\/v2\/media?parent=8352"}],"curies":[{"name":"wp","href":"https:\/\/api.w.org\/{rel}","templated":true}]}}