{"id":8791,"date":"2025-11-09T17:28:50","date_gmt":"2025-11-09T14:28:50","guid":{"rendered":"https:\/\/research-says.com\/?page_id=8791"},"modified":"2025-11-11T21:29:23","modified_gmt":"2025-11-11T18:29:23","slug":"free-materials","status":"publish","type":"page","link":"https:\/\/research-says.com\/tr\/free-materials\/","title":{"rendered":"\u00dccretsiz Kaynaklar"},"content":{"rendered":"<!-- \ud83d\udd01 Free IELTS Resources Carousel (scrollable cards) -->\n<style>\n  .rs-carousel-wrap {\n    max-width: 1100px;\n    margin: 25px auto;\n    padding: 0 10px;\n  }\n  .rs-carousel-title {\n    color: #4fc3f7;\n    margin-bottom: 12px;\n    font-size: 1.4rem;\n  }\n  .rs-carousel {\n    display: flex;\n    gap: 16px;\n    overflow-x: auto;\n    scroll-snap-type: x mandatory;\n    padding-bottom: 6px;\n  }\n  .rs-carousel::-webkit-scrollbar {\n    height: 6px;\n  }\n  .rs-carousel::-webkit-scrollbar-thumb {\n    background: #444;\n    border-radius: 10px;\n  }\n  .rs-card {\n    min-width: 280px;\n    background: #111;\n    border: 1px solid #333;\n    border-radius: 10px;\n    padding: 16px;\n    scroll-snap-align: start;\n    flex: 0 0 280px;\n  }\n  .rs-card h3 {\n    margin-top: 0;\n    color: #fff;\n    font-size: 1.05rem;\n  }\n  .rs-card p {\n    color: #ccc;\n    font-size: 0.9rem;\n    margin-bottom: 14px;\n  }\n  .rs-card a {\n    display: inline-block;\n    background: #4fc3f7;\n    color: #000 !important;\n    padding: 7px 14px;\n    border-radius: 6px;\n    font-weight: 600;\n    text-decoration: none;\n  }\n  @media (max-width: 600px) {\n    .rs-card {\n      min-width: 85%;\n    }\n  }\n<\/style>\n\n<div class=\"rs-carousel-wrap\">\n  <h2 class=\"rs-carousel-title\">\ud83d\udcda \u00dccretsiz IELTS \u00c7al\u0131\u015fma Materyalleri<\/h2>\n  <div class=\"rs-carousel\">\n    \n    <!-- Card 1 -->\n    <div class=\"rs-card\">\n      <h3>IELTS Writing Task 2 Yazma \u00d6rnekleri<\/h3>\n      <p>Yap\u0131, tutarl\u0131l\u0131k ve Band 7+ dil a\u00e7\u0131s\u0131ndan analiz edebilece\u011finiz model cevaplar.<\/p>\n      <a href=\"https:\/\/research-says.com\/ielts-writing-task-2-sample-essays\/\" target=\"_blank\" rel=\"noopener\">\n        Denemeleri G\u00f6r\u00fcnt\u00fcle \u2192\n      <\/a>\n    <\/div>\n\n    <!-- Card 2 -->\n    <div class=\"rs-card\">\n      <h3>\u0130ngilizce Zarflar\u0131 \u00d6\u011fren ve Ustala\u015f<\/h3>\n      <p>C\u00fcmleleri daha kesin ve akademik hale getirmek i\u00e7in dilbilgisi odakl\u0131 rehber.<\/p>\n      <a href=\"https:\/\/research-says.com\/mastering-adverbs-in-english\/\" target=\"_blank\" rel=\"noopener\">\n        Rehberi Oku \u2192\n      <\/a>\n    <\/div>\n\n    <!-- Card 3 -->\n    <div class=\"rs-card\">\n      <h3>Kendi Ba\u015f\u0131na \u00d6\u011frenme Videolar\u0131<\/h3>\n      <p>IELTS yaz\u0131m\u0131n\u0131 geli\u015ftirmek i\u00e7in istedi\u011finiz zaman izleyebilece\u011finiz k\u0131sa dersler.<\/p>\n      <a href=\"https:\/\/research-says.com\/self-study-videos\/\" target=\"_blank\" rel=\"noopener\">\n        Hemen \u0130zle \u2192\n      <\/a>\n    <\/div>\n   <!-- Card 4 -->\n    <div class=\"rs-card\">\n      <h3>IELTS \u00c7al\u0131\u015fma Plan\u0131<\/h3>\n      <p>G\u00fcnl\u00fck hedefler, s\u0131nav tarz\u0131 al\u0131\u015ft\u0131rmalar, strateji ipu\u00e7lar\u0131 ve g\u00f6zden ge\u00e7irme kontrol listeleri ile d\u00f6rt becerinin (Dinleme, Okuma, Yazma ve Konu\u015fma) t\u00fcm\u00fcn\u00fc kapsayan 4 haftal\u0131k yap\u0131land\u0131r\u0131lm\u0131\u015f bir yol haritas\u0131. Beceri geli\u015ftirme ve zamanl\u0131 s\u0131nav prati\u011fini dengelemek i\u00e7in tasarlanm\u0131\u015ft\u0131r, b\u00f6ylece daha uzun de\u011fil, daha ak\u0131ll\u0131ca \u00e7al\u0131\u015fabilirsiniz.<\/p>\n      <a href=\"https:\/\/research-says.com\/ielts-study-plan\/\" target=\"_blank\" rel=\"noopener\">\n        \u00c7al\u0131\u015fma plan\u0131n\u0131z\u0131 al\u0131n \u2192\n      <\/a>\n    <\/div>\n\n  <\/div>\n<\/div>\n\n\n\n<!-- =================== FREE PRACTICE CAROUSELS =================== -->\n<style>\n  .rs-carousel-wrap {\n    max-width: 1100px;\n    margin: 30px auto;\n    padding: 0 10px;\n    font-family: sans-serif;\n  }\n  .rs-carousel-title {\n    color: #4fc3f7;\n    margin-bottom: 12px;\n    font-size: 1.35rem;\n  }\n  .rs-carousel {\n    display: flex;\n    gap: 16px;\n    overflow-x: auto;\n    scroll-snap-type: x mandatory;\n    padding-bottom: 6px;\n  }\n  .rs-carousel::-webkit-scrollbar {\n    height: 6px;\n  }\n  .rs-carousel::-webkit-scrollbar-thumb {\n    background: #444;\n    border-radius: 10px;\n  }\n  .rs-card {\n    min-width: 280px;\n    background: #111;\n    border: 1px solid #333;\n    border-radius: 10px;\n    padding: 16px;\n    scroll-snap-align: start;\n    flex: 0 0 280px;\n  }\n  .rs-card h3 {\n    margin-top: 0;\n    color: #fff;\n    font-size: 1.02rem;\n  }\n  .rs-card p {\n    color: #ccc;\n    font-size: 0.88rem;\n    margin-bottom: 14px;\n  }\n  .rs-card a {\n    display: inline-block;\n    background: #4fc3f7;\n    color: #000 !important;\n    padding: 7px 14px;\n    border-radius: 6px;\n    font-weight: 600;\n    text-decoration: none;\n  }\n  @media (max-width: 600px) {\n    .rs-card {\n      min-width: 85%;\n    }\n  }\n<\/style>\n\n<!-- 1) GRAMMAR TESTS -->\n<div class=\"rs-carousel-wrap\">\n  <h2 class=\"rs-carousel-title\">\ud83e\uddea Gramer Testleri<\/h2>\n  <div class=\"rs-carousel\">\n\n    <div class=\"rs-card\">\n      <h3>Gramer Testi \u2013 Ba\u015flang\u0131\u00e7 Seviyesi<\/h3>\n      <p>Temel zamanlar, basit yap\u0131lar - A1-A2 i\u00e7in iyi.<\/p>\n      <a href=\"https:\/\/research-says.com\/grammar-test-beginner\/\" target=\"_blank\" rel=\"noopener\">Testi Ba\u015flat \u2192<\/a>\n    <\/div>\n\n    <div class=\"rs-card\">\n      <h3>Dilbilgisi Testi \u2013 Temel D\u00fczey<\/h3>\n      <p>Geni\u015f zaman\/ s\u00fcreklilik, sorular, edatlar.<\/p>\n      <a href=\"https:\/\/research-says.com\/grammar-tests\/elementary\/\" target=\"_blank\" rel=\"noopener\">Testi Ba\u015flat \u2192<\/a>\n    <\/div>\n\n    <div class=\"rs-card\">\n      <h3>Gramer Testi \u2013 \u00d6n Orta Seviye<\/h3>\n      <p>IELTS'e haz\u0131rlanan B1 \u00f6\u011frencileri i\u00e7in faydal\u0131d\u0131r.<\/p>\n      <a href=\"https:\/\/research-says.com\/grammar-tests\/english-test-pre-intermediate\/\" target=\"_blank\" rel=\"noopener\">Testi Ba\u015flat \u2192<\/a>\n    <\/div>\n\n    <div class=\"rs-card\">\n      <h3>Gramer Testi \u2013 Orta \u00dcst\u00fc Seviye<\/h3>\n      <p>\u015eart c\u00fcmleleri, pasifler, rapor edilmi\u015f konu\u015fma - B2 seviyesi.<\/p>\n      <a href=\"https:\/\/research-says.com\/grammar-tests\/upper-intermediate\/\" target=\"_blank\" rel=\"noopener\">Testi Ba\u015flat \u2192<\/a>\n    <\/div>\n\n    <div class=\"rs-card\">\n      <h3>Gramer Testi \u2013 \u0130leri Seviye<\/h3>\n      <p>Do\u011frulu\u011funu kontrol etmek isteyen C1\/C2 \u00f6\u011frencileri i\u00e7in.<\/p>\n      <a href=\"https:\/\/research-says.com\/grammar-tests\/advanced\/\" target=\"_blank\" rel=\"noopener\">Testi Ba\u015flat \u2192<\/a>\n    <\/div>\n\n  <\/div>\n<\/div>\n\n<!-- 2) USEFUL WORDS -->\n<div class=\"rs-carousel-wrap\">\n  <h2 class=\"rs-carousel-title\">\ud83d\uddc2 Faydal\u0131 Kelimeler ve Listeler<\/h2>\n  <div class=\"rs-carousel\">\n\n    <div class=\"rs-card\">\n      <h3>En Yayg\u0131n 5000 Kelime<\/h3>\n      <p>G\u00fcnl\u00fck ve akademik kullan\u0131m i\u00e7in temel \u0130ngilizce kelime bilgisi.<\/p>\n      <a href=\"https:\/\/research-says.com\/5000-word-list\/\" target=\"_blank\" rel=\"noopener\">Listeyi A\u00e7 \u2192<\/a>\n    <\/div>\n\n    <div class=\"rs-card\">\n      <h3>Faydal\u0131 Kelimeler<\/h3>\n      <p>Denemelerde ve konu\u015fmalarda kullanabilece\u011finiz konu temelli kelimeler.<\/p>\n      <a href=\"https:\/\/research-says.com\/useful-vocabulary\/\" target=\"_blank\" rel=\"noopener\">Kelimeleri G\u00f6r \u2192<\/a>\n    <\/div>\n\n    <div class=\"rs-card\">\n      <h3>Akademik Kelime Kullan\u0131mlar\u0131<\/h3>\n      <p>Resmi yaz\u0131lar, raporlar, makaleler i\u00e7in e\u015fdizimli s\u00f6zc\u00fckler.<\/p>\n      <a href=\"https:\/\/research-says.com\/academic-word-combinations\/\" target=\"_blank\" rel=\"noopener\">Kombinasyonlar\u0131 \u0130ncele \u2192<\/a>\n    <\/div>\n\n  <\/div>\n<\/div>\n\n<!-- 3) VOCABULARY TESTS -->\n<div class=\"rs-carousel-wrap\">\n  <h2 class=\"rs-carousel-title\">\ud83e\udde0 Kelime Testleri<\/h2>\n  <div class=\"rs-carousel\">\n\n    <div class=\"rs-card\">\n      <h3>Kelime Bilgisi Testi: Liste 1<\/h3>\n      <p>Yeni ba\u015flayanlar ve ilk\u00f6\u011fretim \u00f6\u011frencileri - kelime aral\u0131\u011f\u0131n\u0131 kontrol edin.<\/p>\n      <a href=\"https:\/\/research-says.com\/vocabulary-test-beginner-and-elementary\/\" target=\"_blank\" rel=\"noopener\">Testi Yap \u2192<\/a>\n    <\/div>\n\n    <div class=\"rs-card\">\n      <h3>Kelime Bilgisi Testi: Liste 2<\/h3>\n      <p>IELTS haz\u0131rl\u0131\u011f\u0131ndan \u00f6nce A2-B1 \u00f6\u011frencileri i\u00e7in iyi.<\/p>\n      <a href=\"https:\/\/research-says.com\/vocabulary-test-2-1000-words\/\" target=\"_blank\" rel=\"noopener\">Testi Yap \u2192<\/a>\n    <\/div>\n\n    <div class=\"rs-card\">\n      <h3>S\u00f6zc\u00fck Grubu Bilgisi Testi <\/h3>\n      <p>Sadece tek kelimeleri de\u011fil, ortak ifadeleri bilip bilmedi\u011finizi kontrol edin.<\/p>\n      <a href=\"https:\/\/research-says.com\/phrase-test\/\" target=\"_blank\" rel=\"noopener\">Testi Yap \u2192<\/a>\n    <\/div>\n\n  <\/div>\n<\/div>","protected":false},"excerpt":{"rendered":"<p>\ud83d\udcda Free IELTS Study Materials IELTS Writing Task 2 Sample Essays Model answers you can analyse for structure, coherence, and Band 7+ language. View essays \u2192 Mastering Adverbs in English Grammar-focused guide to make sentences more precise and academic. Read guide \u2192 Self-Study Videos Short lessons you can watch anytime to improve IELTS writing. Watch [&hellip;]<\/p>\n","protected":false},"author":1,"featured_media":0,"parent":0,"menu_order":0,"comment_status":"closed","ping_status":"closed","template":"","meta":{"footnotes":""},"class_list":["post-8791","page","type-page","status-publish","hentry"],"yoast_head":"<!-- This site is optimized with the Yoast SEO plugin v27.3 - https:\/\/yoast.com\/product\/yoast-seo-wordpress\/ -->\n<title>Free Materials - Language Education &amp; Consultancy<\/title>\n<meta name=\"robots\" content=\"index, follow, max-snippet:-1, max-image-preview:large, max-video-preview:-1\" \/>\n<link rel=\"canonical\" href=\"https:\/\/research-says.com\/tr\/free-materials\/\" \/>\n<meta property=\"og:locale\" content=\"tr_TR\" \/>\n<meta property=\"og:type\" content=\"article\" \/>\n<meta property=\"og:title\" content=\"Free Materials - Language Education &amp; Consultancy\" \/>\n<meta property=\"og:description\" content=\"\ud83d\udcda Free IELTS Study Materials IELTS Writing Task 2 Sample Essays Model answers you can analyse for structure, coherence, and Band 7+ language. View essays \u2192 Mastering Adverbs in English Grammar-focused guide to make sentences more precise and academic. Read guide \u2192 Self-Study Videos Short lessons you can watch anytime to improve IELTS writing. Watch [&hellip;]\" \/>\n<meta property=\"og:url\" content=\"https:\/\/research-says.com\/tr\/free-materials\/\" \/>\n<meta property=\"og:site_name\" content=\"Language Education &amp; Consultancy\" \/>\n<meta property=\"article:publisher\" content=\"https:\/\/www.facebook.com\/reliableeducationservices\/notifications\/\" \/>\n<meta property=\"article:modified_time\" content=\"2025-11-11T18:29:23+00:00\" \/>\n<meta property=\"og:image\" content=\"https:\/\/research-says.com\/wp-content\/uploads\/2019\/11\/cropped-cropped-cropped-cropped-Student-Teacher-B-W-resized-1.jpg\" \/>\n\t<meta property=\"og:image:width\" content=\"1000\" \/>\n\t<meta property=\"og:image:height\" content=\"625\" \/>\n\t<meta property=\"og:image:type\" content=\"image\/jpeg\" \/>\n<meta name=\"twitter:card\" content=\"summary_large_image\" \/>\n<meta name=\"twitter:site\" content=\"@guveniliregitim\" \/>\n<meta name=\"twitter:label1\" content=\"Tahmini okuma s\u00fcresi\" \/>\n\t<meta name=\"twitter:data1\" content=\"2 dakika\" \/>\n<script type=\"application\/ld+json\" class=\"yoast-schema-graph\">{\"@context\":\"https:\\\/\\\/schema.org\",\"@graph\":[{\"@type\":\"WebPage\",\"@id\":\"https:\\\/\\\/research-says.com\\\/free-materials\\\/\",\"url\":\"https:\\\/\\\/research-says.com\\\/free-materials\\\/\",\"name\":\"Free Materials - Language Education &amp; Consultancy\",\"isPartOf\":{\"@id\":\"https:\\\/\\\/research-says.com\\\/#website\"},\"datePublished\":\"2025-11-09T14:28:50+00:00\",\"dateModified\":\"2025-11-11T18:29:23+00:00\",\"breadcrumb\":{\"@id\":\"https:\\\/\\\/research-says.com\\\/free-materials\\\/#breadcrumb\"},\"inLanguage\":\"tr\",\"potentialAction\":[{\"@type\":\"ReadAction\",\"target\":[\"https:\\\/\\\/research-says.com\\\/free-materials\\\/\"]}]},{\"@type\":\"BreadcrumbList\",\"@id\":\"https:\\\/\\\/research-says.com\\\/free-materials\\\/#breadcrumb\",\"itemListElement\":[{\"@type\":\"ListItem\",\"position\":1,\"name\":\"Home\",\"item\":\"https:\\\/\\\/research-says.com\\\/\"},{\"@type\":\"ListItem\",\"position\":2,\"name\":\"Free Materials\"}]},{\"@type\":\"WebSite\",\"@id\":\"https:\\\/\\\/research-says.com\\\/#website\",\"url\":\"https:\\\/\\\/research-says.com\\\/\",\"name\":\"Language Education &amp; Consultancy\",\"description\":\"Sharper Language. Stronger Communication.\",\"publisher\":{\"@id\":\"https:\\\/\\\/research-says.com\\\/#organization\"},\"potentialAction\":[{\"@type\":\"SearchAction\",\"target\":{\"@type\":\"EntryPoint\",\"urlTemplate\":\"https:\\\/\\\/research-says.com\\\/?s={search_term_string}\"},\"query-input\":{\"@type\":\"PropertyValueSpecification\",\"valueRequired\":true,\"valueName\":\"search_term_string\"}}],\"inLanguage\":\"tr\"},{\"@type\":\"Organization\",\"@id\":\"https:\\\/\\\/research-says.com\\\/#organization\",\"name\":\"Compleat English\",\"alternateName\":\"IELTS Writing\",\"url\":\"https:\\\/\\\/research-says.com\\\/\",\"logo\":{\"@type\":\"ImageObject\",\"inLanguage\":\"tr\",\"@id\":\"https:\\\/\\\/research-says.com\\\/#\\\/schema\\\/logo\\\/image\\\/\",\"url\":\"https:\\\/\\\/research-says.com\\\/wp-content\\\/uploads\\\/2026\\\/03\\\/cropped-cropped-plain-logo-e1772516744844.png\",\"contentUrl\":\"https:\\\/\\\/research-says.com\\\/wp-content\\\/uploads\\\/2026\\\/03\\\/cropped-cropped-plain-logo-e1772516744844.png\",\"width\":150,\"height\":163,\"caption\":\"Compleat English\"},\"image\":{\"@id\":\"https:\\\/\\\/research-says.com\\\/#\\\/schema\\\/logo\\\/image\\\/\"},\"sameAs\":[\"https:\\\/\\\/www.facebook.com\\\/reliableeducationservices\\\/notifications\\\/\",\"https:\\\/\\\/x.com\\\/guveniliregitim\",\"https:\\\/\\\/www.instagram.com\\\/guveniliregitimhizmetleri\\\/\"]}]}<\/script>\n<!-- \/ Yoast SEO plugin. -->","yoast_head_json":{"title":"Free Materials - Language Education &amp; Consultancy","robots":{"index":"index","follow":"follow","max-snippet":"max-snippet:-1","max-image-preview":"max-image-preview:large","max-video-preview":"max-video-preview:-1"},"canonical":"https:\/\/research-says.com\/tr\/free-materials\/","og_locale":"tr_TR","og_type":"article","og_title":"Free Materials - Language Education &amp; Consultancy","og_description":"\ud83d\udcda Free IELTS Study Materials IELTS Writing Task 2 Sample Essays Model answers you can analyse for structure, coherence, and Band 7+ language. View essays \u2192 Mastering Adverbs in English Grammar-focused guide to make sentences more precise and academic. Read guide \u2192 Self-Study Videos Short lessons you can watch anytime to improve IELTS writing. Watch [&hellip;]","og_url":"https:\/\/research-says.com\/tr\/free-materials\/","og_site_name":"Language Education &amp; Consultancy","article_publisher":"https:\/\/www.facebook.com\/reliableeducationservices\/notifications\/","article_modified_time":"2025-11-11T18:29:23+00:00","og_image":[{"width":1000,"height":625,"url":"https:\/\/research-says.com\/wp-content\/uploads\/2019\/11\/cropped-cropped-cropped-cropped-Student-Teacher-B-W-resized-1.jpg","type":"image\/jpeg"}],"twitter_card":"summary_large_image","twitter_site":"@guveniliregitim","twitter_misc":{"Tahmini okuma s\u00fcresi":"2 dakika"},"schema":{"@context":"https:\/\/schema.org","@graph":[{"@type":"WebPage","@id":"https:\/\/research-says.com\/free-materials\/","url":"https:\/\/research-says.com\/free-materials\/","name":"Free Materials - Language Education &amp; Consultancy","isPartOf":{"@id":"https:\/\/research-says.com\/#website"},"datePublished":"2025-11-09T14:28:50+00:00","dateModified":"2025-11-11T18:29:23+00:00","breadcrumb":{"@id":"https:\/\/research-says.com\/free-materials\/#breadcrumb"},"inLanguage":"tr","potentialAction":[{"@type":"ReadAction","target":["https:\/\/research-says.com\/free-materials\/"]}]},{"@type":"BreadcrumbList","@id":"https:\/\/research-says.com\/free-materials\/#breadcrumb","itemListElement":[{"@type":"ListItem","position":1,"name":"Home","item":"https:\/\/research-says.com\/"},{"@type":"ListItem","position":2,"name":"Free Materials"}]},{"@type":"WebSite","@id":"https:\/\/research-says.com\/#website","url":"https:\/\/research-says.com\/","name":"Dil E\u011fitimi ve Dan\u0131\u015fmanl\u0131k","description":"Daha Etkili Dil. Daha G\u00fc\u00e7l\u00fc \u0130leti\u015fim.","publisher":{"@id":"https:\/\/research-says.com\/#organization"},"potentialAction":[{"@type":"SearchAction","target":{"@type":"EntryPoint","urlTemplate":"https:\/\/research-says.com\/?s={search_term_string}"},"query-input":{"@type":"PropertyValueSpecification","valueRequired":true,"valueName":"search_term_string"}}],"inLanguage":"tr"},{"@type":"Organization","@id":"https:\/\/research-says.com\/#organization","name":"Compleat English","alternateName":"IELTS Writing","url":"https:\/\/research-says.com\/","logo":{"@type":"ImageObject","inLanguage":"tr","@id":"https:\/\/research-says.com\/#\/schema\/logo\/image\/","url":"https:\/\/research-says.com\/wp-content\/uploads\/2026\/03\/cropped-cropped-plain-logo-e1772516744844.png","contentUrl":"https:\/\/research-says.com\/wp-content\/uploads\/2026\/03\/cropped-cropped-plain-logo-e1772516744844.png","width":150,"height":163,"caption":"Compleat English"},"image":{"@id":"https:\/\/research-says.com\/#\/schema\/logo\/image\/"},"sameAs":["https:\/\/www.facebook.com\/reliableeducationservices\/notifications\/","https:\/\/x.com\/guveniliregitim","https:\/\/www.instagram.com\/guveniliregitimhizmetleri\/"]}]}},"_links":{"self":[{"href":"https:\/\/research-says.com\/tr\/wp-json\/wp\/v2\/pages\/8791","targetHints":{"allow":["GET"]}}],"collection":[{"href":"https:\/\/research-says.com\/tr\/wp-json\/wp\/v2\/pages"}],"about":[{"href":"https:\/\/research-says.com\/tr\/wp-json\/wp\/v2\/types\/page"}],"author":[{"embeddable":true,"href":"https:\/\/research-says.com\/tr\/wp-json\/wp\/v2\/users\/1"}],"replies":[{"embeddable":true,"href":"https:\/\/research-says.com\/tr\/wp-json\/wp\/v2\/comments?post=8791"}],"version-history":[{"count":11,"href":"https:\/\/research-says.com\/tr\/wp-json\/wp\/v2\/pages\/8791\/revisions"}],"predecessor-version":[{"id":8997,"href":"https:\/\/research-says.com\/tr\/wp-json\/wp\/v2\/pages\/8791\/revisions\/8997"}],"wp:attachment":[{"href":"https:\/\/research-says.com\/tr\/wp-json\/wp\/v2\/media?parent=8791"}],"curies":[{"name":"wp","href":"https:\/\/api.w.org\/{rel}","templated":true}]}}