{"id":8821,"date":"2025-11-09T19:27:33","date_gmt":"2025-11-09T16:27:33","guid":{"rendered":"https:\/\/research-says.com\/?page_id=8821"},"modified":"2025-11-09T19:27:34","modified_gmt":"2025-11-09T16:27:34","slug":"reset-password","status":"publish","type":"page","link":"https:\/\/research-says.com\/tr\/reset-password\/","title":{"rendered":"\u015eifre S\u0131f\u0131rlama"},"content":{"rendered":"<div id=\"wpmem_login\"><a id=\"pwdreset\"><\/a><form action=\"https:\/\/research-says.com\/tr\/reset-password\/\" method=\"POST\" id=\"wpmem_pwdreset_form\" class=\"form\" data-trp-original-action=\"https:\/\/research-says.com\/tr\/reset-password\/\"><input type=\"hidden\" id=\"_wpmem_pwdreset_nonce\" name=\"_wpmem_pwdreset_nonce\" value=\"f0d20746ec\" \/><input type=\"hidden\" name=\"_wp_http_referer\" value=\"\/tr\/wp-json\/wp\/v2\/pages\/8821\" \/><fieldset><legend>Reset Forgotten Password<\/legend><label for=\"user\">Username or Email<\/label><div class=\"div_text\"><input name=\"user\" type=\"text\" id=\"user\" value=\"\" class=\"username\" required \/><\/div><input name=\"a\" type=\"hidden\" value=\"pwdreset\" \/><input name=\"redirect_to\" type=\"hidden\" value=\"\/tr\/wp-json\/wp\/v2\/pages\/8821\" \/><input name=\"formsubmit\" type=\"hidden\" value=\"1\" \/><div class=\"button_div\"><input type=\"submit\" name=\"Submit\" value=\"Parolay\u0131 s\u0131f\u0131rla\" class=\"buttons\" \/><\/div><div class=\"link-text\"><span class=\"link-text-username\">Forgot username?&nbsp;<a href=\"https:\/\/research-says.com\/tr\/my-profile\/?a=getusername\">Click here<\/a><\/span><\/div><div class=\"link-text\"><span class=\"link-text-reconfirm\">Resend confirmation link?&nbsp;<a href=\"https:\/\/research-says.com\/tr\/my-profile\/?a=reconfirm\">Click here<\/a><\/span><\/div><\/fieldset><input type=\"hidden\" name=\"trp-form-language\" value=\"tr\"\/><\/form><\/div>","protected":false},"excerpt":{"rendered":"","protected":false},"author":1,"featured_media":0,"parent":0,"menu_order":0,"comment_status":"closed","ping_status":"closed","template":"","meta":{"footnotes":""},"class_list":["post-8821","page","type-page","status-publish","hentry"],"yoast_head":"<!-- This site is optimized with the Yoast SEO plugin v27.3 - https:\/\/yoast.com\/product\/yoast-seo-wordpress\/ -->\n<title>Reset Password - Language Education &amp; Consultancy<\/title>\n<meta name=\"robots\" content=\"index, follow, max-snippet:-1, max-image-preview:large, max-video-preview:-1\" \/>\n<link rel=\"canonical\" href=\"https:\/\/research-says.com\/tr\/reset-password\/\" \/>\n<meta property=\"og:locale\" content=\"tr_TR\" \/>\n<meta property=\"og:type\" content=\"article\" \/>\n<meta property=\"og:title\" content=\"Reset Password - Language Education &amp; Consultancy\" \/>\n<meta property=\"og:url\" content=\"https:\/\/research-says.com\/tr\/reset-password\/\" \/>\n<meta property=\"og:site_name\" content=\"Language Education &amp; Consultancy\" \/>\n<meta property=\"article:publisher\" content=\"https:\/\/www.facebook.com\/reliableeducationservices\/notifications\/\" \/>\n<meta property=\"article:modified_time\" content=\"2025-11-09T16:27:34+00:00\" \/>\n<meta property=\"og:image\" content=\"https:\/\/research-says.com\/wp-content\/uploads\/2019\/11\/cropped-cropped-cropped-cropped-Student-Teacher-B-W-resized-1.jpg\" \/>\n\t<meta property=\"og:image:width\" content=\"1000\" \/>\n\t<meta property=\"og:image:height\" content=\"625\" \/>\n\t<meta property=\"og:image:type\" content=\"image\/jpeg\" \/>\n<meta name=\"twitter:card\" content=\"summary_large_image\" \/>\n<meta name=\"twitter:site\" content=\"@guveniliregitim\" \/>\n<meta name=\"twitter:label1\" content=\"Tahmini okuma s\u00fcresi\" \/>\n\t<meta name=\"twitter:data1\" content=\"1 dakika\" \/>\n<script type=\"application\/ld+json\" class=\"yoast-schema-graph\">{\"@context\":\"https:\\\/\\\/schema.org\",\"@graph\":[{\"@type\":\"WebPage\",\"@id\":\"https:\\\/\\\/research-says.com\\\/reset-password\\\/\",\"url\":\"https:\\\/\\\/research-says.com\\\/reset-password\\\/\",\"name\":\"Reset Password - Language Education &amp; Consultancy\",\"isPartOf\":{\"@id\":\"https:\\\/\\\/research-says.com\\\/#website\"},\"datePublished\":\"2025-11-09T16:27:33+00:00\",\"dateModified\":\"2025-11-09T16:27:34+00:00\",\"breadcrumb\":{\"@id\":\"https:\\\/\\\/research-says.com\\\/reset-password\\\/#breadcrumb\"},\"inLanguage\":\"tr\",\"potentialAction\":[{\"@type\":\"ReadAction\",\"target\":[\"https:\\\/\\\/research-says.com\\\/reset-password\\\/\"]}]},{\"@type\":\"BreadcrumbList\",\"@id\":\"https:\\\/\\\/research-says.com\\\/reset-password\\\/#breadcrumb\",\"itemListElement\":[{\"@type\":\"ListItem\",\"position\":1,\"name\":\"Home\",\"item\":\"https:\\\/\\\/research-says.com\\\/\"},{\"@type\":\"ListItem\",\"position\":2,\"name\":\"Reset Password\"}]},{\"@type\":\"WebSite\",\"@id\":\"https:\\\/\\\/research-says.com\\\/#website\",\"url\":\"https:\\\/\\\/research-says.com\\\/\",\"name\":\"Language Education &amp; Consultancy\",\"description\":\"Sharper Language. Stronger Communication.\",\"publisher\":{\"@id\":\"https:\\\/\\\/research-says.com\\\/#organization\"},\"potentialAction\":[{\"@type\":\"SearchAction\",\"target\":{\"@type\":\"EntryPoint\",\"urlTemplate\":\"https:\\\/\\\/research-says.com\\\/?s={search_term_string}\"},\"query-input\":{\"@type\":\"PropertyValueSpecification\",\"valueRequired\":true,\"valueName\":\"search_term_string\"}}],\"inLanguage\":\"tr\"},{\"@type\":\"Organization\",\"@id\":\"https:\\\/\\\/research-says.com\\\/#organization\",\"name\":\"Compleat English\",\"alternateName\":\"IELTS Writing\",\"url\":\"https:\\\/\\\/research-says.com\\\/\",\"logo\":{\"@type\":\"ImageObject\",\"inLanguage\":\"tr\",\"@id\":\"https:\\\/\\\/research-says.com\\\/#\\\/schema\\\/logo\\\/image\\\/\",\"url\":\"https:\\\/\\\/research-says.com\\\/wp-content\\\/uploads\\\/2026\\\/03\\\/cropped-cropped-plain-logo-e1772516744844.png\",\"contentUrl\":\"https:\\\/\\\/research-says.com\\\/wp-content\\\/uploads\\\/2026\\\/03\\\/cropped-cropped-plain-logo-e1772516744844.png\",\"width\":150,\"height\":163,\"caption\":\"Compleat English\"},\"image\":{\"@id\":\"https:\\\/\\\/research-says.com\\\/#\\\/schema\\\/logo\\\/image\\\/\"},\"sameAs\":[\"https:\\\/\\\/www.facebook.com\\\/reliableeducationservices\\\/notifications\\\/\",\"https:\\\/\\\/x.com\\\/guveniliregitim\",\"https:\\\/\\\/www.instagram.com\\\/guveniliregitimhizmetleri\\\/\"]}]}<\/script>\n<!-- \/ Yoast SEO plugin. -->","yoast_head_json":{"title":"Reset Password - Language Education &amp; Consultancy","robots":{"index":"index","follow":"follow","max-snippet":"max-snippet:-1","max-image-preview":"max-image-preview:large","max-video-preview":"max-video-preview:-1"},"canonical":"https:\/\/research-says.com\/tr\/reset-password\/","og_locale":"tr_TR","og_type":"article","og_title":"Reset Password - Language Education &amp; Consultancy","og_url":"https:\/\/research-says.com\/tr\/reset-password\/","og_site_name":"Language Education &amp; Consultancy","article_publisher":"https:\/\/www.facebook.com\/reliableeducationservices\/notifications\/","article_modified_time":"2025-11-09T16:27:34+00:00","og_image":[{"width":1000,"height":625,"url":"https:\/\/research-says.com\/wp-content\/uploads\/2019\/11\/cropped-cropped-cropped-cropped-Student-Teacher-B-W-resized-1.jpg","type":"image\/jpeg"}],"twitter_card":"summary_large_image","twitter_site":"@guveniliregitim","twitter_misc":{"Tahmini okuma s\u00fcresi":"1 dakika"},"schema":{"@context":"https:\/\/schema.org","@graph":[{"@type":"WebPage","@id":"https:\/\/research-says.com\/reset-password\/","url":"https:\/\/research-says.com\/reset-password\/","name":"Reset Password - Language Education &amp; Consultancy","isPartOf":{"@id":"https:\/\/research-says.com\/#website"},"datePublished":"2025-11-09T16:27:33+00:00","dateModified":"2025-11-09T16:27:34+00:00","breadcrumb":{"@id":"https:\/\/research-says.com\/reset-password\/#breadcrumb"},"inLanguage":"tr","potentialAction":[{"@type":"ReadAction","target":["https:\/\/research-says.com\/reset-password\/"]}]},{"@type":"BreadcrumbList","@id":"https:\/\/research-says.com\/reset-password\/#breadcrumb","itemListElement":[{"@type":"ListItem","position":1,"name":"Home","item":"https:\/\/research-says.com\/"},{"@type":"ListItem","position":2,"name":"Reset Password"}]},{"@type":"WebSite","@id":"https:\/\/research-says.com\/#website","url":"https:\/\/research-says.com\/","name":"Dil E\u011fitimi ve Dan\u0131\u015fmanl\u0131k","description":"Daha Etkili Dil. Daha G\u00fc\u00e7l\u00fc \u0130leti\u015fim.","publisher":{"@id":"https:\/\/research-says.com\/#organization"},"potentialAction":[{"@type":"SearchAction","target":{"@type":"EntryPoint","urlTemplate":"https:\/\/research-says.com\/?s={search_term_string}"},"query-input":{"@type":"PropertyValueSpecification","valueRequired":true,"valueName":"search_term_string"}}],"inLanguage":"tr"},{"@type":"Organization","@id":"https:\/\/research-says.com\/#organization","name":"Compleat English","alternateName":"IELTS Writing","url":"https:\/\/research-says.com\/","logo":{"@type":"ImageObject","inLanguage":"tr","@id":"https:\/\/research-says.com\/#\/schema\/logo\/image\/","url":"https:\/\/research-says.com\/wp-content\/uploads\/2026\/03\/cropped-cropped-plain-logo-e1772516744844.png","contentUrl":"https:\/\/research-says.com\/wp-content\/uploads\/2026\/03\/cropped-cropped-plain-logo-e1772516744844.png","width":150,"height":163,"caption":"Compleat English"},"image":{"@id":"https:\/\/research-says.com\/#\/schema\/logo\/image\/"},"sameAs":["https:\/\/www.facebook.com\/reliableeducationservices\/notifications\/","https:\/\/x.com\/guveniliregitim","https:\/\/www.instagram.com\/guveniliregitimhizmetleri\/"]}]}},"_links":{"self":[{"href":"https:\/\/research-says.com\/tr\/wp-json\/wp\/v2\/pages\/8821","targetHints":{"allow":["GET"]}}],"collection":[{"href":"https:\/\/research-says.com\/tr\/wp-json\/wp\/v2\/pages"}],"about":[{"href":"https:\/\/research-says.com\/tr\/wp-json\/wp\/v2\/types\/page"}],"author":[{"embeddable":true,"href":"https:\/\/research-says.com\/tr\/wp-json\/wp\/v2\/users\/1"}],"replies":[{"embeddable":true,"href":"https:\/\/research-says.com\/tr\/wp-json\/wp\/v2\/comments?post=8821"}],"version-history":[{"count":1,"href":"https:\/\/research-says.com\/tr\/wp-json\/wp\/v2\/pages\/8821\/revisions"}],"predecessor-version":[{"id":8822,"href":"https:\/\/research-says.com\/tr\/wp-json\/wp\/v2\/pages\/8821\/revisions\/8822"}],"wp:attachment":[{"href":"https:\/\/research-says.com\/tr\/wp-json\/wp\/v2\/media?parent=8821"}],"curies":[{"name":"wp","href":"https:\/\/api.w.org\/{rel}","templated":true}]}}