{"id":9793,"date":"2025-11-20T13:01:56","date_gmt":"2025-11-20T10:01:56","guid":{"rendered":"https:\/\/research-says.com\/?page_id=9793"},"modified":"2025-11-27T12:16:51","modified_gmt":"2025-11-27T09:16:51","slug":"register-for-a-speaking-workshop","status":"publish","type":"page","link":"https:\/\/research-says.com\/tr\/register-for-a-speaking-workshop\/","title":{"rendered":"Register for a Speaking Workshop"},"content":{"rendered":"\n<style>\n\n\/* FIX ALL FORM INPUTS INSIDE EVERES FORMS \u2014 OVERRIDING ADA THEME *\/\n.everest-forms input:not([type=\"submit\"]),\n.everest-forms textarea,\n.everest-forms select {\n    background: #ffffff !important;\n    color: #000000 !important;\n    border: 1px solid #ccc !important;\n    box-shadow: none !important;\n}\n\n\/* LABELS *\/\n.everest-forms label,\n.everest-forms .evf-label,\n.everest-forms .evf-field-label {\n    color: #000000 !important;\n}\n\n\/* PLACEHOLDERS *\/\n.everest-forms input::placeholder,\n.everest-forms textarea::placeholder {\n    color: #666 !important;\n    opacity: 1 !important;\n}\n\n\/* AUTOFILL FIX *\/\n.everest-forms input:-webkit-autofill {\n    -webkit-text-fill-color: #000 !important;\n    box-shadow: 0 0 0 1000px #fff inset !important;\n}\n\n\/* RADIO + CHECKBOX LABELS *\/\n.everest-forms .evf-field-choice label {\n    background: #f4fbff !important;\n    color: #08314b !important;\n    border: 1px solid #d6efff !important;\n    padding: 8px 12px !important;\n    border-radius: 999px !important;\n}\n\n\/* FIX WIDTHS FOR FORM #evf-9072 (Name + Email alignment) *\/\n#evf-9072 input[type=\"text\"],\n#evf-9072 input[type=\"email\"],\n#evf-9072 textarea,\n#evf-9072 select {\n  width: 100% !important;\n  max-width: 500px !important;\n  box-sizing: border-box !important;\n}\n\n<\/style>\n\n\n\n<div class=\"everest-forms\"><div class=\"evf-container default\" id=\"evf-9072\"><form id=\"evf-form-9072\" class=\"everest-form\" data-formid=\"9072\" data-ajax_submission=\"0\" data-keyboard_friendly_form=\"0\" data-form_state_type=\"\" method=\"post\" enctype=\"multipart\/form-data\" action=\"\/tr\/wp-json\/wp\/v2\/pages\/9793\"><div class=\"evf-field-container\"><input type=\"hidden\" id=\"_wpnonce9072\" name=\"_wpnonce9072\" value=\"1a661219b8\" \/><input type=\"hidden\" name=\"_wp_http_referer\" value=\"\/tr\/wp-json\/wp\/v2\/pages\/9793\" \/><div class=\"evf-frontend-row\" data-row=\"row_1\" conditional_rules=\"[]\"><div class=\"evf-frontend-grid evf-grid-1\" data-grid=\"grid_1\"><div id=\"evf-9072-field_ys0GeZISRs-1-container\" class=\"evf-field evf-field-first-name form-row validate-required\" data-required-field-message=\"This field is required.\" data-field-id=\"ys0GeZISRs-1\"><label class=\"evf-field-label\" for=\"evf-9072-field_ys0GeZISRs-1\"><span class=\"evf-label\">Name<\/span> <abbr class=\"required\" title=\"Required\">*<\/abbr><\/label><input type=\"text\" id=\"evf-9072-field_ys0GeZISRs-1\" class=\"input-text\" name=\"everest_forms[form_fields][ys0GeZISRs-1]\" required><\/div><div id=\"evf-9072-field_LbH5NxasXM-2-container\" class=\"evf-field evf-field-email form-row validate-required validate-email\" data-required-field-message=\"Please enter a valid email address.\" data-field-id=\"LbH5NxasXM-2\"><label class=\"evf-field-label\" for=\"evf-9072-field_LbH5NxasXM-2\"><span class=\"evf-label\">Email<\/span> <abbr class=\"required\" title=\"Required\">*<\/abbr><\/label><input type=\"email\" id=\"evf-9072-field_LbH5NxasXM-2\" class=\"input-text\" name=\"everest_forms[form_fields][LbH5NxasXM-2]\" required ><div class=\"evf-field-description\">Don\u2019t forget to check your spam folder!<\/div><\/div><div id=\"evf-9072-field_ZGbuTfUZjE-6-container\" class=\"evf-field evf-field-radio form-row\" data-field-id=\"ZGbuTfUZjE-6\"><label class=\"evf-field-label\" for=\"evf-9072-field_ZGbuTfUZjE-6\"><span class=\"evf-label\">What type of iELTS exam are you preparing for?<\/span> <\/label><ul id=\"evf-9072-field_ZGbuTfUZjE-6\"><li class=\"choice-1 depth-1\"><input type=\"radio\" id=\"evf-9072-field_ZGbuTfUZjE-6_1\" class=\"input-text\" name=\"everest_forms[form_fields][ZGbuTfUZjE-6]\" value=\"Academic\"  ><label class=\"everest-forms-field-label-inline\" for=\"evf-9072-field_ZGbuTfUZjE-6_1\">Academic<\/label><\/li><li class=\"choice-2 depth-1\"><input type=\"radio\" id=\"evf-9072-field_ZGbuTfUZjE-6_2\" class=\"input-text\" name=\"everest_forms[form_fields][ZGbuTfUZjE-6]\" value=\"General Training\"  ><label class=\"everest-forms-field-label-inline\" for=\"evf-9072-field_ZGbuTfUZjE-6_2\">General Training<\/label><\/li><\/ul><\/div><div id=\"evf-9072-field_ollXxNCYtr-5-container\" class=\"evf-field evf-field-radio form-row  Make form fields black with white text  input textarea select  background-color 000000 important  black background  color ffffff important  white text  padding 10px important  some padding so text isnt stuck to the edge  border 1px solid 444444 important  subtle border    Placeholder text in gray  inputplaceholder textareaplaceholder  color cccccc important opacity 1 \" data-field-id=\"ollXxNCYtr-5\"><label class=\"evf-field-label\" for=\"evf-9072-field_ollXxNCYtr-5\"><span class=\"evf-label\">When are you planning to take your IELTS exam?<\/span> <\/label><ul id=\"evf-9072-field_ollXxNCYtr-5\"><li class=\"choice-1 depth-1\"><input type=\"radio\" id=\"evf-9072-field_ollXxNCYtr-5_1\" class=\"input-text\" name=\"everest_forms[form_fields][ollXxNCYtr-5]\" value=\"In 2\u20133 weeks\"  ><label class=\"everest-forms-field-label-inline\" for=\"evf-9072-field_ollXxNCYtr-5_1\">In 2\u20133 weeks<\/label><\/li><li class=\"choice-5 depth-1\"><input type=\"radio\" id=\"evf-9072-field_ollXxNCYtr-5_5\" class=\"input-text\" name=\"everest_forms[form_fields][ollXxNCYtr-5]\" value=\"In 4\u20136 weeks\"  ><label class=\"everest-forms-field-label-inline\" for=\"evf-9072-field_ollXxNCYtr-5_5\">In 4\u20136 weeks<\/label><\/li><li class=\"choice-2 depth-1\"><input type=\"radio\" id=\"evf-9072-field_ollXxNCYtr-5_2\" class=\"input-text\" name=\"everest_forms[form_fields][ollXxNCYtr-5]\" value=\"In 2 months or more\"  ><label class=\"everest-forms-field-label-inline\" for=\"evf-9072-field_ollXxNCYtr-5_2\">In 2 months or more<\/label><\/li><li class=\"choice-3 depth-1\"><input type=\"radio\" id=\"evf-9072-field_ollXxNCYtr-5_3\" class=\"input-text\" name=\"everest_forms[form_fields][ollXxNCYtr-5]\" value=\"I am not sure\"  ><label class=\"everest-forms-field-label-inline\" for=\"evf-9072-field_ollXxNCYtr-5_3\">I am not sure<\/label><\/li><\/ul><\/div><div id=\"evf-9072-field_bzFXrny92B-11-container\" class=\"evf-field evf-field-text form-row\" data-field-id=\"bzFXrny92B-11\"><label class=\"evf-field-label\" for=\"evf-9072-field_bzFXrny92B-11\"><span class=\"evf-label\">What do you need help with?<\/span> <\/label><input type=\"text\" id=\"evf-9072-field_bzFXrny92B-11\" class=\"input-text\" name=\"everest_forms[form_fields][bzFXrny92B-11]\" ><\/div><\/div><\/div><\/div><div class=\"evf-honeypot-container evf-field-hp\"><label for=\"evf-9072-field-hp\" class=\"evf-field-label\">Email<\/label><input type=\"text\" name=\"everest_forms[hp]\" id=\"evf-9072-field-hp\" class=\"input-text\"><\/div><div class=\"evf-submit-container \" ><input type=\"hidden\" name=\"everest_forms[id]\" value=\"9072\"><input type=\"hidden\" name=\"everest_forms[author]\" value=\"1\"><button type='submit' name='everest_forms[submit]' class='everest-forms-submit-button button evf-submit ' id='evf-submit-9072' value='evf-submit' data-process-text=\"Processing\u2026\" conditional_rules='&quot;&quot;' conditional_id='evf-submit-9072'  id=\"evf-submit-9072\" aria-live=\"assertive\">Submit<\/button><\/div><\/form><\/div><!-- .evf-container --><\/div>\n","protected":false},"excerpt":{"rendered":"","protected":false},"author":1,"featured_media":0,"parent":0,"menu_order":0,"comment_status":"closed","ping_status":"closed","template":"","meta":{"footnotes":""},"class_list":["post-9793","page","type-page","status-publish","hentry"],"yoast_head":"<!-- This site is optimized with the Yoast SEO plugin v27.3 - https:\/\/yoast.com\/product\/yoast-seo-wordpress\/ -->\n<title>Register for a Speaking Workshop - Language Education &amp; Consultancy<\/title>\n<meta name=\"robots\" content=\"index, follow, max-snippet:-1, max-image-preview:large, max-video-preview:-1\" \/>\n<link rel=\"canonical\" href=\"https:\/\/research-says.com\/tr\/register-for-a-speaking-workshop\/\" \/>\n<meta property=\"og:locale\" content=\"tr_TR\" \/>\n<meta property=\"og:type\" content=\"article\" \/>\n<meta property=\"og:title\" content=\"Register for a Speaking Workshop - Language Education &amp; Consultancy\" \/>\n<meta property=\"og:url\" content=\"https:\/\/research-says.com\/tr\/register-for-a-speaking-workshop\/\" \/>\n<meta property=\"og:site_name\" content=\"Language Education &amp; Consultancy\" \/>\n<meta property=\"article:publisher\" content=\"https:\/\/www.facebook.com\/reliableeducationservices\/notifications\/\" \/>\n<meta property=\"article:modified_time\" content=\"2025-11-27T09:16:51+00:00\" \/>\n<meta property=\"og:image\" content=\"https:\/\/research-says.com\/wp-content\/uploads\/2019\/11\/cropped-cropped-cropped-cropped-Student-Teacher-B-W-resized-1.jpg\" \/>\n\t<meta property=\"og:image:width\" content=\"1000\" \/>\n\t<meta property=\"og:image:height\" content=\"625\" \/>\n\t<meta property=\"og:image:type\" content=\"image\/jpeg\" \/>\n<meta name=\"twitter:card\" content=\"summary_large_image\" \/>\n<meta name=\"twitter:site\" content=\"@guveniliregitim\" \/>\n<meta name=\"twitter:label1\" content=\"Tahmini okuma s\u00fcresi\" \/>\n\t<meta name=\"twitter:data1\" content=\"1 dakika\" \/>\n<script type=\"application\/ld+json\" class=\"yoast-schema-graph\">{\"@context\":\"https:\\\/\\\/schema.org\",\"@graph\":[{\"@type\":\"WebPage\",\"@id\":\"https:\\\/\\\/research-says.com\\\/register-for-a-speaking-workshop\\\/\",\"url\":\"https:\\\/\\\/research-says.com\\\/register-for-a-speaking-workshop\\\/\",\"name\":\"Register for a Speaking Workshop - Language Education &amp; Consultancy\",\"isPartOf\":{\"@id\":\"https:\\\/\\\/research-says.com\\\/#website\"},\"datePublished\":\"2025-11-20T10:01:56+00:00\",\"dateModified\":\"2025-11-27T09:16:51+00:00\",\"breadcrumb\":{\"@id\":\"https:\\\/\\\/research-says.com\\\/register-for-a-speaking-workshop\\\/#breadcrumb\"},\"inLanguage\":\"tr\",\"potentialAction\":[{\"@type\":\"ReadAction\",\"target\":[\"https:\\\/\\\/research-says.com\\\/register-for-a-speaking-workshop\\\/\"]}]},{\"@type\":\"BreadcrumbList\",\"@id\":\"https:\\\/\\\/research-says.com\\\/register-for-a-speaking-workshop\\\/#breadcrumb\",\"itemListElement\":[{\"@type\":\"ListItem\",\"position\":1,\"name\":\"Home\",\"item\":\"https:\\\/\\\/research-says.com\\\/\"},{\"@type\":\"ListItem\",\"position\":2,\"name\":\"Register for a Speaking Workshop\"}]},{\"@type\":\"WebSite\",\"@id\":\"https:\\\/\\\/research-says.com\\\/#website\",\"url\":\"https:\\\/\\\/research-says.com\\\/\",\"name\":\"Language Education &amp; Consultancy\",\"description\":\"Sharper Language. Stronger Communication.\",\"publisher\":{\"@id\":\"https:\\\/\\\/research-says.com\\\/#organization\"},\"potentialAction\":[{\"@type\":\"SearchAction\",\"target\":{\"@type\":\"EntryPoint\",\"urlTemplate\":\"https:\\\/\\\/research-says.com\\\/?s={search_term_string}\"},\"query-input\":{\"@type\":\"PropertyValueSpecification\",\"valueRequired\":true,\"valueName\":\"search_term_string\"}}],\"inLanguage\":\"tr\"},{\"@type\":\"Organization\",\"@id\":\"https:\\\/\\\/research-says.com\\\/#organization\",\"name\":\"Compleat English\",\"alternateName\":\"IELTS Writing\",\"url\":\"https:\\\/\\\/research-says.com\\\/\",\"logo\":{\"@type\":\"ImageObject\",\"inLanguage\":\"tr\",\"@id\":\"https:\\\/\\\/research-says.com\\\/#\\\/schema\\\/logo\\\/image\\\/\",\"url\":\"https:\\\/\\\/research-says.com\\\/wp-content\\\/uploads\\\/2026\\\/03\\\/cropped-cropped-plain-logo-e1772516744844.png\",\"contentUrl\":\"https:\\\/\\\/research-says.com\\\/wp-content\\\/uploads\\\/2026\\\/03\\\/cropped-cropped-plain-logo-e1772516744844.png\",\"width\":150,\"height\":163,\"caption\":\"Compleat English\"},\"image\":{\"@id\":\"https:\\\/\\\/research-says.com\\\/#\\\/schema\\\/logo\\\/image\\\/\"},\"sameAs\":[\"https:\\\/\\\/www.facebook.com\\\/reliableeducationservices\\\/notifications\\\/\",\"https:\\\/\\\/x.com\\\/guveniliregitim\",\"https:\\\/\\\/www.instagram.com\\\/guveniliregitimhizmetleri\\\/\"]}]}<\/script>\n<!-- \/ Yoast SEO plugin. -->","yoast_head_json":{"title":"Register for a Speaking Workshop - Language Education &amp; Consultancy","robots":{"index":"index","follow":"follow","max-snippet":"max-snippet:-1","max-image-preview":"max-image-preview:large","max-video-preview":"max-video-preview:-1"},"canonical":"https:\/\/research-says.com\/tr\/register-for-a-speaking-workshop\/","og_locale":"tr_TR","og_type":"article","og_title":"Register for a Speaking Workshop - Language Education &amp; Consultancy","og_url":"https:\/\/research-says.com\/tr\/register-for-a-speaking-workshop\/","og_site_name":"Language Education &amp; Consultancy","article_publisher":"https:\/\/www.facebook.com\/reliableeducationservices\/notifications\/","article_modified_time":"2025-11-27T09:16:51+00:00","og_image":[{"width":1000,"height":625,"url":"https:\/\/research-says.com\/wp-content\/uploads\/2019\/11\/cropped-cropped-cropped-cropped-Student-Teacher-B-W-resized-1.jpg","type":"image\/jpeg"}],"twitter_card":"summary_large_image","twitter_site":"@guveniliregitim","twitter_misc":{"Tahmini okuma s\u00fcresi":"1 dakika"},"schema":{"@context":"https:\/\/schema.org","@graph":[{"@type":"WebPage","@id":"https:\/\/research-says.com\/register-for-a-speaking-workshop\/","url":"https:\/\/research-says.com\/register-for-a-speaking-workshop\/","name":"Register for a Speaking Workshop - Language Education &amp; Consultancy","isPartOf":{"@id":"https:\/\/research-says.com\/#website"},"datePublished":"2025-11-20T10:01:56+00:00","dateModified":"2025-11-27T09:16:51+00:00","breadcrumb":{"@id":"https:\/\/research-says.com\/register-for-a-speaking-workshop\/#breadcrumb"},"inLanguage":"tr","potentialAction":[{"@type":"ReadAction","target":["https:\/\/research-says.com\/register-for-a-speaking-workshop\/"]}]},{"@type":"BreadcrumbList","@id":"https:\/\/research-says.com\/register-for-a-speaking-workshop\/#breadcrumb","itemListElement":[{"@type":"ListItem","position":1,"name":"Home","item":"https:\/\/research-says.com\/"},{"@type":"ListItem","position":2,"name":"Register for a Speaking Workshop"}]},{"@type":"WebSite","@id":"https:\/\/research-says.com\/#website","url":"https:\/\/research-says.com\/","name":"Dil E\u011fitimi ve Dan\u0131\u015fmanl\u0131k","description":"Daha Etkili Dil. Daha G\u00fc\u00e7l\u00fc \u0130leti\u015fim.","publisher":{"@id":"https:\/\/research-says.com\/#organization"},"potentialAction":[{"@type":"SearchAction","target":{"@type":"EntryPoint","urlTemplate":"https:\/\/research-says.com\/?s={search_term_string}"},"query-input":{"@type":"PropertyValueSpecification","valueRequired":true,"valueName":"search_term_string"}}],"inLanguage":"tr"},{"@type":"Organization","@id":"https:\/\/research-says.com\/#organization","name":"Compleat English","alternateName":"IELTS Writing","url":"https:\/\/research-says.com\/","logo":{"@type":"ImageObject","inLanguage":"tr","@id":"https:\/\/research-says.com\/#\/schema\/logo\/image\/","url":"https:\/\/research-says.com\/wp-content\/uploads\/2026\/03\/cropped-cropped-plain-logo-e1772516744844.png","contentUrl":"https:\/\/research-says.com\/wp-content\/uploads\/2026\/03\/cropped-cropped-plain-logo-e1772516744844.png","width":150,"height":163,"caption":"Compleat English"},"image":{"@id":"https:\/\/research-says.com\/#\/schema\/logo\/image\/"},"sameAs":["https:\/\/www.facebook.com\/reliableeducationservices\/notifications\/","https:\/\/x.com\/guveniliregitim","https:\/\/www.instagram.com\/guveniliregitimhizmetleri\/"]}]}},"_links":{"self":[{"href":"https:\/\/research-says.com\/tr\/wp-json\/wp\/v2\/pages\/9793","targetHints":{"allow":["GET"]}}],"collection":[{"href":"https:\/\/research-says.com\/tr\/wp-json\/wp\/v2\/pages"}],"about":[{"href":"https:\/\/research-says.com\/tr\/wp-json\/wp\/v2\/types\/page"}],"author":[{"embeddable":true,"href":"https:\/\/research-says.com\/tr\/wp-json\/wp\/v2\/users\/1"}],"replies":[{"embeddable":true,"href":"https:\/\/research-says.com\/tr\/wp-json\/wp\/v2\/comments?post=9793"}],"version-history":[{"count":4,"href":"https:\/\/research-says.com\/tr\/wp-json\/wp\/v2\/pages\/9793\/revisions"}],"predecessor-version":[{"id":9988,"href":"https:\/\/research-says.com\/tr\/wp-json\/wp\/v2\/pages\/9793\/revisions\/9988"}],"wp:attachment":[{"href":"https:\/\/research-says.com\/tr\/wp-json\/wp\/v2\/media?parent=9793"}],"curies":[{"name":"wp","href":"https:\/\/api.w.org\/{rel}","templated":true}]}}