{"id":11609,"date":"2026-02-19T12:55:28","date_gmt":"2026-02-19T09:55:28","guid":{"rendered":"https:\/\/research-says.com\/?post_type=product&#038;p=11609"},"modified":"2026-03-03T11:52:18","modified_gmt":"2026-03-03T08:52:18","slug":"small-group-english-writing-mentorship","status":"publish","type":"product","link":"https:\/\/research-says.com\/tr\/urun\/small-group-english-writing-mentorship\/","title":{"rendered":"15\u201318 Ya\u015f Akademik Destek"},"content":{"rendered":"<p>\nIB \u00f6\u011fretim program\u0131yla uyumlu olan bu akademik yazma e\u011fitimi, International Baccalaureate (IB) kapsam\u0131nda \u00f6\u011frencilerin ileri d\u00fczey \u00e7\u00f6z\u00fcmleme ve yazma becerilerini geli\u015ftirmek i\u00e7in tasarlanm\u0131\u015ft\u0131r. Yirmi yap\u0131land\u0131r\u0131lm\u0131\u015f canl\u0131 ders boyunca \u00f6\u011frenciler, derinlik, a\u00e7\u0131kl\u0131k ve d\u00fc\u015f\u00fcnsel g\u00fcven kazand\u0131ran dikkatle planlanm\u0131\u015f bir \u00f6\u011frenme yolunu izler.\n\nProgram; sav geli\u015ftirme, tez olu\u015fturma, d\u00fczenli paragraf yaz\u0131m\u0131, kan\u0131tlar\u0131n ele\u015ftirel de\u011ferlendirilmesi ve tutarl\u0131 bir akademik anlat\u0131m geli\u015ftirme \u00fczerine odaklan\u0131r. Bu becerilerin t\u00fcm\u00fc IB English, sosyal bilimler ve disiplinler aras\u0131 derslerde g\u00fc\u00e7l\u00fc bir ba\u015far\u0131 i\u00e7in temel olu\u015fturur.<\/p>","protected":false},"excerpt":{"rendered":"<div class=\"course-details\">\n<p>S\u00fcre: 20 ders (5\u201310 hafta)<\/p>\n<p> 2\u20134 canl\u0131 ders (her biri 45 dakika)<\/p>\n<p>Akademik kompozisyon yap\u0131s\u0131, arg\u00fcman netli\u011fi, tutarl\u0131l\u0131k ve kan\u0131ta dayal\u0131 yaz\u0131m becerilerinin odakl\u0131 bi\u00e7imde geli\u015ftirilmesi.<\/p>\n<p>Ak\u0131c\u0131l\u0131\u011f\u0131, yap\u0131land\u0131r\u0131lm\u0131\u015f yan\u0131t \u00fcretimini ve ifade \u00f6zg\u00fcvenini g\u00fc\u00e7lendirmek i\u00e7in entegre konu\u015fma prati\u011fi.<\/p>\n<p>Hassasiyet, s\u00f6zc\u00fck \u00e7e\u015fitlili\u011fi ve s\u0131nav performans\u0131n\u0131 art\u0131rmak i\u00e7in hedefe y\u00f6nelik akademik kelime da\u011farc\u0131\u011f\u0131 geli\u015ftirme.<\/p>\n<p>Kompozisyonlara d\u00fczenli yaz\u0131l\u0131 geri bildirim ve \u00f6l\u00e7\u00fclebilir geli\u015fim i\u00e7in net y\u00f6nlendirmeler.<\/p>\n<p>Veliler i\u00e7in d\u00fczenli ilerleme raporlar\u0131<\/p>\n<p>E\u011fitim \u015fekli: Online (Microsoft Teams \u00fczerinden)<\/p>\n<p>Grup b\u00fcy\u00fckl\u00fc\u011f\u00fcne ba\u011fl\u0131 olarak y\u00fcz y\u00fcze ders imk\u00e2n\u0131 sunulmaktad\u0131r.<\/p>\n<\/div>","protected":false},"featured_media":11610,"comment_status":"closed","ping_status":"closed","template":"","meta":[],"product_brand":[],"product_cat":[96],"product_tag":[],"class_list":{"0":"post-11609","1":"product","2":"type-product","3":"status-publish","4":"has-post-thumbnail","6":"product_cat-teen-academic-success","8":"first","9":"instock","10":"shipping-taxable","11":"purchasable","12":"product-type-simple"},"yoast_head":"<!-- This site is optimized with the Yoast SEO plugin v27.3 - https:\/\/yoast.com\/product\/yoast-seo-wordpress\/ -->\n<title>English &amp; Academic Support for Teenagers - Language Education &amp; Consultancy<\/title>\n<meta name=\"description\" content=\"Structured academic writing mentorship for teens. Small cohorts, weekly live sessions, written feedback, and measurable progress.\" \/>\n<meta name=\"robots\" content=\"noindex, follow\" \/>\n<meta property=\"og:locale\" content=\"tr_TR\" \/>\n<meta property=\"og:type\" content=\"article\" \/>\n<meta property=\"og:title\" content=\"English &amp; Academic Support for Teenagers - Language Education &amp; Consultancy\" \/>\n<meta property=\"og:description\" content=\"Structured academic writing mentorship for teens. Small cohorts, weekly live sessions, written feedback, and measurable progress.\" \/>\n<meta property=\"og:url\" content=\"https:\/\/research-says.com\/tr\/urun\/small-group-english-writing-mentorship\/\" \/>\n<meta property=\"og:site_name\" content=\"Language Education &amp; Consultancy\" \/>\n<meta property=\"article:publisher\" content=\"https:\/\/www.facebook.com\/reliableeducationservices\/notifications\/\" \/>\n<meta property=\"article:modified_time\" content=\"2026-03-03T08:52:18+00:00\" \/>\n<meta property=\"og:image\" content=\"https:\/\/research-says.com\/wp-content\/uploads\/2026\/02\/image-1.png\" \/>\n\t<meta property=\"og:image:width\" content=\"1024\" \/>\n\t<meta property=\"og:image:height\" content=\"1024\" \/>\n\t<meta property=\"og:image:type\" content=\"image\/png\" \/>\n<meta name=\"twitter:card\" content=\"summary_large_image\" \/>\n<meta name=\"twitter:site\" content=\"@guveniliregitim\" \/>\n<meta name=\"twitter:label1\" content=\"Tahmini okuma s\u00fcresi\" \/>\n\t<meta name=\"twitter:data1\" content=\"1 dakika\" \/>\n<script type=\"application\/ld+json\" class=\"yoast-schema-graph\">{\"@context\":\"https:\\\/\\\/schema.org\",\"@graph\":[{\"@type\":\"WebPage\",\"@id\":\"https:\\\/\\\/research-says.com\\\/product\\\/small-group-english-writing-mentorship\\\/\",\"url\":\"https:\\\/\\\/research-says.com\\\/product\\\/small-group-english-writing-mentorship\\\/\",\"name\":\"English & Academic Support for Teenagers - Language Education &amp; Consultancy\",\"isPartOf\":{\"@id\":\"https:\\\/\\\/research-says.com\\\/#website\"},\"primaryImageOfPage\":{\"@id\":\"https:\\\/\\\/research-says.com\\\/product\\\/small-group-english-writing-mentorship\\\/#primaryimage\"},\"image\":{\"@id\":\"https:\\\/\\\/research-says.com\\\/product\\\/small-group-english-writing-mentorship\\\/#primaryimage\"},\"thumbnailUrl\":\"https:\\\/\\\/research-says.com\\\/wp-content\\\/uploads\\\/2026\\\/02\\\/image-1.png\",\"datePublished\":\"2026-02-19T09:55:28+00:00\",\"dateModified\":\"2026-03-03T08:52:18+00:00\",\"description\":\"Structured academic writing mentorship for teens. Small cohorts, weekly live sessions, written feedback, and measurable progress.\",\"breadcrumb\":{\"@id\":\"https:\\\/\\\/research-says.com\\\/product\\\/small-group-english-writing-mentorship\\\/#breadcrumb\"},\"inLanguage\":\"tr\",\"potentialAction\":[{\"@type\":\"ReadAction\",\"target\":[\"https:\\\/\\\/research-says.com\\\/product\\\/small-group-english-writing-mentorship\\\/\"]}]},{\"@type\":\"ImageObject\",\"inLanguage\":\"tr\",\"@id\":\"https:\\\/\\\/research-says.com\\\/product\\\/small-group-english-writing-mentorship\\\/#primaryimage\",\"url\":\"https:\\\/\\\/research-says.com\\\/wp-content\\\/uploads\\\/2026\\\/02\\\/image-1.png\",\"contentUrl\":\"https:\\\/\\\/research-says.com\\\/wp-content\\\/uploads\\\/2026\\\/02\\\/image-1.png\",\"width\":1024,\"height\":1024},{\"@type\":\"BreadcrumbList\",\"@id\":\"https:\\\/\\\/research-says.com\\\/product\\\/small-group-english-writing-mentorship\\\/#breadcrumb\",\"itemListElement\":[{\"@type\":\"ListItem\",\"position\":1,\"name\":\"Home\",\"item\":\"https:\\\/\\\/research-says.com\\\/\"},{\"@type\":\"ListItem\",\"position\":2,\"name\":\"Academic Support for 15\u201318-Year-Olds\"}]},{\"@type\":\"WebSite\",\"@id\":\"https:\\\/\\\/research-says.com\\\/#website\",\"url\":\"https:\\\/\\\/research-says.com\\\/\",\"name\":\"Language Education &amp; Consultancy\",\"description\":\"Sharper Language. Stronger Communication.\",\"publisher\":{\"@id\":\"https:\\\/\\\/research-says.com\\\/#organization\"},\"potentialAction\":[{\"@type\":\"SearchAction\",\"target\":{\"@type\":\"EntryPoint\",\"urlTemplate\":\"https:\\\/\\\/research-says.com\\\/?s={search_term_string}\"},\"query-input\":{\"@type\":\"PropertyValueSpecification\",\"valueRequired\":true,\"valueName\":\"search_term_string\"}}],\"inLanguage\":\"tr\"},{\"@type\":\"Organization\",\"@id\":\"https:\\\/\\\/research-says.com\\\/#organization\",\"name\":\"Compleat English\",\"alternateName\":\"IELTS Writing\",\"url\":\"https:\\\/\\\/research-says.com\\\/\",\"logo\":{\"@type\":\"ImageObject\",\"inLanguage\":\"tr\",\"@id\":\"https:\\\/\\\/research-says.com\\\/#\\\/schema\\\/logo\\\/image\\\/\",\"url\":\"https:\\\/\\\/research-says.com\\\/wp-content\\\/uploads\\\/2026\\\/03\\\/cropped-cropped-plain-logo-e1772516744844.png\",\"contentUrl\":\"https:\\\/\\\/research-says.com\\\/wp-content\\\/uploads\\\/2026\\\/03\\\/cropped-cropped-plain-logo-e1772516744844.png\",\"width\":150,\"height\":163,\"caption\":\"Compleat English\"},\"image\":{\"@id\":\"https:\\\/\\\/research-says.com\\\/#\\\/schema\\\/logo\\\/image\\\/\"},\"sameAs\":[\"https:\\\/\\\/www.facebook.com\\\/reliableeducationservices\\\/notifications\\\/\",\"https:\\\/\\\/x.com\\\/guveniliregitim\",\"https:\\\/\\\/www.instagram.com\\\/guveniliregitimhizmetleri\\\/\"]}]}<\/script>\n<!-- \/ Yoast SEO plugin. -->","yoast_head_json":{"title":"English & Academic Support for Teenagers - Language Education &amp; Consultancy","description":"Structured academic writing mentorship for teens. Small cohorts, weekly live sessions, written feedback, and measurable progress.","robots":{"index":"noindex","follow":"follow"},"og_locale":"tr_TR","og_type":"article","og_title":"English & Academic Support for Teenagers - Language Education &amp; Consultancy","og_description":"Structured academic writing mentorship for teens. Small cohorts, weekly live sessions, written feedback, and measurable progress.","og_url":"https:\/\/research-says.com\/tr\/urun\/small-group-english-writing-mentorship\/","og_site_name":"Language Education &amp; Consultancy","article_publisher":"https:\/\/www.facebook.com\/reliableeducationservices\/notifications\/","article_modified_time":"2026-03-03T08:52:18+00:00","og_image":[{"width":1024,"height":1024,"url":"https:\/\/research-says.com\/wp-content\/uploads\/2026\/02\/image-1.png","type":"image\/png"}],"twitter_card":"summary_large_image","twitter_site":"@guveniliregitim","twitter_misc":{"Tahmini okuma s\u00fcresi":"1 dakika"},"schema":{"@context":"https:\/\/schema.org","@graph":[{"@type":"WebPage","@id":"https:\/\/research-says.com\/product\/small-group-english-writing-mentorship\/","url":"https:\/\/research-says.com\/product\/small-group-english-writing-mentorship\/","name":"English & Academic Support for Teenagers - Language Education &amp; Consultancy","isPartOf":{"@id":"https:\/\/research-says.com\/#website"},"primaryImageOfPage":{"@id":"https:\/\/research-says.com\/product\/small-group-english-writing-mentorship\/#primaryimage"},"image":{"@id":"https:\/\/research-says.com\/product\/small-group-english-writing-mentorship\/#primaryimage"},"thumbnailUrl":"https:\/\/research-says.com\/wp-content\/uploads\/2026\/02\/image-1.png","datePublished":"2026-02-19T09:55:28+00:00","dateModified":"2026-03-03T08:52:18+00:00","description":"Structured academic writing mentorship for teens. Small cohorts, weekly live sessions, written feedback, and measurable progress.","breadcrumb":{"@id":"https:\/\/research-says.com\/product\/small-group-english-writing-mentorship\/#breadcrumb"},"inLanguage":"tr","potentialAction":[{"@type":"ReadAction","target":["https:\/\/research-says.com\/product\/small-group-english-writing-mentorship\/"]}]},{"@type":"ImageObject","inLanguage":"tr","@id":"https:\/\/research-says.com\/product\/small-group-english-writing-mentorship\/#primaryimage","url":"https:\/\/research-says.com\/wp-content\/uploads\/2026\/02\/image-1.png","contentUrl":"https:\/\/research-says.com\/wp-content\/uploads\/2026\/02\/image-1.png","width":1024,"height":1024},{"@type":"BreadcrumbList","@id":"https:\/\/research-says.com\/product\/small-group-english-writing-mentorship\/#breadcrumb","itemListElement":[{"@type":"ListItem","position":1,"name":"Home","item":"https:\/\/research-says.com\/"},{"@type":"ListItem","position":2,"name":"Academic Support for 15\u201318-Year-Olds"}]},{"@type":"WebSite","@id":"https:\/\/research-says.com\/#website","url":"https:\/\/research-says.com\/","name":"Dil E\u011fitimi ve Dan\u0131\u015fmanl\u0131k","description":"Daha Etkili Dil. Daha G\u00fc\u00e7l\u00fc \u0130leti\u015fim.","publisher":{"@id":"https:\/\/research-says.com\/#organization"},"potentialAction":[{"@type":"SearchAction","target":{"@type":"EntryPoint","urlTemplate":"https:\/\/research-says.com\/?s={search_term_string}"},"query-input":{"@type":"PropertyValueSpecification","valueRequired":true,"valueName":"search_term_string"}}],"inLanguage":"tr"},{"@type":"Organization","@id":"https:\/\/research-says.com\/#organization","name":"Compleat English","alternateName":"IELTS Writing","url":"https:\/\/research-says.com\/","logo":{"@type":"ImageObject","inLanguage":"tr","@id":"https:\/\/research-says.com\/#\/schema\/logo\/image\/","url":"https:\/\/research-says.com\/wp-content\/uploads\/2026\/03\/cropped-cropped-plain-logo-e1772516744844.png","contentUrl":"https:\/\/research-says.com\/wp-content\/uploads\/2026\/03\/cropped-cropped-plain-logo-e1772516744844.png","width":150,"height":163,"caption":"Compleat English"},"image":{"@id":"https:\/\/research-says.com\/#\/schema\/logo\/image\/"},"sameAs":["https:\/\/www.facebook.com\/reliableeducationservices\/notifications\/","https:\/\/x.com\/guveniliregitim","https:\/\/www.instagram.com\/guveniliregitimhizmetleri\/"]}]}},"_links":{"self":[{"href":"https:\/\/research-says.com\/tr\/wp-json\/wp\/v2\/product\/11609","targetHints":{"allow":["GET"]}}],"collection":[{"href":"https:\/\/research-says.com\/tr\/wp-json\/wp\/v2\/product"}],"about":[{"href":"https:\/\/research-says.com\/tr\/wp-json\/wp\/v2\/types\/product"}],"replies":[{"embeddable":true,"href":"https:\/\/research-says.com\/tr\/wp-json\/wp\/v2\/comments?post=11609"}],"wp:featuredmedia":[{"embeddable":true,"href":"https:\/\/research-says.com\/tr\/wp-json\/wp\/v2\/media\/11610"}],"wp:attachment":[{"href":"https:\/\/research-says.com\/tr\/wp-json\/wp\/v2\/media?parent=11609"}],"wp:term":[{"taxonomy":"product_brand","embeddable":true,"href":"https:\/\/research-says.com\/tr\/wp-json\/wp\/v2\/product_brand?post=11609"},{"taxonomy":"product_cat","embeddable":true,"href":"https:\/\/research-says.com\/tr\/wp-json\/wp\/v2\/product_cat?post=11609"},{"taxonomy":"product_tag","embeddable":true,"href":"https:\/\/research-says.com\/tr\/wp-json\/wp\/v2\/product_tag?post=11609"}],"curies":[{"name":"wp","href":"https:\/\/api.w.org\/{rel}","templated":true}]}}