{"id":11614,"date":"2026-02-19T13:24:58","date_gmt":"2026-02-19T10:24:58","guid":{"rendered":"https:\/\/research-says.com\/?post_type=product&#038;p=11614"},"modified":"2026-03-03T11:49:03","modified_gmt":"2026-03-03T08:49:03","slug":"private-writing-mentorship-1-to-1","status":"publish","type":"product","link":"https:\/\/research-says.com\/tr\/urun\/private-writing-mentorship-1-to-1\/","title":{"rendered":"\u00d6zel Akademik Yazma Mentorlu\u011fu"},"content":{"rendered":"<p>\nYazmaya \u00f6zel odaklanan, h\u0131zland\u0131r\u0131lm\u0131\u015f ilerleme ve \u00f6l\u00e7\u00fclebilir akademik geli\u015fimi desteklemek \u00fczere tasarlanm\u0131\u015f y\u00fcksek d\u00fczeyde ki\u015fiselle\u015ftirilmi\u015f akademik mentorluk program\u0131. Program, her \u00f6\u011frencinin g\u00fc\u00e7l\u00fc y\u00f6nlerine, hedeflerine ve akademik gereksinimlerine g\u00f6re tamamen \u00f6zelle\u015ftirilmi\u015f bir \u00f6\u011frenme yolunu takip eder.\n\n\u00d6\u011frenciler, her g\u00f6rev sonras\u0131nda ayr\u0131nt\u0131l\u0131 yaz\u0131l\u0131 geri bildirim alarak net bir y\u00f6nlendirme ve tutarl\u0131 beceri geli\u015fimi sa\u011flar. Oturumlar aras\u0131nda do\u011frudan mentora eri\u015fim, s\u00fcrekli rehberlik ve destek sunarken; yap\u0131land\u0131r\u0131lm\u0131\u015f ilerleme raporlar\u0131 ebeveynleri geli\u015fim ve ba\u015far\u0131 s\u00fcreci hakk\u0131nda d\u00fczenli olarak bilgilendirir.\n\nY\u00fcz y\u00fcze e\u011fitim tercih eden aileler i\u00e7in, kontenjan durumuna ba\u011fl\u0131 olarak birebir ders se\u00e7ene\u011fi de sunulmaktad\u0131r.<\/p>","protected":false},"excerpt":{"rendered":"<div class=\"course-details\">\n<p> S\u00fcre: 20 ders (5\u201310 hafta)<\/p>\n<p> 2\u20134 canl\u0131 ders (her biri 45 dakika)<\/p>\n<p>E\u011fitim \u015fekli: Online (Microsoft Teams \u00fczerinden)<\/p>\n<p>IB program\u0131nda ilerleyen ya da y\u00fcksek akademik ba\u015far\u0131 hedefleyen \u00f6\u011frenciler i\u00e7in ki\u015fiselle\u015ftirilmi\u015f akademik mentorluk.<\/p>\n<p>\u0130\u00e7 de\u011ferlendirmeler, bitirme tezleri (Extended Essay) ve ileri d\u00fczey \u0130ngilizce ders \u00e7al\u0131\u015fmalar\u0131 i\u00e7in idealdir.<\/p>\n<p>Analitik d\u00fc\u015f\u00fcnme becerisini, akademik yaz\u0131m\u0131 ve s\u0131nav haz\u0131rl\u0131\u011f\u0131n\u0131 g\u00fc\u00e7lendirir.<\/p>\n<p>\u00d6l\u00e7\u00fclebilir ilerleme ve \u00f6zg\u00fcvenli performans i\u00e7in tasarlanm\u0131\u015ft\u0131r.<\/p>\n<\/div>","protected":false},"featured_media":11694,"comment_status":"closed","ping_status":"closed","template":"","meta":[],"product_brand":[],"product_cat":[96],"product_tag":[],"class_list":{"0":"post-11614","1":"product","2":"type-product","3":"status-publish","4":"has-post-thumbnail","6":"product_cat-teen-academic-success","8":"first","9":"instock","10":"shipping-taxable","11":"purchasable","12":"product-type-simple"},"yoast_head":"<!-- This site is optimized with the Yoast SEO plugin v27.3 - https:\/\/yoast.com\/product\/yoast-seo-wordpress\/ -->\n<title>Private Academic Writing Mentorship - Language Education &amp; Consultancy<\/title>\n<meta name=\"description\" content=\"This highly personalised mentorship programme is designed for students who require focused, accelerated academic development.\" \/>\n<meta name=\"robots\" content=\"noindex, follow\" \/>\n<meta property=\"og:locale\" content=\"tr_TR\" \/>\n<meta property=\"og:type\" content=\"article\" \/>\n<meta property=\"og:title\" content=\"Private Academic Writing Mentorship - Language Education &amp; Consultancy\" \/>\n<meta property=\"og:description\" content=\"This highly personalised mentorship programme is designed for students who require focused, accelerated academic development.\" \/>\n<meta property=\"og:url\" content=\"https:\/\/research-says.com\/tr\/urun\/private-writing-mentorship-1-to-1\/\" \/>\n<meta property=\"og:site_name\" content=\"Language Education &amp; Consultancy\" \/>\n<meta property=\"article:publisher\" content=\"https:\/\/www.facebook.com\/reliableeducationservices\/notifications\/\" \/>\n<meta property=\"article:modified_time\" content=\"2026-03-03T08:49:03+00:00\" \/>\n<meta property=\"og:image\" content=\"https:\/\/research-says.com\/wp-content\/uploads\/2026\/02\/Child-and-mother-e1771594606192-873x1024.png\" \/>\n\t<meta property=\"og:image:width\" content=\"873\" \/>\n\t<meta property=\"og:image:height\" content=\"1024\" \/>\n\t<meta property=\"og:image:type\" content=\"image\/png\" \/>\n<meta name=\"twitter:card\" content=\"summary_large_image\" \/>\n<meta name=\"twitter:site\" content=\"@guveniliregitim\" \/>\n<meta name=\"twitter:label1\" content=\"Tahmini okuma s\u00fcresi\" \/>\n\t<meta name=\"twitter:data1\" content=\"1 dakika\" \/>\n<script type=\"application\/ld+json\" class=\"yoast-schema-graph\">{\"@context\":\"https:\\\/\\\/schema.org\",\"@graph\":[{\"@type\":\"WebPage\",\"@id\":\"https:\\\/\\\/research-says.com\\\/product\\\/private-writing-mentorship-1-to-1\\\/\",\"url\":\"https:\\\/\\\/research-says.com\\\/product\\\/private-writing-mentorship-1-to-1\\\/\",\"name\":\"Private Academic Writing Mentorship - Language Education &amp; Consultancy\",\"isPartOf\":{\"@id\":\"https:\\\/\\\/research-says.com\\\/#website\"},\"primaryImageOfPage\":{\"@id\":\"https:\\\/\\\/research-says.com\\\/product\\\/private-writing-mentorship-1-to-1\\\/#primaryimage\"},\"image\":{\"@id\":\"https:\\\/\\\/research-says.com\\\/product\\\/private-writing-mentorship-1-to-1\\\/#primaryimage\"},\"thumbnailUrl\":\"https:\\\/\\\/research-says.com\\\/wp-content\\\/uploads\\\/2026\\\/02\\\/Child-and-mother-e1771594606192.png\",\"datePublished\":\"2026-02-19T10:24:58+00:00\",\"dateModified\":\"2026-03-03T08:49:03+00:00\",\"description\":\"This highly personalised mentorship programme is designed for students who require focused, accelerated academic development.\",\"breadcrumb\":{\"@id\":\"https:\\\/\\\/research-says.com\\\/product\\\/private-writing-mentorship-1-to-1\\\/#breadcrumb\"},\"inLanguage\":\"tr\",\"potentialAction\":[{\"@type\":\"ReadAction\",\"target\":[\"https:\\\/\\\/research-says.com\\\/product\\\/private-writing-mentorship-1-to-1\\\/\"]}]},{\"@type\":\"ImageObject\",\"inLanguage\":\"tr\",\"@id\":\"https:\\\/\\\/research-says.com\\\/product\\\/private-writing-mentorship-1-to-1\\\/#primaryimage\",\"url\":\"https:\\\/\\\/research-says.com\\\/wp-content\\\/uploads\\\/2026\\\/02\\\/Child-and-mother-e1771594606192.png\",\"contentUrl\":\"https:\\\/\\\/research-says.com\\\/wp-content\\\/uploads\\\/2026\\\/02\\\/Child-and-mother-e1771594606192.png\",\"width\":1020,\"height\":1196},{\"@type\":\"BreadcrumbList\",\"@id\":\"https:\\\/\\\/research-says.com\\\/product\\\/private-writing-mentorship-1-to-1\\\/#breadcrumb\",\"itemListElement\":[{\"@type\":\"ListItem\",\"position\":1,\"name\":\"Home\",\"item\":\"https:\\\/\\\/research-says.com\\\/\"},{\"@type\":\"ListItem\",\"position\":2,\"name\":\"Private Academic Writing Mentorship\"}]},{\"@type\":\"WebSite\",\"@id\":\"https:\\\/\\\/research-says.com\\\/#website\",\"url\":\"https:\\\/\\\/research-says.com\\\/\",\"name\":\"Language Education &amp; Consultancy\",\"description\":\"Sharper Language. Stronger Communication.\",\"publisher\":{\"@id\":\"https:\\\/\\\/research-says.com\\\/#organization\"},\"potentialAction\":[{\"@type\":\"SearchAction\",\"target\":{\"@type\":\"EntryPoint\",\"urlTemplate\":\"https:\\\/\\\/research-says.com\\\/?s={search_term_string}\"},\"query-input\":{\"@type\":\"PropertyValueSpecification\",\"valueRequired\":true,\"valueName\":\"search_term_string\"}}],\"inLanguage\":\"tr\"},{\"@type\":\"Organization\",\"@id\":\"https:\\\/\\\/research-says.com\\\/#organization\",\"name\":\"Compleat English\",\"alternateName\":\"IELTS Writing\",\"url\":\"https:\\\/\\\/research-says.com\\\/\",\"logo\":{\"@type\":\"ImageObject\",\"inLanguage\":\"tr\",\"@id\":\"https:\\\/\\\/research-says.com\\\/#\\\/schema\\\/logo\\\/image\\\/\",\"url\":\"https:\\\/\\\/research-says.com\\\/wp-content\\\/uploads\\\/2026\\\/03\\\/cropped-cropped-plain-logo-e1772516744844.png\",\"contentUrl\":\"https:\\\/\\\/research-says.com\\\/wp-content\\\/uploads\\\/2026\\\/03\\\/cropped-cropped-plain-logo-e1772516744844.png\",\"width\":150,\"height\":163,\"caption\":\"Compleat English\"},\"image\":{\"@id\":\"https:\\\/\\\/research-says.com\\\/#\\\/schema\\\/logo\\\/image\\\/\"},\"sameAs\":[\"https:\\\/\\\/www.facebook.com\\\/reliableeducationservices\\\/notifications\\\/\",\"https:\\\/\\\/x.com\\\/guveniliregitim\",\"https:\\\/\\\/www.instagram.com\\\/guveniliregitimhizmetleri\\\/\"]}]}<\/script>\n<!-- \/ Yoast SEO plugin. -->","yoast_head_json":{"title":"Private Academic Writing Mentorship - Language Education &amp; Consultancy","description":"This highly personalised mentorship programme is designed for students who require focused, accelerated academic development.","robots":{"index":"noindex","follow":"follow"},"og_locale":"tr_TR","og_type":"article","og_title":"Private Academic Writing Mentorship - Language Education &amp; Consultancy","og_description":"This highly personalised mentorship programme is designed for students who require focused, accelerated academic development.","og_url":"https:\/\/research-says.com\/tr\/urun\/private-writing-mentorship-1-to-1\/","og_site_name":"Language Education &amp; Consultancy","article_publisher":"https:\/\/www.facebook.com\/reliableeducationservices\/notifications\/","article_modified_time":"2026-03-03T08:49:03+00:00","og_image":[{"width":873,"height":1024,"url":"https:\/\/research-says.com\/wp-content\/uploads\/2026\/02\/Child-and-mother-e1771594606192-873x1024.png","type":"image\/png"}],"twitter_card":"summary_large_image","twitter_site":"@guveniliregitim","twitter_misc":{"Tahmini okuma s\u00fcresi":"1 dakika"},"schema":{"@context":"https:\/\/schema.org","@graph":[{"@type":"WebPage","@id":"https:\/\/research-says.com\/product\/private-writing-mentorship-1-to-1\/","url":"https:\/\/research-says.com\/product\/private-writing-mentorship-1-to-1\/","name":"Private Academic Writing Mentorship - Language Education &amp; Consultancy","isPartOf":{"@id":"https:\/\/research-says.com\/#website"},"primaryImageOfPage":{"@id":"https:\/\/research-says.com\/product\/private-writing-mentorship-1-to-1\/#primaryimage"},"image":{"@id":"https:\/\/research-says.com\/product\/private-writing-mentorship-1-to-1\/#primaryimage"},"thumbnailUrl":"https:\/\/research-says.com\/wp-content\/uploads\/2026\/02\/Child-and-mother-e1771594606192.png","datePublished":"2026-02-19T10:24:58+00:00","dateModified":"2026-03-03T08:49:03+00:00","description":"This highly personalised mentorship programme is designed for students who require focused, accelerated academic development.","breadcrumb":{"@id":"https:\/\/research-says.com\/product\/private-writing-mentorship-1-to-1\/#breadcrumb"},"inLanguage":"tr","potentialAction":[{"@type":"ReadAction","target":["https:\/\/research-says.com\/product\/private-writing-mentorship-1-to-1\/"]}]},{"@type":"ImageObject","inLanguage":"tr","@id":"https:\/\/research-says.com\/product\/private-writing-mentorship-1-to-1\/#primaryimage","url":"https:\/\/research-says.com\/wp-content\/uploads\/2026\/02\/Child-and-mother-e1771594606192.png","contentUrl":"https:\/\/research-says.com\/wp-content\/uploads\/2026\/02\/Child-and-mother-e1771594606192.png","width":1020,"height":1196},{"@type":"BreadcrumbList","@id":"https:\/\/research-says.com\/product\/private-writing-mentorship-1-to-1\/#breadcrumb","itemListElement":[{"@type":"ListItem","position":1,"name":"Home","item":"https:\/\/research-says.com\/"},{"@type":"ListItem","position":2,"name":"Private Academic Writing Mentorship"}]},{"@type":"WebSite","@id":"https:\/\/research-says.com\/#website","url":"https:\/\/research-says.com\/","name":"Dil E\u011fitimi ve Dan\u0131\u015fmanl\u0131k","description":"Daha Etkili Dil. Daha G\u00fc\u00e7l\u00fc \u0130leti\u015fim.","publisher":{"@id":"https:\/\/research-says.com\/#organization"},"potentialAction":[{"@type":"SearchAction","target":{"@type":"EntryPoint","urlTemplate":"https:\/\/research-says.com\/?s={search_term_string}"},"query-input":{"@type":"PropertyValueSpecification","valueRequired":true,"valueName":"search_term_string"}}],"inLanguage":"tr"},{"@type":"Organization","@id":"https:\/\/research-says.com\/#organization","name":"Compleat English","alternateName":"IELTS Writing","url":"https:\/\/research-says.com\/","logo":{"@type":"ImageObject","inLanguage":"tr","@id":"https:\/\/research-says.com\/#\/schema\/logo\/image\/","url":"https:\/\/research-says.com\/wp-content\/uploads\/2026\/03\/cropped-cropped-plain-logo-e1772516744844.png","contentUrl":"https:\/\/research-says.com\/wp-content\/uploads\/2026\/03\/cropped-cropped-plain-logo-e1772516744844.png","width":150,"height":163,"caption":"Compleat English"},"image":{"@id":"https:\/\/research-says.com\/#\/schema\/logo\/image\/"},"sameAs":["https:\/\/www.facebook.com\/reliableeducationservices\/notifications\/","https:\/\/x.com\/guveniliregitim","https:\/\/www.instagram.com\/guveniliregitimhizmetleri\/"]}]}},"_links":{"self":[{"href":"https:\/\/research-says.com\/tr\/wp-json\/wp\/v2\/product\/11614","targetHints":{"allow":["GET"]}}],"collection":[{"href":"https:\/\/research-says.com\/tr\/wp-json\/wp\/v2\/product"}],"about":[{"href":"https:\/\/research-says.com\/tr\/wp-json\/wp\/v2\/types\/product"}],"replies":[{"embeddable":true,"href":"https:\/\/research-says.com\/tr\/wp-json\/wp\/v2\/comments?post=11614"}],"wp:featuredmedia":[{"embeddable":true,"href":"https:\/\/research-says.com\/tr\/wp-json\/wp\/v2\/media\/11694"}],"wp:attachment":[{"href":"https:\/\/research-says.com\/tr\/wp-json\/wp\/v2\/media?parent=11614"}],"wp:term":[{"taxonomy":"product_brand","embeddable":true,"href":"https:\/\/research-says.com\/tr\/wp-json\/wp\/v2\/product_brand?post=11614"},{"taxonomy":"product_cat","embeddable":true,"href":"https:\/\/research-says.com\/tr\/wp-json\/wp\/v2\/product_cat?post=11614"},{"taxonomy":"product_tag","embeddable":true,"href":"https:\/\/research-says.com\/tr\/wp-json\/wp\/v2\/product_tag?post=11614"}],"curies":[{"name":"wp","href":"https:\/\/api.w.org\/{rel}","templated":true}]}}