{"id":11687,"date":"2026-02-20T09:01:45","date_gmt":"2026-02-20T06:01:45","guid":{"rendered":"https:\/\/research-says.com\/?post_type=product&#038;p=11687"},"modified":"2026-03-03T11:33:06","modified_gmt":"2026-03-03T08:33:06","slug":"advanced-academic-writing-course","status":"publish","type":"product","link":"https:\/\/research-says.com\/tr\/urun\/advanced-academic-writing-course\/","title":{"rendered":"\u0130leri D\u00fczey Akademik Yaz\u0131m Dijital Kursu"},"content":{"rendered":"<p>Bu ileri d\u00fczey akademik yazma kursu, net bir yap\u0131, g\u00fc\u00e7l\u00fc arg\u00fcmanlar ve daha y\u00fcksek puanlar hedefleyen s\u0131nav adaylar\u0131 i\u00e7in tasarlanm\u0131\u015ft\u0131r. Kurs; IELTS ve GRE\u2019ye haz\u0131rlanan \u00f6\u011frencilerin yan\u0131 s\u0131ra \u00fcniversiteye veya uluslararas\u0131 ba\u015fvurulara haz\u0131rlanan lise \u00f6\u011frencilerini de destekler.\n\nPaket kapsam\u0131nda a\u00e7\u0131klama ve sorular i\u00e7in e\u011fitmene do\u011frudan eri\u015fim imk\u00e2n\u0131 sunulur. \u0130ki taslak metin i\u00e7in insan geri bildirimi sa\u011flan\u0131r ve bu s\u00fcre\u00e7 yap\u0131land\u0131r\u0131lm\u0131\u015f, yapay zek\u00e2 destekli geri bildirimle desteklenir.<\/p>","protected":false},"excerpt":{"rendered":"<div class=\"course-details\">\n<p>Dijital kursa 3 ayl\u0131k eri\u015fim <\/p>\n<p>Her biri 2\u20134 dersten olu\u015fan 8 yap\u0131land\u0131r\u0131lm\u0131\u015f mod\u00fcl (her ders 45 dakika)<\/p>\n<p>Bant a\u00e7\u0131klamalar\u0131yla \u00f6rnek kompozisyonlar<\/p>\n<p>Kompozisyonlarda kullan\u0131labilecek ileri d\u00fczey dil yap\u0131lar\u0131 \u00fczerine odaklanma<\/p>\n<p>Yapay zek\u00e2 destekli anl\u0131k geri bildirim<\/p>\n<p>2 tasla\u011fa bireysel geri bildirim<\/p>\n<p>Talep \u00fczerine ek grup oturumlar\u0131 ve bire bir mentorluk imk\u00e2n\u0131 mevcuttur<\/p>\n<\/div>","protected":false},"featured_media":10218,"comment_status":"closed","ping_status":"closed","template":"","meta":[],"product_brand":[],"product_cat":[98],"product_tag":[],"class_list":{"0":"post-11687","1":"product","2":"type-product","3":"status-publish","4":"has-post-thumbnail","6":"product_cat-advanced-writing","8":"first","9":"instock","10":"shipping-taxable","11":"purchasable","12":"product-type-simple"},"yoast_head":"<!-- This site is optimized with the Yoast SEO plugin v27.3 - https:\/\/yoast.com\/product\/yoast-seo-wordpress\/ -->\n<title>Advanced academic writing course for IELTS (GRE) exams<\/title>\n<meta name=\"description\" content=\"This Advanced Academic Writing Course is designed for students who want to develop precision, clarity, and control in formal English writing.\" \/>\n<meta name=\"robots\" content=\"noindex, follow\" \/>\n<meta property=\"og:locale\" content=\"tr_TR\" \/>\n<meta property=\"og:type\" content=\"article\" \/>\n<meta property=\"og:title\" content=\"Advanced academic writing course for IELTS (GRE) exams\" \/>\n<meta property=\"og:description\" content=\"This Advanced Academic Writing Course is designed for students who want to develop precision, clarity, and control in formal English writing.\" \/>\n<meta property=\"og:url\" content=\"https:\/\/research-says.com\/tr\/urun\/advanced-academic-writing-course\/\" \/>\n<meta property=\"og:site_name\" content=\"Language Education &amp; Consultancy\" \/>\n<meta property=\"article:publisher\" content=\"https:\/\/www.facebook.com\/reliableeducationservices\/notifications\/\" \/>\n<meta property=\"article:modified_time\" content=\"2026-03-03T08:33:06+00:00\" \/>\n<meta property=\"og:image\" content=\"https:\/\/research-says.com\/wp-content\/uploads\/2025\/12\/professionals.png\" \/>\n\t<meta property=\"og:image:width\" content=\"1024\" \/>\n\t<meta property=\"og:image:height\" content=\"1024\" \/>\n\t<meta property=\"og:image:type\" content=\"image\/png\" \/>\n<meta name=\"twitter:card\" content=\"summary_large_image\" \/>\n<meta name=\"twitter:site\" content=\"@guveniliregitim\" \/>\n<meta name=\"twitter:label1\" content=\"Tahmini okuma s\u00fcresi\" \/>\n\t<meta name=\"twitter:data1\" content=\"1 dakika\" \/>\n<script type=\"application\/ld+json\" class=\"yoast-schema-graph\">{\"@context\":\"https:\\\/\\\/schema.org\",\"@graph\":[{\"@type\":\"WebPage\",\"@id\":\"https:\\\/\\\/research-says.com\\\/product\\\/advanced-academic-writing-course\\\/\",\"url\":\"https:\\\/\\\/research-says.com\\\/product\\\/advanced-academic-writing-course\\\/\",\"name\":\"Advanced academic writing course for IELTS (GRE) exams\",\"isPartOf\":{\"@id\":\"https:\\\/\\\/research-says.com\\\/#website\"},\"primaryImageOfPage\":{\"@id\":\"https:\\\/\\\/research-says.com\\\/product\\\/advanced-academic-writing-course\\\/#primaryimage\"},\"image\":{\"@id\":\"https:\\\/\\\/research-says.com\\\/product\\\/advanced-academic-writing-course\\\/#primaryimage\"},\"thumbnailUrl\":\"https:\\\/\\\/research-says.com\\\/wp-content\\\/uploads\\\/2025\\\/12\\\/professionals.png\",\"datePublished\":\"2026-02-20T06:01:45+00:00\",\"dateModified\":\"2026-03-03T08:33:06+00:00\",\"description\":\"This Advanced Academic Writing Course is designed for students who want to develop precision, clarity, and control in formal English writing.\",\"breadcrumb\":{\"@id\":\"https:\\\/\\\/research-says.com\\\/product\\\/advanced-academic-writing-course\\\/#breadcrumb\"},\"inLanguage\":\"tr\",\"potentialAction\":[{\"@type\":\"ReadAction\",\"target\":[\"https:\\\/\\\/research-says.com\\\/product\\\/advanced-academic-writing-course\\\/\"]}]},{\"@type\":\"ImageObject\",\"inLanguage\":\"tr\",\"@id\":\"https:\\\/\\\/research-says.com\\\/product\\\/advanced-academic-writing-course\\\/#primaryimage\",\"url\":\"https:\\\/\\\/research-says.com\\\/wp-content\\\/uploads\\\/2025\\\/12\\\/professionals.png\",\"contentUrl\":\"https:\\\/\\\/research-says.com\\\/wp-content\\\/uploads\\\/2025\\\/12\\\/professionals.png\",\"width\":1024,\"height\":1024,\"caption\":\"Advanced academic writing course\"},{\"@type\":\"BreadcrumbList\",\"@id\":\"https:\\\/\\\/research-says.com\\\/product\\\/advanced-academic-writing-course\\\/#breadcrumb\",\"itemListElement\":[{\"@type\":\"ListItem\",\"position\":1,\"name\":\"Home\",\"item\":\"https:\\\/\\\/research-says.com\\\/\"},{\"@type\":\"ListItem\",\"position\":2,\"name\":\"Advanced Academic Writing Digital Course\"}]},{\"@type\":\"WebSite\",\"@id\":\"https:\\\/\\\/research-says.com\\\/#website\",\"url\":\"https:\\\/\\\/research-says.com\\\/\",\"name\":\"Language Education &amp; Consultancy\",\"description\":\"Sharper Language. Stronger Communication.\",\"publisher\":{\"@id\":\"https:\\\/\\\/research-says.com\\\/#organization\"},\"potentialAction\":[{\"@type\":\"SearchAction\",\"target\":{\"@type\":\"EntryPoint\",\"urlTemplate\":\"https:\\\/\\\/research-says.com\\\/?s={search_term_string}\"},\"query-input\":{\"@type\":\"PropertyValueSpecification\",\"valueRequired\":true,\"valueName\":\"search_term_string\"}}],\"inLanguage\":\"tr\"},{\"@type\":\"Organization\",\"@id\":\"https:\\\/\\\/research-says.com\\\/#organization\",\"name\":\"Compleat English\",\"alternateName\":\"IELTS Writing\",\"url\":\"https:\\\/\\\/research-says.com\\\/\",\"logo\":{\"@type\":\"ImageObject\",\"inLanguage\":\"tr\",\"@id\":\"https:\\\/\\\/research-says.com\\\/#\\\/schema\\\/logo\\\/image\\\/\",\"url\":\"https:\\\/\\\/research-says.com\\\/wp-content\\\/uploads\\\/2026\\\/03\\\/cropped-cropped-plain-logo-e1772516744844.png\",\"contentUrl\":\"https:\\\/\\\/research-says.com\\\/wp-content\\\/uploads\\\/2026\\\/03\\\/cropped-cropped-plain-logo-e1772516744844.png\",\"width\":150,\"height\":163,\"caption\":\"Compleat English\"},\"image\":{\"@id\":\"https:\\\/\\\/research-says.com\\\/#\\\/schema\\\/logo\\\/image\\\/\"},\"sameAs\":[\"https:\\\/\\\/www.facebook.com\\\/reliableeducationservices\\\/notifications\\\/\",\"https:\\\/\\\/x.com\\\/guveniliregitim\",\"https:\\\/\\\/www.instagram.com\\\/guveniliregitimhizmetleri\\\/\"]}]}<\/script>\n<!-- \/ Yoast SEO plugin. -->","yoast_head_json":{"title":"Advanced academic writing course for IELTS (GRE) exams","description":"This Advanced Academic Writing Course is designed for students who want to develop precision, clarity, and control in formal English writing.","robots":{"index":"noindex","follow":"follow"},"og_locale":"tr_TR","og_type":"article","og_title":"Advanced academic writing course for IELTS (GRE) exams","og_description":"This Advanced Academic Writing Course is designed for students who want to develop precision, clarity, and control in formal English writing.","og_url":"https:\/\/research-says.com\/tr\/urun\/advanced-academic-writing-course\/","og_site_name":"Language Education &amp; Consultancy","article_publisher":"https:\/\/www.facebook.com\/reliableeducationservices\/notifications\/","article_modified_time":"2026-03-03T08:33:06+00:00","og_image":[{"width":1024,"height":1024,"url":"https:\/\/research-says.com\/wp-content\/uploads\/2025\/12\/professionals.png","type":"image\/png"}],"twitter_card":"summary_large_image","twitter_site":"@guveniliregitim","twitter_misc":{"Tahmini okuma s\u00fcresi":"1 dakika"},"schema":{"@context":"https:\/\/schema.org","@graph":[{"@type":"WebPage","@id":"https:\/\/research-says.com\/product\/advanced-academic-writing-course\/","url":"https:\/\/research-says.com\/product\/advanced-academic-writing-course\/","name":"Advanced academic writing course for IELTS (GRE) exams","isPartOf":{"@id":"https:\/\/research-says.com\/#website"},"primaryImageOfPage":{"@id":"https:\/\/research-says.com\/product\/advanced-academic-writing-course\/#primaryimage"},"image":{"@id":"https:\/\/research-says.com\/product\/advanced-academic-writing-course\/#primaryimage"},"thumbnailUrl":"https:\/\/research-says.com\/wp-content\/uploads\/2025\/12\/professionals.png","datePublished":"2026-02-20T06:01:45+00:00","dateModified":"2026-03-03T08:33:06+00:00","description":"This Advanced Academic Writing Course is designed for students who want to develop precision, clarity, and control in formal English writing.","breadcrumb":{"@id":"https:\/\/research-says.com\/product\/advanced-academic-writing-course\/#breadcrumb"},"inLanguage":"tr","potentialAction":[{"@type":"ReadAction","target":["https:\/\/research-says.com\/product\/advanced-academic-writing-course\/"]}]},{"@type":"ImageObject","inLanguage":"tr","@id":"https:\/\/research-says.com\/product\/advanced-academic-writing-course\/#primaryimage","url":"https:\/\/research-says.com\/wp-content\/uploads\/2025\/12\/professionals.png","contentUrl":"https:\/\/research-says.com\/wp-content\/uploads\/2025\/12\/professionals.png","width":1024,"height":1024,"caption":"Advanced academic writing course"},{"@type":"BreadcrumbList","@id":"https:\/\/research-says.com\/product\/advanced-academic-writing-course\/#breadcrumb","itemListElement":[{"@type":"ListItem","position":1,"name":"Home","item":"https:\/\/research-says.com\/"},{"@type":"ListItem","position":2,"name":"Advanced Academic Writing Digital Course"}]},{"@type":"WebSite","@id":"https:\/\/research-says.com\/#website","url":"https:\/\/research-says.com\/","name":"Dil E\u011fitimi ve Dan\u0131\u015fmanl\u0131k","description":"Daha Etkili Dil. Daha G\u00fc\u00e7l\u00fc \u0130leti\u015fim.","publisher":{"@id":"https:\/\/research-says.com\/#organization"},"potentialAction":[{"@type":"SearchAction","target":{"@type":"EntryPoint","urlTemplate":"https:\/\/research-says.com\/?s={search_term_string}"},"query-input":{"@type":"PropertyValueSpecification","valueRequired":true,"valueName":"search_term_string"}}],"inLanguage":"tr"},{"@type":"Organization","@id":"https:\/\/research-says.com\/#organization","name":"Compleat English","alternateName":"IELTS Writing","url":"https:\/\/research-says.com\/","logo":{"@type":"ImageObject","inLanguage":"tr","@id":"https:\/\/research-says.com\/#\/schema\/logo\/image\/","url":"https:\/\/research-says.com\/wp-content\/uploads\/2026\/03\/cropped-cropped-plain-logo-e1772516744844.png","contentUrl":"https:\/\/research-says.com\/wp-content\/uploads\/2026\/03\/cropped-cropped-plain-logo-e1772516744844.png","width":150,"height":163,"caption":"Compleat English"},"image":{"@id":"https:\/\/research-says.com\/#\/schema\/logo\/image\/"},"sameAs":["https:\/\/www.facebook.com\/reliableeducationservices\/notifications\/","https:\/\/x.com\/guveniliregitim","https:\/\/www.instagram.com\/guveniliregitimhizmetleri\/"]}]}},"_links":{"self":[{"href":"https:\/\/research-says.com\/tr\/wp-json\/wp\/v2\/product\/11687","targetHints":{"allow":["GET"]}}],"collection":[{"href":"https:\/\/research-says.com\/tr\/wp-json\/wp\/v2\/product"}],"about":[{"href":"https:\/\/research-says.com\/tr\/wp-json\/wp\/v2\/types\/product"}],"replies":[{"embeddable":true,"href":"https:\/\/research-says.com\/tr\/wp-json\/wp\/v2\/comments?post=11687"}],"wp:featuredmedia":[{"embeddable":true,"href":"https:\/\/research-says.com\/tr\/wp-json\/wp\/v2\/media\/10218"}],"wp:attachment":[{"href":"https:\/\/research-says.com\/tr\/wp-json\/wp\/v2\/media?parent=11687"}],"wp:term":[{"taxonomy":"product_brand","embeddable":true,"href":"https:\/\/research-says.com\/tr\/wp-json\/wp\/v2\/product_brand?post=11687"},{"taxonomy":"product_cat","embeddable":true,"href":"https:\/\/research-says.com\/tr\/wp-json\/wp\/v2\/product_cat?post=11687"},{"taxonomy":"product_tag","embeddable":true,"href":"https:\/\/research-says.com\/tr\/wp-json\/wp\/v2\/product_tag?post=11687"}],"curies":[{"name":"wp","href":"https:\/\/api.w.org\/{rel}","templated":true}]}}