{"id":11714,"date":"2026-02-21T08:07:37","date_gmt":"2026-02-21T05:07:37","guid":{"rendered":"https:\/\/research-says.com\/?post_type=product&#038;p=11714"},"modified":"2026-03-23T22:07:44","modified_gmt":"2026-03-23T19:07:44","slug":"%f0%9f%87%b7%f0%9f%87%b4-advanced-romanian-language-course-for-exams%f0%9f%87%aa%f0%9f%87%ba","status":"publish","type":"product","link":"https:\/\/research-says.com\/tr\/urun\/%f0%9f%87%b7%f0%9f%87%b4-advanced-romanian-language-course-for-exams%f0%9f%87%aa%f0%9f%87%ba\/","title":{"rendered":"\ud83c\uddf7\ud83c\uddf4 Romanian for B1 Certification (A1\u2013B1: 3 levels) \ud83c\uddea\ud83c\uddfa"},"content":{"rendered":"<p>Kapsaml\u0131, sonu\u00e7 odakl\u0131 bir Romence program\u0131.<\/p>\n<p>Bu kurs, 156 saatlik e\u011fitim ile birlikte, kelime bilgisini kal\u0131c\u0131 hale getirmenize ve dilbilgisi yap\u0131lar\u0131n\u0131 verimli bir \u015fekilde \u00f6\u011frenmenize yard\u0131mc\u0131 olan \u00f6zenle haz\u0131rlanm\u0131\u015f dijital materyallere eri\u015fim sunar.<\/p>\n<p>Ayr\u0131ca yapay zek\u00e2 destekli konu\u015fma prati\u011finden faydalanarak \u00f6zg\u00fcveninizi geli\u015ftirebilir ve ders d\u0131\u015f\u0131nda bile her g\u00fcn Romence pratik yapabilirsiniz.<\/p>\n<p>\u0130lk g\u00fcnden itibaren, deneyimli bir e\u011fitmen taraf\u0131ndan sunulan yap\u0131land\u0131r\u0131lm\u0131\u015f ve ara\u015ft\u0131rma temelli bir y\u00f6ntemle Romence konu\u015fmaya ba\u015flayacaks\u0131n\u0131z.<\/p>\n<p>\u2714 T\u00fcrk\u00e7e uzun anlat\u0131mlar yok<\/p>\n<p>\u2714 Ger\u00e7ek ileti\u015fime ve aktif kullan\u0131ma odaklanma<\/p>\n<p>\u2714 WhatsApp \u00fczerinden s\u00fcrekli destek ve sorular\u0131n\u0131za yan\u0131t<\/p>\n<p>Bu program, netlik, \u00f6zg\u00fcven ve istikrarla ilerlemeniz i\u00e7in ihtiyac\u0131n\u0131z olan her \u015feyi sunacak \u015fekilde tasarlanm\u0131\u015ft\u0131r.<\/p>","protected":false},"excerpt":{"rendered":"<div class=\"course-details\">\n<div style=\"margin-bottom: 16px;\"><strong>S\u00fcre<\/strong><br \/>\nA1: 42 saat (7 hafta)<br \/>\nA2: 42 saat (7 hafta)<br \/>\nB1: 42 saat (7 hafta)<br \/>\n30 Konu\u015fma Kul\u00fcb\u00fc<br \/>\n156 saat (21 hafta)<br \/>\n10% indirim<\/div>\n<p><!-- Schedule --><\/p>\n<div style=\"margin-bottom: 16px;\"><strong>Program<\/strong><br \/>\nSabah: Pazartesi, \u00c7ar\u015famba, Cuma \u2014 10:00\u201311:50<br \/>\nAk\u015fam: Pazartesi, \u00c7ar\u015famba, Cuma \u2014 19:30\u201321:20<\/div>\n<p><!-- Speaking Clubs --><\/p>\n<div style=\"margin-bottom: 16px;\"><strong>\u00dccretsiz Konu\u015fma Kul\u00fcpleri<\/strong><br \/>\nSal\u0131 \u2014 19:30\u201320:20<br \/>\nPer\u015fembe \u2014 20:30\u201321:20<\/div>\n<p><!-- Format --><\/p>\n<div style=\"margin-bottom: 16px;\"><strong>E\u011fitim Format\u0131<\/strong><br \/>\nMicrosoft Teams \u00fczerinden canl\u0131 online dersler<br \/>\nGrup b\u00fcy\u00fckl\u00fc\u011f\u00fcne ba\u011fl\u0131 olarak y\u00fcz y\u00fcze ders imk\u00e2n\u0131 sunulmaktad\u0131r.<\/div>\n<p><!-- Materials --><\/p>\n<div><strong>\u00dccretsiz Kaynaklar<\/strong><br \/>\nDijital materyallere eri\u015fim<\/div>\n<p>E\u011fitim \u015fekli: Online (Microsoft Teams \u00fczerinden)<\/p>\n<p>Grup b\u00fcy\u00fckl\u00fc\u011f\u00fcne ba\u011fl\u0131 olarak y\u00fcz y\u00fcze ders imk\u00e2n\u0131 sunulmaktad\u0131r.<\/p>\n<\/div>","protected":false},"featured_media":11716,"comment_status":"closed","ping_status":"closed","template":"","meta":[],"product_brand":[],"product_cat":[97],"product_tag":[],"class_list":{"0":"post-11714","1":"product","2":"type-product","3":"status-publish","4":"has-post-thumbnail","6":"product_cat-romanian-course","8":"first","9":"instock","10":"sale","11":"shipping-taxable","12":"purchasable","13":"product-type-simple"},"yoast_head":"<!-- This site is optimized with the Yoast SEO plugin v27.3 - https:\/\/yoast.com\/product\/yoast-seo-wordpress\/ -->\n<title>Advanced Romanian Language Course for High-Proficiency Exams<\/title>\n<meta name=\"description\" content=\"Structured Romanian course with academic academic vocabulary necessary for high-level proficiency exams. Research-based approach to learning.\" \/>\n<meta name=\"robots\" content=\"noindex, follow\" \/>\n<meta property=\"og:locale\" content=\"tr_TR\" \/>\n<meta property=\"og:type\" content=\"article\" \/>\n<meta property=\"og:title\" content=\"Advanced Romanian Language Course for High-Proficiency Exams\" \/>\n<meta property=\"og:description\" content=\"Structured Romanian course with academic academic vocabulary necessary for high-level proficiency exams. Research-based approach to learning.\" \/>\n<meta property=\"og:url\" content=\"https:\/\/research-says.com\/tr\/urun\/\ud83c\uddf7\ud83c\uddf4-advanced-romanian-language-course-for-exams\ud83c\uddea\ud83c\uddfa\/\" \/>\n<meta property=\"og:site_name\" content=\"Language Education &amp; Consultancy\" \/>\n<meta property=\"article:publisher\" content=\"https:\/\/www.facebook.com\/reliableeducationservices\/notifications\/\" \/>\n<meta property=\"article:modified_time\" content=\"2026-03-23T19:07:44+00:00\" \/>\n<meta property=\"og:image\" content=\"https:\/\/research-says.com\/wp-content\/uploads\/2026\/02\/Students-at-university.png\" \/>\n\t<meta property=\"og:image:width\" content=\"1024\" \/>\n\t<meta property=\"og:image:height\" content=\"1024\" \/>\n\t<meta property=\"og:image:type\" content=\"image\/png\" \/>\n<meta name=\"twitter:card\" content=\"summary_large_image\" \/>\n<meta name=\"twitter:site\" content=\"@guveniliregitim\" \/>\n<meta name=\"twitter:label1\" content=\"Tahmini okuma s\u00fcresi\" \/>\n\t<meta name=\"twitter:data1\" content=\"1 dakika\" \/>\n<script type=\"application\/ld+json\" class=\"yoast-schema-graph\">{\"@context\":\"https:\\\/\\\/schema.org\",\"@graph\":[{\"@type\":\"WebPage\",\"@id\":\"https:\\\/\\\/research-says.com\\\/product\\\/%f0%9f%87%b7%f0%9f%87%b4-advanced-romanian-language-course-for-exams%f0%9f%87%aa%f0%9f%87%ba\\\/\",\"url\":\"https:\\\/\\\/research-says.com\\\/product\\\/%f0%9f%87%b7%f0%9f%87%b4-advanced-romanian-language-course-for-exams%f0%9f%87%aa%f0%9f%87%ba\\\/\",\"name\":\"Advanced Romanian Language Course for High-Proficiency Exams\",\"isPartOf\":{\"@id\":\"https:\\\/\\\/research-says.com\\\/#website\"},\"primaryImageOfPage\":{\"@id\":\"https:\\\/\\\/research-says.com\\\/product\\\/%f0%9f%87%b7%f0%9f%87%b4-advanced-romanian-language-course-for-exams%f0%9f%87%aa%f0%9f%87%ba\\\/#primaryimage\"},\"image\":{\"@id\":\"https:\\\/\\\/research-says.com\\\/product\\\/%f0%9f%87%b7%f0%9f%87%b4-advanced-romanian-language-course-for-exams%f0%9f%87%aa%f0%9f%87%ba\\\/#primaryimage\"},\"thumbnailUrl\":\"https:\\\/\\\/research-says.com\\\/wp-content\\\/uploads\\\/2026\\\/02\\\/Students-at-university.png\",\"datePublished\":\"2026-02-21T05:07:37+00:00\",\"dateModified\":\"2026-03-23T19:07:44+00:00\",\"description\":\"Structured Romanian course with academic academic vocabulary necessary for high-level proficiency exams. Research-based approach to learning.\",\"breadcrumb\":{\"@id\":\"https:\\\/\\\/research-says.com\\\/product\\\/%f0%9f%87%b7%f0%9f%87%b4-advanced-romanian-language-course-for-exams%f0%9f%87%aa%f0%9f%87%ba\\\/#breadcrumb\"},\"inLanguage\":\"tr\",\"potentialAction\":[{\"@type\":\"ReadAction\",\"target\":[\"https:\\\/\\\/research-says.com\\\/product\\\/%f0%9f%87%b7%f0%9f%87%b4-advanced-romanian-language-course-for-exams%f0%9f%87%aa%f0%9f%87%ba\\\/\"]}]},{\"@type\":\"ImageObject\",\"inLanguage\":\"tr\",\"@id\":\"https:\\\/\\\/research-says.com\\\/product\\\/%f0%9f%87%b7%f0%9f%87%b4-advanced-romanian-language-course-for-exams%f0%9f%87%aa%f0%9f%87%ba\\\/#primaryimage\",\"url\":\"https:\\\/\\\/research-says.com\\\/wp-content\\\/uploads\\\/2026\\\/02\\\/Students-at-university.png\",\"contentUrl\":\"https:\\\/\\\/research-says.com\\\/wp-content\\\/uploads\\\/2026\\\/02\\\/Students-at-university.png\",\"width\":1024,\"height\":1024},{\"@type\":\"BreadcrumbList\",\"@id\":\"https:\\\/\\\/research-says.com\\\/product\\\/%f0%9f%87%b7%f0%9f%87%b4-advanced-romanian-language-course-for-exams%f0%9f%87%aa%f0%9f%87%ba\\\/#breadcrumb\",\"itemListElement\":[{\"@type\":\"ListItem\",\"position\":1,\"name\":\"Home\",\"item\":\"https:\\\/\\\/research-says.com\\\/\"},{\"@type\":\"ListItem\",\"position\":2,\"name\":\"\ud83c\uddf7\ud83c\uddf4 Romanian for B1 Certification (A1\u2013B1: 3 levels) \ud83c\uddea\ud83c\uddfa\"}]},{\"@type\":\"WebSite\",\"@id\":\"https:\\\/\\\/research-says.com\\\/#website\",\"url\":\"https:\\\/\\\/research-says.com\\\/\",\"name\":\"Language Education &amp; Consultancy\",\"description\":\"Sharper Language. Stronger Communication.\",\"publisher\":{\"@id\":\"https:\\\/\\\/research-says.com\\\/#organization\"},\"potentialAction\":[{\"@type\":\"SearchAction\",\"target\":{\"@type\":\"EntryPoint\",\"urlTemplate\":\"https:\\\/\\\/research-says.com\\\/?s={search_term_string}\"},\"query-input\":{\"@type\":\"PropertyValueSpecification\",\"valueRequired\":true,\"valueName\":\"search_term_string\"}}],\"inLanguage\":\"tr\"},{\"@type\":\"Organization\",\"@id\":\"https:\\\/\\\/research-says.com\\\/#organization\",\"name\":\"Compleat English\",\"alternateName\":\"IELTS Writing\",\"url\":\"https:\\\/\\\/research-says.com\\\/\",\"logo\":{\"@type\":\"ImageObject\",\"inLanguage\":\"tr\",\"@id\":\"https:\\\/\\\/research-says.com\\\/#\\\/schema\\\/logo\\\/image\\\/\",\"url\":\"https:\\\/\\\/research-says.com\\\/wp-content\\\/uploads\\\/2026\\\/03\\\/cropped-cropped-plain-logo-e1772516744844.png\",\"contentUrl\":\"https:\\\/\\\/research-says.com\\\/wp-content\\\/uploads\\\/2026\\\/03\\\/cropped-cropped-plain-logo-e1772516744844.png\",\"width\":150,\"height\":163,\"caption\":\"Compleat English\"},\"image\":{\"@id\":\"https:\\\/\\\/research-says.com\\\/#\\\/schema\\\/logo\\\/image\\\/\"},\"sameAs\":[\"https:\\\/\\\/www.facebook.com\\\/reliableeducationservices\\\/notifications\\\/\",\"https:\\\/\\\/x.com\\\/guveniliregitim\",\"https:\\\/\\\/www.instagram.com\\\/guveniliregitimhizmetleri\\\/\"]}]}<\/script>\n<!-- \/ Yoast SEO plugin. -->","yoast_head_json":{"title":"Advanced Romanian Language Course for High-Proficiency Exams","description":"Structured Romanian course with academic academic vocabulary necessary for high-level proficiency exams. Research-based approach to learning.","robots":{"index":"noindex","follow":"follow"},"og_locale":"tr_TR","og_type":"article","og_title":"Advanced Romanian Language Course for High-Proficiency Exams","og_description":"Structured Romanian course with academic academic vocabulary necessary for high-level proficiency exams. Research-based approach to learning.","og_url":"https:\/\/research-says.com\/tr\/urun\/\ud83c\uddf7\ud83c\uddf4-advanced-romanian-language-course-for-exams\ud83c\uddea\ud83c\uddfa\/","og_site_name":"Language Education &amp; Consultancy","article_publisher":"https:\/\/www.facebook.com\/reliableeducationservices\/notifications\/","article_modified_time":"2026-03-23T19:07:44+00:00","og_image":[{"width":1024,"height":1024,"url":"https:\/\/research-says.com\/wp-content\/uploads\/2026\/02\/Students-at-university.png","type":"image\/png"}],"twitter_card":"summary_large_image","twitter_site":"@guveniliregitim","twitter_misc":{"Tahmini okuma s\u00fcresi":"1 dakika"},"schema":{"@context":"https:\/\/schema.org","@graph":[{"@type":"WebPage","@id":"https:\/\/research-says.com\/product\/%f0%9f%87%b7%f0%9f%87%b4-advanced-romanian-language-course-for-exams%f0%9f%87%aa%f0%9f%87%ba\/","url":"https:\/\/research-says.com\/product\/%f0%9f%87%b7%f0%9f%87%b4-advanced-romanian-language-course-for-exams%f0%9f%87%aa%f0%9f%87%ba\/","name":"Advanced Romanian Language Course for High-Proficiency Exams","isPartOf":{"@id":"https:\/\/research-says.com\/#website"},"primaryImageOfPage":{"@id":"https:\/\/research-says.com\/product\/%f0%9f%87%b7%f0%9f%87%b4-advanced-romanian-language-course-for-exams%f0%9f%87%aa%f0%9f%87%ba\/#primaryimage"},"image":{"@id":"https:\/\/research-says.com\/product\/%f0%9f%87%b7%f0%9f%87%b4-advanced-romanian-language-course-for-exams%f0%9f%87%aa%f0%9f%87%ba\/#primaryimage"},"thumbnailUrl":"https:\/\/research-says.com\/wp-content\/uploads\/2026\/02\/Students-at-university.png","datePublished":"2026-02-21T05:07:37+00:00","dateModified":"2026-03-23T19:07:44+00:00","description":"Structured Romanian course with academic academic vocabulary necessary for high-level proficiency exams. Research-based approach to learning.","breadcrumb":{"@id":"https:\/\/research-says.com\/product\/%f0%9f%87%b7%f0%9f%87%b4-advanced-romanian-language-course-for-exams%f0%9f%87%aa%f0%9f%87%ba\/#breadcrumb"},"inLanguage":"tr","potentialAction":[{"@type":"ReadAction","target":["https:\/\/research-says.com\/product\/%f0%9f%87%b7%f0%9f%87%b4-advanced-romanian-language-course-for-exams%f0%9f%87%aa%f0%9f%87%ba\/"]}]},{"@type":"ImageObject","inLanguage":"tr","@id":"https:\/\/research-says.com\/product\/%f0%9f%87%b7%f0%9f%87%b4-advanced-romanian-language-course-for-exams%f0%9f%87%aa%f0%9f%87%ba\/#primaryimage","url":"https:\/\/research-says.com\/wp-content\/uploads\/2026\/02\/Students-at-university.png","contentUrl":"https:\/\/research-says.com\/wp-content\/uploads\/2026\/02\/Students-at-university.png","width":1024,"height":1024},{"@type":"BreadcrumbList","@id":"https:\/\/research-says.com\/product\/%f0%9f%87%b7%f0%9f%87%b4-advanced-romanian-language-course-for-exams%f0%9f%87%aa%f0%9f%87%ba\/#breadcrumb","itemListElement":[{"@type":"ListItem","position":1,"name":"Home","item":"https:\/\/research-says.com\/"},{"@type":"ListItem","position":2,"name":"\ud83c\uddf7\ud83c\uddf4 Romanian for B1 Certification (A1\u2013B1: 3 levels) \ud83c\uddea\ud83c\uddfa"}]},{"@type":"WebSite","@id":"https:\/\/research-says.com\/#website","url":"https:\/\/research-says.com\/","name":"Dil E\u011fitimi ve Dan\u0131\u015fmanl\u0131k","description":"Daha Etkili Dil. Daha G\u00fc\u00e7l\u00fc \u0130leti\u015fim.","publisher":{"@id":"https:\/\/research-says.com\/#organization"},"potentialAction":[{"@type":"SearchAction","target":{"@type":"EntryPoint","urlTemplate":"https:\/\/research-says.com\/?s={search_term_string}"},"query-input":{"@type":"PropertyValueSpecification","valueRequired":true,"valueName":"search_term_string"}}],"inLanguage":"tr"},{"@type":"Organization","@id":"https:\/\/research-says.com\/#organization","name":"Compleat English","alternateName":"IELTS Writing","url":"https:\/\/research-says.com\/","logo":{"@type":"ImageObject","inLanguage":"tr","@id":"https:\/\/research-says.com\/#\/schema\/logo\/image\/","url":"https:\/\/research-says.com\/wp-content\/uploads\/2026\/03\/cropped-cropped-plain-logo-e1772516744844.png","contentUrl":"https:\/\/research-says.com\/wp-content\/uploads\/2026\/03\/cropped-cropped-plain-logo-e1772516744844.png","width":150,"height":163,"caption":"Compleat English"},"image":{"@id":"https:\/\/research-says.com\/#\/schema\/logo\/image\/"},"sameAs":["https:\/\/www.facebook.com\/reliableeducationservices\/notifications\/","https:\/\/x.com\/guveniliregitim","https:\/\/www.instagram.com\/guveniliregitimhizmetleri\/"]}]}},"_links":{"self":[{"href":"https:\/\/research-says.com\/tr\/wp-json\/wp\/v2\/product\/11714","targetHints":{"allow":["GET"]}}],"collection":[{"href":"https:\/\/research-says.com\/tr\/wp-json\/wp\/v2\/product"}],"about":[{"href":"https:\/\/research-says.com\/tr\/wp-json\/wp\/v2\/types\/product"}],"replies":[{"embeddable":true,"href":"https:\/\/research-says.com\/tr\/wp-json\/wp\/v2\/comments?post=11714"}],"wp:featuredmedia":[{"embeddable":true,"href":"https:\/\/research-says.com\/tr\/wp-json\/wp\/v2\/media\/11716"}],"wp:attachment":[{"href":"https:\/\/research-says.com\/tr\/wp-json\/wp\/v2\/media?parent=11714"}],"wp:term":[{"taxonomy":"product_brand","embeddable":true,"href":"https:\/\/research-says.com\/tr\/wp-json\/wp\/v2\/product_brand?post=11714"},{"taxonomy":"product_cat","embeddable":true,"href":"https:\/\/research-says.com\/tr\/wp-json\/wp\/v2\/product_cat?post=11714"},{"taxonomy":"product_tag","embeddable":true,"href":"https:\/\/research-says.com\/tr\/wp-json\/wp\/v2\/product_tag?post=11714"}],"curies":[{"name":"wp","href":"https:\/\/api.w.org\/{rel}","templated":true}]}}