{"id":12635,"date":"2026-03-04T12:45:01","date_gmt":"2026-03-04T09:45:01","guid":{"rendered":"https:\/\/research-says.com\/?post_type=product&#038;p=12635"},"modified":"2026-03-20T21:25:46","modified_gmt":"2026-03-20T18:25:46","slug":"%f0%9f%87%b7%f0%9f%87%b4-romanian-b1-certificate-exam-preparation-%f0%9f%87%aa%f0%9f%87%ba","status":"publish","type":"product","link":"https:\/\/research-says.com\/tr\/urun\/%f0%9f%87%b7%f0%9f%87%b4-romanian-b1-certificate-exam-preparation-%f0%9f%87%aa%f0%9f%87%ba\/","title":{"rendered":"\ud83c\uddf7\ud83c\uddf4 Romence B1 Sertifika S\u0131nav\u0131na Haz\u0131rl\u0131k \ud83c\uddea\ud83c\uddfa"},"content":{"rendered":"<p class=\"p1\"><b>Romanian Language Course (Exam Preparation)<\/b><b><\/b><\/p>\n<p class=\"p3\">Romence Dil Enstit\u00fcs\u00fc (Institutul Limbii Rom\u00e2ne \u2014ILR) taraf\u0131ndan d\u00fczenlenen resm\u00ee Romence B1 s\u0131nav\u0131n\u0131n dil gereklilikleriyle uyumlu bir haz\u0131rl\u0131k. <a href=\"https:\/\/www.ilr.ro\/category\/atestate\/sesiuni-de-atestare\/\"><span class=\"s1\">Institutul Limbii Rom\u00e2ne<\/span><\/a> (ILR).<\/p>\n<p class=\"p3\">Her seviyenin sonunda yeterlilik s\u0131navlar\u0131 uygulan\u0131r. Geli\u015fim \u00f6nerileri i\u00e7eren ki\u015fiselle\u015ftirilmi\u015f raporlar sunulur.<\/p>","protected":false},"excerpt":{"rendered":"<div class=\"course-details\">\n<p>S\u00fcre: 15 ders (2,5 hafta)<\/p>\n<p>Pazartesi, \u00c7ar\u015famba, Cuma: 10:00\u201311:40<\/p>\n<p>Pazartesi, \u00c7ar\u015famba, Cuma: 18:30\u201320:10<\/p>\n<p>E\u011fitim \u015fekli: Online (Microsoft Teams \u00fczerinden)<\/p>\n<p>Grup b\u00fcy\u00fckl\u00fc\u011f\u00fcne ba\u011fl\u0131 olarak y\u00fcz y\u00fcze ders imk\u00e2n\u0131 sunulmaktad\u0131r.<\/p>\n<\/div>","protected":false},"featured_media":11036,"comment_status":"closed","ping_status":"closed","template":"","meta":[],"product_brand":[],"product_cat":[97],"product_tag":[],"class_list":{"0":"post-12635","1":"product","2":"type-product","3":"status-publish","4":"has-post-thumbnail","6":"product_cat-romanian-course","8":"first","9":"instock","10":"shipping-taxable","11":"purchasable","12":"product-type-simple"},"yoast_head":"<!-- This site is optimized with the Yoast SEO plugin v27.3 - https:\/\/yoast.com\/product\/yoast-seo-wordpress\/ -->\n<title>\ud83c\uddf7\ud83c\uddf4 Romanian B1 Certification Exam Preparation \ud83c\uddea\ud83c\uddfa - Language Education &amp; Consultancy<\/title>\n<meta name=\"description\" content=\"Structured Romanian course with academic materials from Babe\u0219-Bolyai University. Flexible pacing, video lessons, and exam-aligned preparation.\" \/>\n<meta name=\"robots\" content=\"noindex, follow\" \/>\n<meta property=\"og:locale\" content=\"tr_TR\" \/>\n<meta property=\"og:type\" content=\"article\" \/>\n<meta property=\"og:title\" content=\"\ud83c\uddf7\ud83c\uddf4 Romanian B1 Certification Exam Preparation \ud83c\uddea\ud83c\uddfa - Language Education &amp; Consultancy\" \/>\n<meta property=\"og:description\" content=\"Structured Romanian course with academic materials from Babe\u0219-Bolyai University. Flexible pacing, video lessons, and exam-aligned preparation.\" \/>\n<meta property=\"og:url\" content=\"https:\/\/research-says.com\/tr\/urun\/\ud83c\uddf7\ud83c\uddf4-romanian-b1-certificate-exam-preparation-\ud83c\uddea\ud83c\uddfa\/\" \/>\n<meta property=\"og:site_name\" content=\"Language Education &amp; Consultancy\" \/>\n<meta property=\"article:publisher\" content=\"https:\/\/www.facebook.com\/reliableeducationservices\/notifications\/\" \/>\n<meta property=\"article:modified_time\" content=\"2026-03-20T18:25:46+00:00\" \/>\n<meta property=\"og:image\" content=\"https:\/\/research-says.com\/wp-content\/uploads\/2026\/01\/Teacher-image-1024x683.png\" \/>\n\t<meta property=\"og:image:width\" content=\"1024\" \/>\n\t<meta property=\"og:image:height\" content=\"683\" \/>\n\t<meta property=\"og:image:type\" content=\"image\/png\" \/>\n<meta name=\"twitter:card\" content=\"summary_large_image\" \/>\n<meta name=\"twitter:site\" content=\"@guveniliregitim\" \/>\n<meta name=\"twitter:label1\" content=\"Tahmini okuma s\u00fcresi\" \/>\n\t<meta name=\"twitter:data1\" content=\"1 dakika\" \/>\n<script type=\"application\/ld+json\" class=\"yoast-schema-graph\">{\"@context\":\"https:\\\/\\\/schema.org\",\"@graph\":[{\"@type\":\"WebPage\",\"@id\":\"https:\\\/\\\/research-says.com\\\/product\\\/%f0%9f%87%b7%f0%9f%87%b4-romanian-b1-certificate-exam-preparation-%f0%9f%87%aa%f0%9f%87%ba\\\/\",\"url\":\"https:\\\/\\\/research-says.com\\\/product\\\/%f0%9f%87%b7%f0%9f%87%b4-romanian-b1-certificate-exam-preparation-%f0%9f%87%aa%f0%9f%87%ba\\\/\",\"name\":\"\ud83c\uddf7\ud83c\uddf4 Romanian B1 Certification Exam Preparation \ud83c\uddea\ud83c\uddfa - Language Education &amp; Consultancy\",\"isPartOf\":{\"@id\":\"https:\\\/\\\/research-says.com\\\/#website\"},\"primaryImageOfPage\":{\"@id\":\"https:\\\/\\\/research-says.com\\\/product\\\/%f0%9f%87%b7%f0%9f%87%b4-romanian-b1-certificate-exam-preparation-%f0%9f%87%aa%f0%9f%87%ba\\\/#primaryimage\"},\"image\":{\"@id\":\"https:\\\/\\\/research-says.com\\\/product\\\/%f0%9f%87%b7%f0%9f%87%b4-romanian-b1-certificate-exam-preparation-%f0%9f%87%aa%f0%9f%87%ba\\\/#primaryimage\"},\"thumbnailUrl\":\"https:\\\/\\\/research-says.com\\\/wp-content\\\/uploads\\\/2026\\\/01\\\/Teacher-image.png\",\"datePublished\":\"2026-03-04T09:45:01+00:00\",\"dateModified\":\"2026-03-20T18:25:46+00:00\",\"description\":\"Structured Romanian course with academic materials from Babe\u0219-Bolyai University. Flexible pacing, video lessons, and exam-aligned preparation.\",\"breadcrumb\":{\"@id\":\"https:\\\/\\\/research-says.com\\\/product\\\/%f0%9f%87%b7%f0%9f%87%b4-romanian-b1-certificate-exam-preparation-%f0%9f%87%aa%f0%9f%87%ba\\\/#breadcrumb\"},\"inLanguage\":\"tr\",\"potentialAction\":[{\"@type\":\"ReadAction\",\"target\":[\"https:\\\/\\\/research-says.com\\\/product\\\/%f0%9f%87%b7%f0%9f%87%b4-romanian-b1-certificate-exam-preparation-%f0%9f%87%aa%f0%9f%87%ba\\\/\"]}]},{\"@type\":\"ImageObject\",\"inLanguage\":\"tr\",\"@id\":\"https:\\\/\\\/research-says.com\\\/product\\\/%f0%9f%87%b7%f0%9f%87%b4-romanian-b1-certificate-exam-preparation-%f0%9f%87%aa%f0%9f%87%ba\\\/#primaryimage\",\"url\":\"https:\\\/\\\/research-says.com\\\/wp-content\\\/uploads\\\/2026\\\/01\\\/Teacher-image.png\",\"contentUrl\":\"https:\\\/\\\/research-says.com\\\/wp-content\\\/uploads\\\/2026\\\/01\\\/Teacher-image.png\",\"width\":1536,\"height\":1024},{\"@type\":\"BreadcrumbList\",\"@id\":\"https:\\\/\\\/research-says.com\\\/product\\\/%f0%9f%87%b7%f0%9f%87%b4-romanian-b1-certificate-exam-preparation-%f0%9f%87%aa%f0%9f%87%ba\\\/#breadcrumb\",\"itemListElement\":[{\"@type\":\"ListItem\",\"position\":1,\"name\":\"Home\",\"item\":\"https:\\\/\\\/research-says.com\\\/\"},{\"@type\":\"ListItem\",\"position\":2,\"name\":\"\ud83c\uddf7\ud83c\uddf4 Romanian B1 Certification Exam Preparation \ud83c\uddea\ud83c\uddfa\"}]},{\"@type\":\"WebSite\",\"@id\":\"https:\\\/\\\/research-says.com\\\/#website\",\"url\":\"https:\\\/\\\/research-says.com\\\/\",\"name\":\"Language Education &amp; Consultancy\",\"description\":\"Sharper Language. Stronger Communication.\",\"publisher\":{\"@id\":\"https:\\\/\\\/research-says.com\\\/#organization\"},\"potentialAction\":[{\"@type\":\"SearchAction\",\"target\":{\"@type\":\"EntryPoint\",\"urlTemplate\":\"https:\\\/\\\/research-says.com\\\/?s={search_term_string}\"},\"query-input\":{\"@type\":\"PropertyValueSpecification\",\"valueRequired\":true,\"valueName\":\"search_term_string\"}}],\"inLanguage\":\"tr\"},{\"@type\":\"Organization\",\"@id\":\"https:\\\/\\\/research-says.com\\\/#organization\",\"name\":\"Compleat English\",\"alternateName\":\"IELTS Writing\",\"url\":\"https:\\\/\\\/research-says.com\\\/\",\"logo\":{\"@type\":\"ImageObject\",\"inLanguage\":\"tr\",\"@id\":\"https:\\\/\\\/research-says.com\\\/#\\\/schema\\\/logo\\\/image\\\/\",\"url\":\"https:\\\/\\\/research-says.com\\\/wp-content\\\/uploads\\\/2026\\\/03\\\/cropped-cropped-plain-logo-e1772516744844.png\",\"contentUrl\":\"https:\\\/\\\/research-says.com\\\/wp-content\\\/uploads\\\/2026\\\/03\\\/cropped-cropped-plain-logo-e1772516744844.png\",\"width\":150,\"height\":163,\"caption\":\"Compleat English\"},\"image\":{\"@id\":\"https:\\\/\\\/research-says.com\\\/#\\\/schema\\\/logo\\\/image\\\/\"},\"sameAs\":[\"https:\\\/\\\/www.facebook.com\\\/reliableeducationservices\\\/notifications\\\/\",\"https:\\\/\\\/x.com\\\/guveniliregitim\",\"https:\\\/\\\/www.instagram.com\\\/guveniliregitimhizmetleri\\\/\"]}]}<\/script>\n<!-- \/ Yoast SEO plugin. -->","yoast_head_json":{"title":"\ud83c\uddf7\ud83c\uddf4 Romanian B1 Certification Exam Preparation \ud83c\uddea\ud83c\uddfa - Language Education &amp; Consultancy","description":"Structured Romanian course with academic materials from Babe\u0219-Bolyai University. Flexible pacing, video lessons, and exam-aligned preparation.","robots":{"index":"noindex","follow":"follow"},"og_locale":"tr_TR","og_type":"article","og_title":"\ud83c\uddf7\ud83c\uddf4 Romanian B1 Certification Exam Preparation \ud83c\uddea\ud83c\uddfa - Language Education &amp; Consultancy","og_description":"Structured Romanian course with academic materials from Babe\u0219-Bolyai University. Flexible pacing, video lessons, and exam-aligned preparation.","og_url":"https:\/\/research-says.com\/tr\/urun\/\ud83c\uddf7\ud83c\uddf4-romanian-b1-certificate-exam-preparation-\ud83c\uddea\ud83c\uddfa\/","og_site_name":"Language Education &amp; Consultancy","article_publisher":"https:\/\/www.facebook.com\/reliableeducationservices\/notifications\/","article_modified_time":"2026-03-20T18:25:46+00:00","og_image":[{"width":1024,"height":683,"url":"https:\/\/research-says.com\/wp-content\/uploads\/2026\/01\/Teacher-image-1024x683.png","type":"image\/png"}],"twitter_card":"summary_large_image","twitter_site":"@guveniliregitim","twitter_misc":{"Tahmini okuma s\u00fcresi":"1 dakika"},"schema":{"@context":"https:\/\/schema.org","@graph":[{"@type":"WebPage","@id":"https:\/\/research-says.com\/product\/%f0%9f%87%b7%f0%9f%87%b4-romanian-b1-certificate-exam-preparation-%f0%9f%87%aa%f0%9f%87%ba\/","url":"https:\/\/research-says.com\/product\/%f0%9f%87%b7%f0%9f%87%b4-romanian-b1-certificate-exam-preparation-%f0%9f%87%aa%f0%9f%87%ba\/","name":"\ud83c\uddf7\ud83c\uddf4 Romanian B1 Certification Exam Preparation \ud83c\uddea\ud83c\uddfa - Language Education &amp; Consultancy","isPartOf":{"@id":"https:\/\/research-says.com\/#website"},"primaryImageOfPage":{"@id":"https:\/\/research-says.com\/product\/%f0%9f%87%b7%f0%9f%87%b4-romanian-b1-certificate-exam-preparation-%f0%9f%87%aa%f0%9f%87%ba\/#primaryimage"},"image":{"@id":"https:\/\/research-says.com\/product\/%f0%9f%87%b7%f0%9f%87%b4-romanian-b1-certificate-exam-preparation-%f0%9f%87%aa%f0%9f%87%ba\/#primaryimage"},"thumbnailUrl":"https:\/\/research-says.com\/wp-content\/uploads\/2026\/01\/Teacher-image.png","datePublished":"2026-03-04T09:45:01+00:00","dateModified":"2026-03-20T18:25:46+00:00","description":"Structured Romanian course with academic materials from Babe\u0219-Bolyai University. Flexible pacing, video lessons, and exam-aligned preparation.","breadcrumb":{"@id":"https:\/\/research-says.com\/product\/%f0%9f%87%b7%f0%9f%87%b4-romanian-b1-certificate-exam-preparation-%f0%9f%87%aa%f0%9f%87%ba\/#breadcrumb"},"inLanguage":"tr","potentialAction":[{"@type":"ReadAction","target":["https:\/\/research-says.com\/product\/%f0%9f%87%b7%f0%9f%87%b4-romanian-b1-certificate-exam-preparation-%f0%9f%87%aa%f0%9f%87%ba\/"]}]},{"@type":"ImageObject","inLanguage":"tr","@id":"https:\/\/research-says.com\/product\/%f0%9f%87%b7%f0%9f%87%b4-romanian-b1-certificate-exam-preparation-%f0%9f%87%aa%f0%9f%87%ba\/#primaryimage","url":"https:\/\/research-says.com\/wp-content\/uploads\/2026\/01\/Teacher-image.png","contentUrl":"https:\/\/research-says.com\/wp-content\/uploads\/2026\/01\/Teacher-image.png","width":1536,"height":1024},{"@type":"BreadcrumbList","@id":"https:\/\/research-says.com\/product\/%f0%9f%87%b7%f0%9f%87%b4-romanian-b1-certificate-exam-preparation-%f0%9f%87%aa%f0%9f%87%ba\/#breadcrumb","itemListElement":[{"@type":"ListItem","position":1,"name":"Home","item":"https:\/\/research-says.com\/"},{"@type":"ListItem","position":2,"name":"\ud83c\uddf7\ud83c\uddf4 Romanian B1 Certification Exam Preparation \ud83c\uddea\ud83c\uddfa"}]},{"@type":"WebSite","@id":"https:\/\/research-says.com\/#website","url":"https:\/\/research-says.com\/","name":"Dil E\u011fitimi ve Dan\u0131\u015fmanl\u0131k","description":"Daha Etkili Dil. Daha G\u00fc\u00e7l\u00fc \u0130leti\u015fim.","publisher":{"@id":"https:\/\/research-says.com\/#organization"},"potentialAction":[{"@type":"SearchAction","target":{"@type":"EntryPoint","urlTemplate":"https:\/\/research-says.com\/?s={search_term_string}"},"query-input":{"@type":"PropertyValueSpecification","valueRequired":true,"valueName":"search_term_string"}}],"inLanguage":"tr"},{"@type":"Organization","@id":"https:\/\/research-says.com\/#organization","name":"Compleat English","alternateName":"IELTS Writing","url":"https:\/\/research-says.com\/","logo":{"@type":"ImageObject","inLanguage":"tr","@id":"https:\/\/research-says.com\/#\/schema\/logo\/image\/","url":"https:\/\/research-says.com\/wp-content\/uploads\/2026\/03\/cropped-cropped-plain-logo-e1772516744844.png","contentUrl":"https:\/\/research-says.com\/wp-content\/uploads\/2026\/03\/cropped-cropped-plain-logo-e1772516744844.png","width":150,"height":163,"caption":"Compleat English"},"image":{"@id":"https:\/\/research-says.com\/#\/schema\/logo\/image\/"},"sameAs":["https:\/\/www.facebook.com\/reliableeducationservices\/notifications\/","https:\/\/x.com\/guveniliregitim","https:\/\/www.instagram.com\/guveniliregitimhizmetleri\/"]}]}},"_links":{"self":[{"href":"https:\/\/research-says.com\/tr\/wp-json\/wp\/v2\/product\/12635","targetHints":{"allow":["GET"]}}],"collection":[{"href":"https:\/\/research-says.com\/tr\/wp-json\/wp\/v2\/product"}],"about":[{"href":"https:\/\/research-says.com\/tr\/wp-json\/wp\/v2\/types\/product"}],"replies":[{"embeddable":true,"href":"https:\/\/research-says.com\/tr\/wp-json\/wp\/v2\/comments?post=12635"}],"wp:featuredmedia":[{"embeddable":true,"href":"https:\/\/research-says.com\/tr\/wp-json\/wp\/v2\/media\/11036"}],"wp:attachment":[{"href":"https:\/\/research-says.com\/tr\/wp-json\/wp\/v2\/media?parent=12635"}],"wp:term":[{"taxonomy":"product_brand","embeddable":true,"href":"https:\/\/research-says.com\/tr\/wp-json\/wp\/v2\/product_brand?post=12635"},{"taxonomy":"product_cat","embeddable":true,"href":"https:\/\/research-says.com\/tr\/wp-json\/wp\/v2\/product_cat?post=12635"},{"taxonomy":"product_tag","embeddable":true,"href":"https:\/\/research-says.com\/tr\/wp-json\/wp\/v2\/product_tag?post=12635"}],"curies":[{"name":"wp","href":"https:\/\/api.w.org\/{rel}","templated":true}]}}